{"id":9379,"date":"2019-03-04T15:17:37","date_gmt":"2019-03-04T20:17:37","guid":{"rendered":"http:\/\/egyptianwisdomcenter.org\/pferd\/"},"modified":"2023-01-08T06:55:00","modified_gmt":"2023-01-08T11:55:00","slug":"pferd","status":"publish","type":"page","link":"https:\/\/egyptianwisdomcenter.org\/ro\/pferd\/","title":{"rendered":"Pferd"},"content":{"rendered":"<h2 style=\"text-align: center;\"><span style=\"color: #ff0000;\"><strong>Pferd<\/strong><\/span><\/h2>\n<p>&nbsp;<\/p>\n<p>Verschiedene Attribute sind alle mit dem Pferd verbunden. Das spezifische Attribut wird im Kontext bestimmt.<\/p>\n<p>1. Das Pferd symbolisiert Kraft und Vertrauen, gem\u00e4\u00df Clement Stromata <em>Buch V, Kapitel VII<\/em>:<\/p>\n<p style=\"padding-left: 30px;\"><strong><em>&#8220;Das Pferd symbolisiert Kraft und Vertrauen&#8221;<\/em><\/strong><\/p>\n<p>2. Das Pferd ist das hieroglyphische Symbol f\u00fcr &#8220;nobel&#8221;.<\/p>\n<p>Das Pferd stellt die treibende Kraft dar, die, wenn es richtig gerichtet ist, zur Nobilit\u00e4t f\u00fchrt.<\/p>\n<p><a href=\"https:\/\/egyptianwisdomcenter.org\/wp-content\/uploads\/2019\/02\/ed-ch9-photo17-96c.jpg\"><img fetchpriority=\"high\" decoding=\"async\" class=\"size-full wp-image-912 aligncenter\" src=\"https:\/\/egyptianwisdomcenter.org\/wp-content\/uploads\/2019\/02\/ed-ch9-photo17-96c.jpg\" alt=\"\" width=\"269\" height=\"248\" \/><\/a><\/p>\n<p>3. Au\u00dfergew\u00f6hnliche Menschen werden vom Monarchen zum Ritter geschlagen.<\/p>\n<p>Dieses \u00e4gyptische Konzept des Adels findet sich in den gegenw\u00e4rtigen Traditionen, wenn diese Person aufgrund der au\u00dferordentlichen Leistungen einer Person von keiner anderen Person als dem Monarchen zum Ritter geschlagen wird.<\/p>\n<p>Es ist kein Zufall, dass das englische Wort &#8220;Pferd&#8221; im Grunde dasselbe ist wie die \u00e4gyptische Gottheit Horus.<\/p>\n<p>Horus bedeutet<em> &#8220;er, wer OBEN ist&#8221;.<\/em><\/p>\n<p>4. Das Pferd ist auch ein sehr sch\u00f6nes und anmutiges Tier.<\/p>\n<p>Das \u00e4gyptische Wort MaHR bedeutet sowohl Pony als auch Mitgift \u2014 weil ein M\u00e4dchen edel ist <em>.<\/em><\/p>\n<p>5. Abgebildete zerst\u00f6rende Kr\u00e4fte des Chaos.<\/p>\n<p>Der g\u00f6ttliche Mann wird auf \u00e4gyptischen Tempeln als Angreifer und Besieger chaotischer Kr\u00e4fte dargestellt, symbolisiert als Fremde und wilde Tiere.<\/p>\n<p>Diese Darstellungen sind symbolische Darstellungen des inneren Kampfes zwischen den Kr\u00e4ften des Guten und des B\u00f6sen.<\/p>\n<p><a href=\"http:\/\/egyptianwisdomcenter.org\/wp-content\/uploads\/2019\/02\/ed-ch9-photo9-96c-300x195.jpg\"><img decoding=\"async\" class=\"size-medium wp-image-905 aligncenter\" src=\"http:\/\/egyptianwisdomcenter.org\/wp-content\/uploads\/2019\/02\/ed-ch9-photo9-96c-300x195.jpg\" alt=\"\" width=\"300\" height=\"195\" \/><\/a><\/p>\n<p>Im weltlichen Sinne benutzen berittene Polizisten \u00fcberall Pferde, um Menschenmengen zu f\u00fchren und zu kontrollieren. Pferdest\u00e4rkungen werden auch von der Polizei genutzt, um ungeordnete Menschenmengen zu zerstreuern.<\/p>\n<p>Wir verwenden den Begriff &#8220;Pferdest\u00e4rken&#8221; als Ma\u00df f\u00fcr Energie.<\/p>\n<p>6. In \u00e4gyptischen Traditionen <strong>wird die menschliche Zunge mit einem Pferd gleichgestellt<\/strong>. Die Zunge ist der st\u00e4rkste Muskel im menschlichen K\u00f6rper. Die treibende Kraft des Pferdes oder der Zunge kontrolliert sein Schicksal.<\/p>\n<p>Die Symbolik des Pferdes als treibende Kraft ist in der Tat sehr kraftvoll.<\/p>\n<p><a href=\"https:\/\/egyptianwisdomcenter.org\/wp-content\/uploads\/2019\/02\/ed-ch9-photo18-96c.jpg\"><img decoding=\"async\" class=\"size-full wp-image-913 aligncenter\" src=\"https:\/\/egyptianwisdomcenter.org\/wp-content\/uploads\/2019\/02\/ed-ch9-photo18-96c.jpg\" alt=\"\" width=\"269\" height=\"211\" \/><\/a><\/p>\n<p>7. Die Menschen und Pferde sind so nah, dass die alten \u00c4gypter vor langer Zeit Pferdehaare sowohl f\u00fcr die Saiten als auch f\u00fcr die B\u00f6gen der Instrumente ihrer Violinfamilie verwendeten. Der Klang dieses Instruments ist so nah wie es nur geht an die menschliche Stimme.<\/p>\n<p>&nbsp;<\/p>\n<p><span style=\"color: #ff0000;\"><strong>[Ein \u00fcbersetzter Auszug aus dem Buch &#8220;Egyptian Divinities : The All Who Are The ONE&#8221;, 2. Ausgabe von Moustafa Gadalla]<\/strong><\/span><\/p>\n<div>\n<div>\n<div>\n<p><span style=\"color: #ff0000;\"><strong><a href=\"https:\/\/egyptianwisdomcenter.org\/ro\/produs\/egyptian-divinities-the-all-who-are-the-one-2nd-edition\/\"><span style=\"color: #0000ff;\">https:\/\/egyptianwisdomcenter.org\/product\/egyptian-divinities-the-all-who-are-the-one-2nd-edition\/<\/span><\/a><\/strong><\/span><\/p>\n<p><img decoding=\"async\" class=\"aligncenter\" src=\"https:\/\/books2read-prod.s3.amazonaws.com\/CACHE\/images\/ubl_book_images\/book_display_image_qOuT56H\/40d95446cc17340ec7b02939eaa44c10\" \/><\/p>\n<p style=\"text-align: center;\"><a href=\"https:\/\/egyptianwisdomcenter.org\/ro\/produs\/egyptian-divinities-the-all-who-are-the-one-2nd-edition\/\"><strong><span style=\"color: #ff0000;\"><span style=\"color: #0000ff;\">https:\/\/egyptianwisdomcenter.org\/product\/egyptian-divinities-the-all-who-are-the-one-2nd-edition\/<\/span><\/span><\/strong><\/a><\/p>\n<\/div>\n<\/div>\n<\/div>\n<p>&nbsp;<\/p>\n<p>&nbsp;<\/p>","protected":false},"excerpt":{"rendered":"<p>Pferd &nbsp; Verschiedene Attribute sind alle mit dem Pferd verbunden. Das spezifische Attribut wird im Kontext bestimmt. 1. Das Pferd symbolisiert Kraft [&hellip;]<\/p>","protected":false},"author":3,"featured_media":0,"parent":0,"menu_order":0,"comment_status":"closed","ping_status":"closed","template":"","meta":{"footnotes":""},"class_list":["post-9379","page","type-page","status-publish","hentry"],"aioseo_notices":[],"_links":{"self":[{"href":"https:\/\/egyptianwisdomcenter.org\/ro\/wp-json\/wp\/v2\/pages\/9379","targetHints":{"allow":["GET"]}}],"collection":[{"href":"https:\/\/egyptianwisdomcenter.org\/ro\/wp-json\/wp\/v2\/pages"}],"about":[{"href":"https:\/\/egyptianwisdomcenter.org\/ro\/wp-json\/wp\/v2\/types\/page"}],"author":[{"embeddable":true,"href":"https:\/\/egyptianwisdomcenter.org\/ro\/wp-json\/wp\/v2\/users\/3"}],"replies":[{"embeddable":true,"href":"https:\/\/egyptianwisdomcenter.org\/ro\/wp-json\/wp\/v2\/comments?post=9379"}],"version-history":[{"count":0,"href":"https:\/\/egyptianwisdomcenter.org\/ro\/wp-json\/wp\/v2\/pages\/9379\/revisions"}],"wp:attachment":[{"href":"https:\/\/egyptianwisdomcenter.org\/ro\/wp-json\/wp\/v2\/media?parent=9379"}],"curies":[{"name":"wp","href":"https:\/\/api.w.org\/{rel}","templated":true}]}}