{"id":61726,"date":"2023-01-05T15:41:55","date_gmt":"2023-01-05T20:41:55","guid":{"rendered":"https:\/\/egyptianwisdomcenter.org\/?post_type=product&#038;p=61726"},"modified":"2024-06-01T04:56:12","modified_gmt":"2024-06-01T08:56:12","slug":"le-langage-metaphysique-des-hieroglyphes-egyptiens","status":"publish","type":"product","link":"https:\/\/egyptianwisdomcenter.org\/ro\/produs\/le-langage-metaphysique-des-hieroglyphes-egyptiens\/","title":{"rendered":"Le Langage M\u00e9taphysique Des Hi\u00e9roglyphes \u00c9gyptiens"},"content":{"rendered":"<p><strong>R\u00e9sum\u00e9 Complet<\/strong><\/p>\n<p>Ce livre traduit en fran\u00e7ais couvre le sujet du langage m\u00e9taphysique des repr\u00e9sentations\/images des hi\u00e9roglyphes \u00e9gyptiens- le langage de l\u2019esprit\/de l\u2019intellect\/du divin, les r\u00e9alit\u00e9s scientifiques\/m\u00e9taphysiques des images pictographiques (hi\u00e9roglyphes) comme le moyen ultime pour la conscience humaine qui interpr\u00e8te, traite et garde les significations de telles images, comment chaque image hi\u00e9roglyphique a des significations d\u2019imitation et symbolique (sens figuratif et all\u00e9gorique), l\u2019accord avec la science moderne de plusieurs niveaux de sens pour chaque image, la fa\u00e7on dont les images hi\u00e9roglyphiques \u00e9gyptiennes repr\u00e9sentent des concepts m\u00e9taphysiques, l\u2019importance au niveau m\u00e9taphysique d\u2019un \u00e9chantillon d\u2019environ 80 images hi\u00e9roglyphiques \u00e9gyptiennes.<br \/>\nCe livre comprend 8 chapitres.<\/p>\n<p>Le chapitre 1: La duperie historique sur la linguistique de l\u2019ancienne \u00c9gypte entend mettre fin \u00e0 la confusion qui d\u00e9forme les hi\u00e9roglyphes \u00e9gyptiens en les pr\u00e9sentant comme une forme primitive d\u2019\u00e9criture compos\u00e9e de valeurs de sons individuels. Les hi\u00e9roglyphes \u00e9gyptiens sont des id\u00e9ogrammes qui n\u2019ont rien \u00e0 voir avec le syst\u00e8me alphab\u00e9tique \u00e9gyptien.<\/p>\n<p>Le chapitre 2: Les r\u00e9alit\u00e9s scientifiques\/m\u00e9taphysiques des images illustr\u00e9es (hi\u00e9roglyphes) explique comment les \u00eatres humains traitent les informations re\u00e7ues par les cinq sens et transmises au cerveau via des images repr\u00e9sent\u00e9es\u2009; comment chaque image hi\u00e9roglyphique poss\u00e8de un sens imitatif et symbolique (figuratif et all\u00e9gorique)\u2009; il aborde \u00e9galement la concurrence dans la science moderne de cette multitude de sens pour chaque image et d\u00e9montre qu\u2019une s\u00e9rie d\u2019images est trait\u00e9e de la m\u00eame mani\u00e8re par la conscience qu\u2019un r\u00eave.<\/p>\n<p>Le chapitre 3: La repr\u00e9sentation des pens\u00e9es avec les images hi\u00e9roglyphiques \u00e9gyptiennes explique comment les images hi\u00e9roglyphiques \u00e9gyptiennes repr\u00e9sentent des concepts m\u00e9taphysiques\u2009; il traite \u00e9galement des relations entre leurs fonctions et leurs formes g\u00e9om\u00e9triques et fournit un aper\u00e7u de la formation \u00e9gyptienne de ces id\u00e9ogrammes.<\/p>\n<p>Le chapitre 4: Les images hi\u00e9roglyphiques d\u2019animaux explique le sens m\u00e9taphysique de ces images et souligne l\u2019importance d\u2019une trentaine d\u2019images hi\u00e9roglyphiques \u00e9gyptiennes.<\/p>\n<p>Le chapitre 5: Les images hi\u00e9roglyphiques d\u2019humains et d\u2019humains \u00e0 t\u00eate d\u2019animal explique le sens m\u00e9taphysique de ces images et souligne la port\u00e9e d\u2019une dizaine d\u2019images hi\u00e9roglyphiques \u00e9gyptiennes.<\/p>\n<p>Le chapitre 6: Les images hi\u00e9roglyphiques des parties du corps explique le sens m\u00e9taphysique de ces images et souligne la port\u00e9e d\u2019une dizaine d\u2019images hi\u00e9roglyphiques \u00e9gyptiennes.<\/p>\n<p>Le chapitre 7: Les images hi\u00e9roglyphiques de la nature et de figures g\u00e9om\u00e9triques explique le sens m\u00e9taphysique de ces images et souligne la port\u00e9e d\u2019une dizaine d\u2019images hi\u00e9roglyphiques \u00e9gyptiennes.<\/p>\n<p>Le chapitre 8: Images hi\u00e9roglyphiques d\u2019objets faits par l\u2019homme explique le sens m\u00e9taphysique de ces images et souligne la port\u00e9e d\u2019une vingtaine d\u2019images hi\u00e9roglyphiques \u00e9gyptiennes.<\/p>","protected":false},"excerpt":{"rendered":"<p>par <a class=\"contributor-name\" translate=\"no\" href=\"https:\/\/egyptianwisdomcenter.org\/fr\/a-propos\/\" data-force-track=\"\" data-track-info=\"{&quot;description&quot;:&quot;authorSearch&quot;,&quot;author&quot;:&quot;Moustafa Gadalla&quot;}\">Moustafa Gadalla<\/a><\/p>\n<hr \/>\n<p><strong>R\u00e9sum\u00e9<\/strong><\/p>\n<p>R\u00e9alit\u00e9s scientifiques\/m\u00e9taphysiques des images illustr\u00e9es (Hi\u00e9roglyphes) comme moyens ultimes pour la conscience humaine qui interpr\u00e8tent, traitent et conservent les significations de ces images.<\/p>\n<p>&nbsp;<\/p>\n<hr \/>\n<p><center><br \/>\n<a class=\"button minimal\" href=\"https:\/\/books2read.com\/u\/bwV7Jy\" target=\"_blank\" rel=\"noopener\">VOIR LES OPTIONS D\u2019ACHAT<\/a><\/center><\/p>\n<div id='wpsr-reviews-slider-68966' class='wpsr-reviews-68966  wpsr-reviews-wrapper wpsr-feed-wrap wpsr_content  wpsr-reviews-slider-wrapper   wpsr-reviews-template-grid2 wpsr-reviews-layout-slider wpsr-header-enable' data-column='4' data-platforms='amazon' data-slider_settings='{&quot;autoplay&quot;:&quot;false&quot;,&quot;autoplay_speed&quot;:3000,&quot;slides_to_show&quot;:3,&quot;spaceBetween&quot;:20,&quot;responsive_slides_to_show&quot;:{&quot;desktop&quot;:2,&quot;tablet&quot;:2,&quot;mobile&quot;:1},&quot;slides_to_scroll&quot;:3,&quot;responsive_slides_to_scroll&quot;:{&quot;desktop&quot;:5,&quot;tablet&quot;:2,&quot;mobile&quot;:1},&quot;navigation&quot;:&quot;dot&quot;}'>\n<div class=\"wpsr-container wpsr-fixed-height\" style=\"\" >\n<div class=\"wpsr-business-info-wrapper\">\n<div class=\"wpsr-row\">\n<div class=\"wpsr-business-info  amazon\">\n<div class=\"wpsr-business-info-left\">\n<div class=\"wpsr-business-info-paltforms\"><img decoding=\"async\" src=\"https:\/\/egyptianwisdomcenter.org\/wp-content\/plugins\/wp-social-reviews\/assets\/images\/icon\/icon-amazon.png\" alt=\"amazon\"><\/div>\n<div class=\"wpsr-rating-and-count\"><span class=\"wpsr-total-rating\">4.2<\/span><span class=\"wpsr-rating\"><\/p>\n<div class=\"wpsr-star-container wpsr-star-background-filled\" style=\"--wpsr-review-star-fill: 100%;\">\n<div class=\"wpsr-star-empty\"><\/div>\n<div class=\"wpsr-star-filled\"><\/div>\n<\/p><\/div>\n<div class=\"wpsr-star-container wpsr-star-background-filled\" style=\"--wpsr-review-star-fill: 100%;\">\n<div class=\"wpsr-star-empty\"><\/div>\n<div class=\"wpsr-star-filled\"><\/div>\n<\/p><\/div>\n<div class=\"wpsr-star-container wpsr-star-background-filled\" style=\"--wpsr-review-star-fill: 100%;\">\n<div class=\"wpsr-star-empty\"><\/div>\n<div class=\"wpsr-star-filled\"><\/div>\n<\/p><\/div>\n<div class=\"wpsr-star-container wpsr-star-background-filled\" style=\"--wpsr-review-star-fill: 100%;\">\n<div class=\"wpsr-star-empty\"><\/div>\n<div class=\"wpsr-star-filled\"><\/div>\n<\/p><\/div>\n<div class=\"wpsr-star-container wpsr-star-background-filled\" style=\"--wpsr-review-star-fill: 20%;\">\n<div class=\"wpsr-star-empty\"><\/div>\n<div class=\"wpsr-star-filled\"><\/div>\n<\/p><\/div>\n<p><\/span><\/p>\n<div class=\"wpsr-total-reviews\">Based on <span>20<\/span> Reviews<\/div>\n<\/div>\n<\/div>\n<div class=\"wpsr-business-info-right\">\n<div class=\"wpsr-write-review-modal-wrapper\"><\/div>\n<\/div>\n<\/div>\n<\/div>\n<\/div>\n<div class=\"wpsr-row\" style=\"\">\n<div class=\"wpsr-reviews-slider-wrapper-inner\">\n<div class=\"wpsr-reviews-slider swiper-container wpsr-ai-summary-enabled-slider\" tabindex=\"0\">\n<div class=\"swiper-wrapper\">\n<div class=\"swiper-slide\" role=\"group\">\n<div class=\"wpsr-review-template wpsr-review-template-two wpsr-review-template-amazon\"\n                 style=\"\"\n                 data-index=\"0\"\n                 data-source_id=\"B07DQWH8FQ\"\n                 data-media_id=\"\"\n                 data-review_platform=\"amazon\"\n                 data-product_thumbnail=\"\"\n                 data-product_name=\"\"\n                 data-image_resize=\"full\"\n            ><\/p>\n<div class=\"wpsr-review-platform\">\n                <img decoding=\"async\" class=\"wpsr-review-platform-icon\" width=\"20\" height=\"20\" src=\"https:\/\/egyptianwisdomcenter.org\/wp-content\/plugins\/wp-social-reviews\/assets\/images\/icon\/icon-amazon-small.png\" alt=\"amazon\">\n    <\/div>\n<div class=\"wpsr-reviewer-image\">\n    <a class=\"wpsr-reviewer-image-url\" target=\"_blank\" rel=\"noopener noreferrer nofollow\" href=\"https:\/\/www.amazon.fr\/Langage-M%C3%A9taphysique-Hi%C3%A9roglyphes-%C3%89gyptiens-ebook\/dp\/B07DQWH8FQ\"><br \/>\n                                    <img decoding=\"async\" class=\"wpsr-reviewer-avatar\" src=\"https:\/\/images-eu.ssl-images-amazon.com\/images\/S\/amazon-avatars-global\/23da0ace-173e-48b0-89b8-f0c259356b7d._CR109,0,281,281_SX48_.jpg\" alt=\"Adragantus\"\/><br \/>\n                        <\/a>\n<\/div>\n<div class=\"wpsr-review-info\">\n                        <a class=\"wpsr-reviewer-name-url\" target=\"_blank\" rel=\"noopener noreferrer nofollow\" href=\"https:\/\/www.amazon.fr\/Langage-M%C3%A9taphysique-Hi%C3%A9roglyphes-%C3%89gyptiens-ebook\/dp\/B07DQWH8FQ\"><br \/>\n    <span class=\"wpsr-reviewer-name\">Adragantus<\/span><br \/>\n    <\/a><\/p>\n<div data-rating=\"4\" class=\"wpsr-rating-wrapper wpsr-rating\">\n<div class=\"wpsr-star-container wpsr-star-background-filled\" style=\"--wpsr-review-star-fill: 100%;\">\n<div class=\"wpsr-star-empty\"><\/div>\n<div class=\"wpsr-star-filled\"><\/div>\n<\/p><\/div>\n<div class=\"wpsr-star-container wpsr-star-background-filled\" style=\"--wpsr-review-star-fill: 100%;\">\n<div class=\"wpsr-star-empty\"><\/div>\n<div class=\"wpsr-star-filled\"><\/div>\n<\/p><\/div>\n<div class=\"wpsr-star-container wpsr-star-background-filled\" style=\"--wpsr-review-star-fill: 100%;\">\n<div class=\"wpsr-star-empty\"><\/div>\n<div class=\"wpsr-star-filled\"><\/div>\n<\/p><\/div>\n<div class=\"wpsr-star-container wpsr-star-background-filled\" style=\"--wpsr-review-star-fill: 100%;\">\n<div class=\"wpsr-star-empty\"><\/div>\n<div class=\"wpsr-star-filled\"><\/div>\n<\/p><\/div>\n<div class=\"wpsr-star-container wpsr-star-background-empty\" style=\"--wpsr-review-star-fill: 0%;\">\n<div class=\"wpsr-star-empty\"><\/div>\n<div class=\"wpsr-star-filled\"><\/div>\n<\/p><\/div>\n<\/p><\/div>\n<p><span data-time=\"6 ani ago\" class=\"wpsr-review-date\"><br \/>\n     iulie 17, 2020<\/span>                        <\/p><\/div>\n<div class=\"wpsr-reviews-content-footer\">\n<h3 class=\"wpsr-review-title\">\n    4,0 sur 5\u00a0\u00e9toiles                    Bien mais sans illustrations.<\/h3>\n<div class=\"wpsr-review-content\" tabindex=\"0\">\n<p class=\"wpsr_add_read_more wpsr_show_less_content\" data-num-words-trim=\"10\">Un livre qui explique donc le sens des hi\u00e9roglyphes. Mais aucune image dans cet ouvrage ne permet de visualiser les hi\u00e9roglyphes, quel dommage !! <\/p>\n<\/p><\/div>\n<\/p><\/div>\n<\/p><\/div>\n<\/p><\/div>\n<\/div>\n<\/div>\n<div class=\"wpsr-swiper-carousel-wrapper\">\n<div class=\"wpsr-swiper-pagination swiper-pagination\"><\/div>\n<\/div>\n<\/div>\n<\/div>\n<\/div>\n<\/div>","protected":false},"featured_media":61727,"comment_status":"open","ping_status":"closed","template":"","meta":[],"product_brand":[],"product_cat":[98,102],"product_tag":[],"class_list":{"0":"post-61726","1":"product","2":"type-product","3":"status-publish","4":"has-post-thumbnail","6":"product_cat-edition-francaise","7":"product_cat-edition-francaise-2","9":"first","10":"instock","11":"shipping-taxable","12":"product-type-simple"},"aioseo_notices":[],"_links":{"self":[{"href":"https:\/\/egyptianwisdomcenter.org\/ro\/wp-json\/wp\/v2\/product\/61726","targetHints":{"allow":["GET"]}}],"collection":[{"href":"https:\/\/egyptianwisdomcenter.org\/ro\/wp-json\/wp\/v2\/product"}],"about":[{"href":"https:\/\/egyptianwisdomcenter.org\/ro\/wp-json\/wp\/v2\/types\/product"}],"replies":[{"embeddable":true,"href":"https:\/\/egyptianwisdomcenter.org\/ro\/wp-json\/wp\/v2\/comments?post=61726"}],"wp:featuredmedia":[{"embeddable":true,"href":"https:\/\/egyptianwisdomcenter.org\/ro\/wp-json\/wp\/v2\/media\/61727"}],"wp:attachment":[{"href":"https:\/\/egyptianwisdomcenter.org\/ro\/wp-json\/wp\/v2\/media?parent=61726"}],"wp:term":[{"taxonomy":"product_brand","embeddable":true,"href":"https:\/\/egyptianwisdomcenter.org\/ro\/wp-json\/wp\/v2\/product_brand?post=61726"},{"taxonomy":"product_cat","embeddable":true,"href":"https:\/\/egyptianwisdomcenter.org\/ro\/wp-json\/wp\/v2\/product_cat?post=61726"},{"taxonomy":"product_tag","embeddable":true,"href":"https:\/\/egyptianwisdomcenter.org\/ro\/wp-json\/wp\/v2\/product_tag?post=61726"}],"curies":[{"name":"wp","href":"https:\/\/api.w.org\/{rel}","templated":true}]}}