{"id":62715,"date":"2023-01-09T18:04:13","date_gmt":"2023-01-09T23:04:13","guid":{"rendered":"https:\/\/egyptianwisdomcenter.org\/?post_type=product&#038;p=62715"},"modified":"2024-06-01T16:20:12","modified_gmt":"2024-06-01T20:20:12","slug":"o-antigo-egito-as-raizes-do-cristianismo","status":"publish","type":"product","link":"https:\/\/egyptianwisdomcenter.org\/ro\/produs\/o-antigo-egito-as-raizes-do-cristianismo\/","title":{"rendered":"O Antigo Egito As Ra\u00edzes Do Cristianismo"},"content":{"rendered":"<p><strong>Descri\u00e7\u00e3o completa<\/strong><\/p>\n<p>O que hoje chamamos de religi\u00e3o crist\u00e3 j\u00e1 existia no Egito Antigo, muito antes de o Novo Testamento ser adotado. O egipt\u00f3logo brit\u00e2nico Sir E. A. Wallis Budge escreveu, em seu livro The Gods of the Egyptians [1969], que:<\/p>\n<p>\u201cA nova religi\u00e3o (cristianismo) que foi pregada por S\u00e3o Marcos e seus seguidores imediatos, em todos os aspectos essenciais, lembrava muito aquilo que resultou da adora\u00e7\u00e3o a Os\u00edris, \u00cdsis e H\u00f3rus\u201d.<\/p>\n<p>As semelhan\u00e7as observadas por Budge e todos os que compararam a alegoria eg\u00edpcia de Os\u00edris\/\u00cdsis\/H\u00f3rus com a hist\u00f3ria do Evangelho s\u00e3o impressionantes. Ambos os relatos s\u00e3o praticamente id\u00eanticos, como por exemplo a concep\u00e7\u00e3o sobrenatural, o nascimento divino, as lutas contra o inimigo no deserto e a ressurrei\u00e7\u00e3o para a vida eterna. A principal diferen\u00e7a entre as \u201cduas vers\u00f5es\u201d \u00e9 que o conto evang\u00e9lico \u00e9 considerado hist\u00f3rico e o ciclo de Os\u00edris\/\u00cdsis\/H\u00f3rus \u00e9 uma alegoria. A mensagem espiritual da alegoria de Os\u00edris\/\u00cdsis\/H\u00f3rus no Egito Antigo e a revela\u00e7\u00e3o crist\u00e3 s\u00e3o exatamente iguais. O estudioso brit\u00e2nico A. N. Wilson apontou, em seu livro Jesus, o Maior Homem do Mundo:<\/p>\n<p>\u201cO Jesus Hist\u00f3rico e o Cristo da F\u00e9 s\u00e3o dois seres separados, com hist\u00f3rias muito diferentes. \u00c9 bastante dif\u00edcil reconstruir o primeiro, e se tentarmos, \u00e9 prov\u00e1vel que causemos danos irrepar\u00e1veis ao segundo\u201d.<\/p>\n<p>Este livro pretende demonstrar que o \u201cJesus Hist\u00f3rico\u201d, o \u201cJesus da F\u00e9\u201d e os princ\u00edpios do cristianismo prov\u00eam todos do Egito Antigo. Isso \u00e9 feito sem provocar qualquer tipo de \u201cdano irrepar\u00e1vel\u201d, conforme observado por A. N. Wilson, por dois motivos: em primeiro lugar, a verdade deve ser dita. Em segundo lugar, explicar os princ\u00edpios crist\u00e3os atrav\u00e9s dos seus contextos originais no Egito Antigo aumenta o idealismo crist\u00e3o.<\/p>\n<p>Este livro consiste em duas partes:<\/p>\n<p>A primeira parte demonstra que os relatos do \u201cJesus hist\u00f3rico\u201d se baseiam inteiramente na vida e morte do fara\u00f3 eg\u00edpcio Twt\/Tut-Ankh-Amen.<\/p>\n<p>A segunda parte demonstra que o \u201cJesus da F\u00e9\u201d e os princ\u00edpios crist\u00e3os s\u00e3o todos de origem eg\u00edpcia\u2014tais como a ess\u00eancia dos ensinamentos\/mensagens, assim como os feriados religiosos.<\/p>\n<p>H\u00e1 uma ironia ineg\u00e1vel e uma verdade profunda, intensa e incontest\u00e1vel no ditado prof\u00e9tico de Oseias: \u201cDo Egito, eu chamei meu Filho\u201d. Uma profunda ironia, de fato.<\/p>","protected":false},"excerpt":{"rendered":"<p>por <a href=\"https:\/\/egyptianwisdomcenter.org\/ro\/pt-br\/sobre\/\">Moustafa Gadalla<\/a><\/p>\n<hr \/>\n<p><strong>Resumo<\/strong><\/p>\n<p>Esta edi\u00e7\u00e3o traduzida para a l\u00edngua portuguesa revela as antigas ra\u00edzes Eg\u00edpcias do Cristianismo, tanto historicamente como espiritualmente. Este livro demonstra que os contos sobre o &#8220;Jesus hist\u00f3rico&#8221; s\u00e3o baseados inteiramente na vida e morte do Fara\u00f3 Eg\u00edpcio, Twt\/Tut-Ankh-Amen; e que o &#8220;Jesus da F\u00e9&#8221; e os princ\u00edpios Crist\u00e3os s\u00e3o todos de origem Eg\u00edpcia \u2013 baseados na ess\u00eancia dos ensinamentos\/mensagem, bem como os v\u00e1rios feriados religiosos.<\/p>\n<hr \/>\n<p><center><br \/>\n<a class=\"button minimal\" href=\"https:\/\/books2read.com\/u\/brMqKE\" target=\"_blank\" rel=\"noopener\">Ver op\u00e7\u00f5es de compra<\/a><\/center><center><\/center><center><\/p>\n<div id='wpsr-reviews-slider-69108' class='wpsr-reviews-69108  wpsr-reviews-wrapper wpsr-feed-wrap wpsr_content  wpsr-reviews-slider-wrapper   wpsr-reviews-template-grid2 wpsr-reviews-layout-slider wpsr-header-enable' data-column='4' data-platforms='amazon' data-slider_settings='{&quot;autoplay&quot;:&quot;false&quot;,&quot;autoplay_speed&quot;:3000,&quot;slides_to_show&quot;:3,&quot;spaceBetween&quot;:20,&quot;responsive_slides_to_show&quot;:{&quot;desktop&quot;:2,&quot;tablet&quot;:2,&quot;mobile&quot;:1},&quot;slides_to_scroll&quot;:3,&quot;responsive_slides_to_scroll&quot;:{&quot;desktop&quot;:5,&quot;tablet&quot;:2,&quot;mobile&quot;:1},&quot;navigation&quot;:&quot;dot&quot;}'>\n<div class=\"wpsr-container wpsr-fixed-height\" style=\"\" >\n<div class=\"wpsr-business-info-wrapper\">\n<div class=\"wpsr-row\">\n<div class=\"wpsr-business-info  amazon\">\n<div class=\"wpsr-business-info-left\">\n<div class=\"wpsr-business-info-paltforms\"><img decoding=\"async\" src=\"https:\/\/egyptianwisdomcenter.org\/wp-content\/plugins\/wp-social-reviews\/assets\/images\/icon\/icon-amazon.png\" alt=\"amazon\"><\/div>\n<div class=\"wpsr-rating-and-count\"><span class=\"wpsr-total-rating\">4.3<\/span><span class=\"wpsr-rating\"><\/p>\n<div class=\"wpsr-star-container wpsr-star-background-filled\" style=\"--wpsr-review-star-fill: 100%;\">\n<div class=\"wpsr-star-empty\"><\/div>\n<div class=\"wpsr-star-filled\"><\/div>\n<\/p><\/div>\n<div class=\"wpsr-star-container wpsr-star-background-filled\" style=\"--wpsr-review-star-fill: 100%;\">\n<div class=\"wpsr-star-empty\"><\/div>\n<div class=\"wpsr-star-filled\"><\/div>\n<\/p><\/div>\n<div class=\"wpsr-star-container wpsr-star-background-filled\" style=\"--wpsr-review-star-fill: 100%;\">\n<div class=\"wpsr-star-empty\"><\/div>\n<div class=\"wpsr-star-filled\"><\/div>\n<\/p><\/div>\n<div class=\"wpsr-star-container wpsr-star-background-filled\" style=\"--wpsr-review-star-fill: 100%;\">\n<div class=\"wpsr-star-empty\"><\/div>\n<div class=\"wpsr-star-filled\"><\/div>\n<\/p><\/div>\n<div class=\"wpsr-star-container wpsr-star-background-filled\" style=\"--wpsr-review-star-fill: 30%;\">\n<div class=\"wpsr-star-empty\"><\/div>\n<div class=\"wpsr-star-filled\"><\/div>\n<\/p><\/div>\n<p><\/span><\/p>\n<div class=\"wpsr-total-reviews\">Based on <span>17<\/span> Reviews<\/div>\n<\/div>\n<\/div>\n<div class=\"wpsr-business-info-right\">\n<div class=\"wpsr-write-review-modal-wrapper\"><\/div>\n<\/div>\n<\/div>\n<\/div>\n<\/div>\n<div class=\"wpsr-row\" style=\"\">\n<div class=\"wpsr-reviews-slider-wrapper-inner\">\n<div class=\"wpsr-reviews-slider swiper-container wpsr-ai-summary-enabled-slider\" tabindex=\"0\">\n<div class=\"swiper-wrapper\">\n<div class=\"swiper-slide\" role=\"group\">\n<div class=\"wpsr-review-template wpsr-review-template-two wpsr-review-template-amazon\"\n                 style=\"\"\n                 data-index=\"0\"\n                 data-source_id=\"1980269181\"\n                 data-media_id=\"\"\n                 data-review_platform=\"amazon\"\n                 data-product_thumbnail=\"\"\n                 data-product_name=\"\"\n                 data-image_resize=\"full\"\n            ><\/p>\n<div class=\"wpsr-review-platform\">\n                <img decoding=\"async\" class=\"wpsr-review-platform-icon\" width=\"20\" height=\"20\" src=\"https:\/\/egyptianwisdomcenter.org\/wp-content\/plugins\/wp-social-reviews\/assets\/images\/icon\/icon-amazon-small.png\" alt=\"amazon\">\n    <\/div>\n<div class=\"wpsr-reviewer-image\">\n    <a class=\"wpsr-reviewer-image-url\" target=\"_blank\" rel=\"noopener noreferrer nofollow\" href=\"https:\/\/www.amazon.com\/Antigo-Egito-Ra%C3%ADzes-Cristianismo-Portuguese\/dp\/1980269181\"><br \/>\n                                    <img decoding=\"async\" class=\"wpsr-reviewer-avatar\" src=\"https:\/\/images-na.ssl-images-amazon.com\/images\/S\/amazon-avatars-global\/f5876c0d-fdba-4e4e-a809-b38bf626bcd1._CR0,0,1932,1932_SX48_.jpg\" alt=\"Lu\u00eds Gabriel Nascimento Simas\"\/><br \/>\n                        <\/a>\n<\/div>\n<div class=\"wpsr-review-info\">\n                        <a class=\"wpsr-reviewer-name-url\" target=\"_blank\" rel=\"noopener noreferrer nofollow\" href=\"https:\/\/www.amazon.com\/Antigo-Egito-Ra%C3%ADzes-Cristianismo-Portuguese\/dp\/1980269181\"><br \/>\n    <span class=\"wpsr-reviewer-name\">Lu\u00eds Gabriel Nascimento Simas<\/span><br \/>\n    <\/a><\/p>\n<div data-rating=\"5\" class=\"wpsr-rating-wrapper wpsr-rating\">\n<div class=\"wpsr-star-container wpsr-star-background-filled\" style=\"--wpsr-review-star-fill: 100%;\">\n<div class=\"wpsr-star-empty\"><\/div>\n<div class=\"wpsr-star-filled\"><\/div>\n<\/p><\/div>\n<div class=\"wpsr-star-container wpsr-star-background-filled\" style=\"--wpsr-review-star-fill: 100%;\">\n<div class=\"wpsr-star-empty\"><\/div>\n<div class=\"wpsr-star-filled\"><\/div>\n<\/p><\/div>\n<div class=\"wpsr-star-container wpsr-star-background-filled\" style=\"--wpsr-review-star-fill: 100%;\">\n<div class=\"wpsr-star-empty\"><\/div>\n<div class=\"wpsr-star-filled\"><\/div>\n<\/p><\/div>\n<div class=\"wpsr-star-container wpsr-star-background-filled\" style=\"--wpsr-review-star-fill: 100%;\">\n<div class=\"wpsr-star-empty\"><\/div>\n<div class=\"wpsr-star-filled\"><\/div>\n<\/p><\/div>\n<div class=\"wpsr-star-container wpsr-star-background-filled\" style=\"--wpsr-review-star-fill: 100%;\">\n<div class=\"wpsr-star-empty\"><\/div>\n<div class=\"wpsr-star-filled\"><\/div>\n<\/p><\/div>\n<\/p><\/div>\n<p><span data-time=\"3 ani ago\" class=\"wpsr-review-date\"><br \/>\n     septembrie 16, 2023<\/span>                        <\/p><\/div>\n<div class=\"wpsr-reviews-content-footer\">\n<h3 class=\"wpsr-review-title\">\n    Existe alguma coisa l\u00e1 fora&#8230;!!!<\/h3>\n<div class=\"wpsr-review-content\" tabindex=\"0\">\n<p class=\"wpsr_add_read_more wpsr_show_less_content\" data-num-words-trim=\"10\">Senhoras e Senhores, que livro magnifico.<br \/>\nOs sect\u00e1rios e os radicais dir\u00e3o: Blasf\u00eamia!<br \/>\nOs mais comedidos dir\u00e3o: que viagem, mas faz sim algum sentido.<br \/>\nMas, goataria de dizer-lhes e at\u00e9 fazer uma provoca\u00e7\u00e3o: j\u00e1 repararam que os mil\u00eanios chegam e temos lido e\/ou ouvido os mesmos ensinamentos da boca de outros que s\u00e3o dados como &#8220;Mestres&#8221;&#8230; j\u00e1 pararam para pensar nisso? Krishna, Os\u00edris, Buda, S\u00f3crates, Jesus&#8230; todos trouxeram uma vertente de uma Mar infinitamente maior! Sim! H\u00e1 alguma coisa&#8230; temos que admitir! Essa mensagem est\u00e1 sempre sendo difundida. Krishna, reconhecido como o Avatar, ou seja, uma emana\u00e7\u00e3o de Vishnu (Deus criador) nos disse que teria 9 encarna\u00e7\u00f5es! \u00c0 \u00e9poca do Bhagavad Gita&#8230; era a sua encarna\u00e7\u00e3o n\u00famero 8! A sabedoria do Oriente nos \u00e9 totalmente desconhecida em sua totalidade&#8230; Livros que existem h\u00e1 mil\u00eanios no Tibete, s\u00f3 nos foram revelados no s\u00e9culo XIX. Essas amana\u00e7\u00f5es de Vishnu sempre dizem em remotas eram: &#8220;Sempre que a Civiliza\u00e7\u00e3o est\u00e1 em vias de perder-se&#8230; fa\u00e7o-me carne para restaurar a Lei e a Ordem natural&#8221;&#8230; N\u00e3o estamos sozinhos! Seja l\u00e1 qual for a sua cren\u00e7a e, se vc tiver alguma, n\u00e3o estamos sozinhos e\/ou abandondos \u00e0 nossa pr\u00f3pria sorte! E isso \u00e9 t\u00e3o assustador quanto fascinante! <\/p>\n<\/p><\/div>\n<\/p><\/div>\n<\/p><\/div>\n<\/p><\/div>\n<div class=\"swiper-slide\" role=\"group\">\n<div class=\"wpsr-review-template wpsr-review-template-two wpsr-review-template-amazon\"\n                 style=\"\"\n                 data-index=\"1\"\n                 data-source_id=\"1980269181\"\n                 data-media_id=\"\"\n                 data-review_platform=\"amazon\"\n                 data-product_thumbnail=\"\"\n                 data-product_name=\"\"\n                 data-image_resize=\"full\"\n            ><\/p>\n<div class=\"wpsr-review-platform\">\n                <img decoding=\"async\" class=\"wpsr-review-platform-icon\" width=\"20\" height=\"20\" src=\"https:\/\/egyptianwisdomcenter.org\/wp-content\/plugins\/wp-social-reviews\/assets\/images\/icon\/icon-amazon-small.png\" alt=\"amazon\">\n    <\/div>\n<div class=\"wpsr-reviewer-image\">\n    <a class=\"wpsr-reviewer-image-url\" target=\"_blank\" rel=\"noopener noreferrer nofollow\" href=\"https:\/\/www.amazon.com\/Antigo-Egito-Ra%C3%ADzes-Cristianismo-Portuguese\/dp\/1980269181\"><br \/>\n                                    <img decoding=\"async\" class=\"wpsr-reviewer-avatar\" src=\"https:\/\/images-na.ssl-images-amazon.com\/images\/S\/amazon-avatars-global\/default._CR0,0,1024,1024_SX48_.png\" alt=\"Marcio Gabriel Simor\"\/><br \/>\n                        <\/a>\n<\/div>\n<div class=\"wpsr-review-info\">\n                        <a class=\"wpsr-reviewer-name-url\" target=\"_blank\" rel=\"noopener noreferrer nofollow\" href=\"https:\/\/www.amazon.com\/Antigo-Egito-Ra%C3%ADzes-Cristianismo-Portuguese\/dp\/1980269181\"><br \/>\n    <span class=\"wpsr-reviewer-name\">Marcio Gabriel Simor<\/span><br \/>\n    <\/a><\/p>\n<div data-rating=\"5\" class=\"wpsr-rating-wrapper wpsr-rating\">\n<div class=\"wpsr-star-container wpsr-star-background-filled\" style=\"--wpsr-review-star-fill: 100%;\">\n<div class=\"wpsr-star-empty\"><\/div>\n<div class=\"wpsr-star-filled\"><\/div>\n<\/p><\/div>\n<div class=\"wpsr-star-container wpsr-star-background-filled\" style=\"--wpsr-review-star-fill: 100%;\">\n<div class=\"wpsr-star-empty\"><\/div>\n<div class=\"wpsr-star-filled\"><\/div>\n<\/p><\/div>\n<div class=\"wpsr-star-container wpsr-star-background-filled\" style=\"--wpsr-review-star-fill: 100%;\">\n<div class=\"wpsr-star-empty\"><\/div>\n<div class=\"wpsr-star-filled\"><\/div>\n<\/p><\/div>\n<div class=\"wpsr-star-container wpsr-star-background-filled\" style=\"--wpsr-review-star-fill: 100%;\">\n<div class=\"wpsr-star-empty\"><\/div>\n<div class=\"wpsr-star-filled\"><\/div>\n<\/p><\/div>\n<div class=\"wpsr-star-container wpsr-star-background-filled\" style=\"--wpsr-review-star-fill: 100%;\">\n<div class=\"wpsr-star-empty\"><\/div>\n<div class=\"wpsr-star-filled\"><\/div>\n<\/p><\/div>\n<\/p><\/div>\n<p><span data-time=\"6 ani ago\" class=\"wpsr-review-date\"><br \/>\n     septembrie 12, 2020<\/span>                        <\/p><\/div>\n<div class=\"wpsr-reviews-content-footer\">\n<h3 class=\"wpsr-review-title\">\n    Gostei muito<\/h3>\n<div class=\"wpsr-review-content\" tabindex=\"0\">\n<p class=\"wpsr_add_read_more wpsr_show_less_content\" data-num-words-trim=\"10\">O produto chegou intacto e dentro do prazo previsto. Gostei muito. Recomendo. <\/p>\n<\/p><\/div>\n<\/p><\/div>\n<\/p><\/div>\n<\/p><\/div>\n<div class=\"swiper-slide\" role=\"group\">\n<div class=\"wpsr-review-template wpsr-review-template-two wpsr-review-template-amazon\"\n                 style=\"\"\n                 data-index=\"2\"\n                 data-source_id=\"1980269181\"\n                 data-media_id=\"\"\n                 data-review_platform=\"amazon\"\n                 data-product_thumbnail=\"\"\n                 data-product_name=\"\"\n                 data-image_resize=\"full\"\n            ><\/p>\n<div class=\"wpsr-review-platform\">\n                <img decoding=\"async\" class=\"wpsr-review-platform-icon\" width=\"20\" height=\"20\" src=\"https:\/\/egyptianwisdomcenter.org\/wp-content\/plugins\/wp-social-reviews\/assets\/images\/icon\/icon-amazon-small.png\" alt=\"amazon\">\n    <\/div>\n<div class=\"wpsr-reviewer-image\">\n    <a class=\"wpsr-reviewer-image-url\" target=\"_blank\" rel=\"noopener noreferrer nofollow\" href=\"https:\/\/www.amazon.com\/Antigo-Egito-Ra%C3%ADzes-Cristianismo-Portuguese\/dp\/1980269181\"><br \/>\n                                    <img decoding=\"async\" class=\"wpsr-reviewer-avatar\" src=\"https:\/\/images-na.ssl-images-amazon.com\/images\/S\/amazon-avatars-global\/default._CR0,0,1024,1024_SX48_.png\" alt=\"Carlos\"\/><br \/>\n                        <\/a>\n<\/div>\n<div class=\"wpsr-review-info\">\n                        <a class=\"wpsr-reviewer-name-url\" target=\"_blank\" rel=\"noopener noreferrer nofollow\" href=\"https:\/\/www.amazon.com\/Antigo-Egito-Ra%C3%ADzes-Cristianismo-Portuguese\/dp\/1980269181\"><br \/>\n    <span class=\"wpsr-reviewer-name\">Carlos<\/span><br \/>\n    <\/a><\/p>\n<div data-rating=\"1\" class=\"wpsr-rating-wrapper wpsr-rating\">\n<div class=\"wpsr-star-container wpsr-star-background-filled\" style=\"--wpsr-review-star-fill: 100%;\">\n<div class=\"wpsr-star-empty\"><\/div>\n<div class=\"wpsr-star-filled\"><\/div>\n<\/p><\/div>\n<div class=\"wpsr-star-container wpsr-star-background-empty\" style=\"--wpsr-review-star-fill: 0%;\">\n<div class=\"wpsr-star-empty\"><\/div>\n<div class=\"wpsr-star-filled\"><\/div>\n<\/p><\/div>\n<div class=\"wpsr-star-container wpsr-star-background-empty\" style=\"--wpsr-review-star-fill: 0%;\">\n<div class=\"wpsr-star-empty\"><\/div>\n<div class=\"wpsr-star-filled\"><\/div>\n<\/p><\/div>\n<div class=\"wpsr-star-container wpsr-star-background-empty\" style=\"--wpsr-review-star-fill: 0%;\">\n<div class=\"wpsr-star-empty\"><\/div>\n<div class=\"wpsr-star-filled\"><\/div>\n<\/p><\/div>\n<div class=\"wpsr-star-container wpsr-star-background-empty\" style=\"--wpsr-review-star-fill: 0%;\">\n<div class=\"wpsr-star-empty\"><\/div>\n<div class=\"wpsr-star-filled\"><\/div>\n<\/p><\/div>\n<\/p><\/div>\n<p><span data-time=\"8 ani ago\" class=\"wpsr-review-date\"><br \/>\n     august 24, 2018<\/span>                        <\/p><\/div>\n<div class=\"wpsr-reviews-content-footer\">\n<h3 class=\"wpsr-review-title\">\n    Sensacionalismo barato.<\/h3>\n<div class=\"wpsr-review-content\" tabindex=\"0\">\n<p class=\"wpsr_add_read_more wpsr_show_less_content\" data-num-words-trim=\"10\">O autor pretende provar que Jesus foi, na verdade, Tutanc\u00e2mon, e Mois\u00e9s, Ahkenaton. Todavia, os paralelos tra\u00e7ados s\u00e3o fracos e por vezes at\u00e9 est\u00fapidos. Menos de 5% das compara\u00e7\u00f5es s\u00e3o veross\u00edmeis. N\u00e3o tive paci\u00eancia de ler o livro inteiro, pois o racioc\u00ednio \u00e9 cansativo, inver\u00eddico e, muitas vezes, interrompido abruptamente ou sem contextualiza\u00e7\u00e3o. Autor n\u00e3o-acad\u00eamico e sensacionalista. Dinheiro jogado no lixo. <\/p>\n<\/p><\/div>\n<\/p><\/div>\n<\/p><\/div>\n<\/p><\/div>\n<\/div>\n<\/div>\n<div class=\"wpsr-swiper-carousel-wrapper\">\n<div class=\"wpsr-swiper-pagination swiper-pagination\"><\/div>\n<\/div>\n<\/div>\n<\/div>\n<\/div>\n<\/div>\n<p><\/center><\/p>","protected":false},"featured_media":62716,"comment_status":"open","ping_status":"closed","template":"","meta":[],"product_brand":[],"product_cat":[110,109],"product_tag":[],"class_list":{"0":"post-62715","1":"product","2":"type-product","3":"status-publish","4":"has-post-thumbnail","6":"product_cat-edicao-portuguesa","7":"product_cat-portugues","9":"first","10":"instock","11":"shipping-taxable","12":"product-type-simple"},"aioseo_notices":[],"_links":{"self":[{"href":"https:\/\/egyptianwisdomcenter.org\/ro\/wp-json\/wp\/v2\/product\/62715","targetHints":{"allow":["GET"]}}],"collection":[{"href":"https:\/\/egyptianwisdomcenter.org\/ro\/wp-json\/wp\/v2\/product"}],"about":[{"href":"https:\/\/egyptianwisdomcenter.org\/ro\/wp-json\/wp\/v2\/types\/product"}],"replies":[{"embeddable":true,"href":"https:\/\/egyptianwisdomcenter.org\/ro\/wp-json\/wp\/v2\/comments?post=62715"}],"wp:featuredmedia":[{"embeddable":true,"href":"https:\/\/egyptianwisdomcenter.org\/ro\/wp-json\/wp\/v2\/media\/62716"}],"wp:attachment":[{"href":"https:\/\/egyptianwisdomcenter.org\/ro\/wp-json\/wp\/v2\/media?parent=62715"}],"wp:term":[{"taxonomy":"product_brand","embeddable":true,"href":"https:\/\/egyptianwisdomcenter.org\/ro\/wp-json\/wp\/v2\/product_brand?post=62715"},{"taxonomy":"product_cat","embeddable":true,"href":"https:\/\/egyptianwisdomcenter.org\/ro\/wp-json\/wp\/v2\/product_cat?post=62715"},{"taxonomy":"product_tag","embeddable":true,"href":"https:\/\/egyptianwisdomcenter.org\/ro\/wp-json\/wp\/v2\/product_tag?post=62715"}],"curies":[{"name":"wp","href":"https:\/\/api.w.org\/{rel}","templated":true}]}}