{"id":63024,"date":"2023-01-10T16:52:38","date_gmt":"2023-01-10T21:52:38","guid":{"rendered":"https:\/\/egyptianwisdomcenter.org\/?post_type=product&#038;p=63024"},"modified":"2024-06-01T04:48:52","modified_gmt":"2024-06-01T08:48:52","slug":"raices-del-cristianismo-del-antiguo-egipto","status":"publish","type":"product","link":"https:\/\/egyptianwisdomcenter.org\/ro\/produs\/raices-del-cristianismo-del-antiguo-egipto\/","title":{"rendered":"Ra\u00edces del Cristianismo Del Antiguo Egipto"},"content":{"rendered":"<p><strong>DESCRIPCI\u00d3N LARGA<\/strong><\/p>\n<p>Lo que ahora se llama religi\u00f3n cristiana ya exist\u00eda en el Antiguo Egipto, mucho antes de la adopci\u00f3n del Nuevo Testamento. El egipt\u00f3logo brit\u00e1nico, Sir E.A. Wallis Budge, escribi\u00f3 en su libro, The Gods of the Egyptians [1969],<\/p>\n<p>La nueva religi\u00f3n (el cristianismo), que ha sido anunciada por San Marcos y sus seguidores inmediatos, guardaba un enorme parecido con todos los elementos esenciales que fueron el resultado del culto a Osiris, Isis y Horus.<\/p>\n<p>Las similitudes, se\u00f1aladas por Budge y por todos los que han comparado la alegor\u00eda egipcia de Osiris, Isis y Horus con el Evangelio, son sorprendentes. Ambos relatos son pr\u00e1cticamente el mismo, como por ejemplo la concepci\u00f3n sobrenatural, el nacimiento divino, las luchas contra el enemigo en el desierto y la resurrecci\u00f3n de entre los muertos a la vida eterna. La principal diferencia entre las \u201cdos versiones\u201d, es que al relato del Evangelio se le considera hist\u00f3rico mientras que al ciclo de Osiris, Isis y Horus se le considera una alegor\u00eda. El mensaje espiritual de la alegor\u00eda del Antiguo Egipto de Osiris, Isis y Horus y el de la revelaci\u00f3n cristiana es exactamente el mismo. El investigador brit\u00e1nico A.N. Wilson se\u00f1al\u00f3 en su libro, Jes\u00fas:<\/p>\n<p>El Jes\u00fas hist\u00f3rico y el Cristo de la fe son dos seres separados, con historias muy diferentes. Es bastante dif\u00edcil reconstruir el primero, y en dicho intento estamos expuestos a hacer un da\u00f1o irreparable al segundo.<\/p>\n<p>Este libro demostrar\u00e1 que el \u201cJes\u00fas de la historia\u201d, el \u201cJes\u00fas de la fe\u201d y los dogmas del cristianismo son todos del Antiguo Egipto. Se har\u00e1 sin causar ning\u00fan \u201cperjuicio irreparable\u201d conforme a la preocupaci\u00f3n de A.N. Wilson, por dos razones principales. En primer lugar, porque tiene que explicarse la verdad. En segundo lugar, porque explicar los dogmas cristianos a trav\u00e9s de sus contextos originales del Antiguo Egipto reforzar\u00e1 el idealismo del cristianismo. Este libro consta de dos partes:<\/p>\n<p>La primera parte demuestra que los relatos del \u201cJes\u00fas hist\u00f3rico\u201d se basan \u00edntegramente en la vida y muerte del fara\u00f3n egipcio, Twt\/Tut-Ankh-Amen (Tutankam\u00f3n).<\/p>\n<p>La segunda parte demuestra que el \u201cJes\u00fas de la fe\u201d y los dogmas cristianos son todos egipcios en su origen, como la esencia de las ense\u00f1anzas\/mensaje y las festividades religiosas.<\/p>\n<p>Hay una iron\u00eda innegable y una profunda e indiscutible verdad en el dicho prof\u00e9tico de Oseas, De Egipto llam\u00e9 a mi hijo. De hecho, es una iron\u00eda muy grande.<\/p>\n<p>Abramos nuestras mentes y analicemos la evidencia disponible. Porque la verdad est\u00e1 formada por las piezas diferentes y complementarias de un puzle. Coloquemos las piezas en su lugar, momento y orden correcto.<\/p>\n<p>CONTENIDO<\/p>\n<p>Ra\u00edces del Cristianismo del Antiguo Egipto<br \/>\nACERCA DEL AUTOR<br \/>\nPR\u00d3LOGO<br \/>\nNORMAS Y TERMINOLOG\u00ccA<br \/>\nMAPA DEL ANTIGUO EGIPTO<\/p>\n<p>PARTE I : EL CRISTO REY HIST\u00d3RICO<br \/>\nCAP\u00cdTULO 1 : JES\u00daS Y LA HISTORIA<br \/>\n1.1 EL JES\u00daS DE LA HISTORIA<br \/>\n1.2 LA AUSENCIA HIST\u00d3RICA Y LA IMPORTANCIA<br \/>\nDE LOS EVANGELIOS<br \/>\n1.3 MOIS\u00c9S Y JES\u00daS DE LA MISMA \u00c9POCA<br \/>\n1.4 JES\u00daS: EL NAZARENO GN\u00d3STICO<br \/>\n1.5 CONCLUSIONES<\/p>\n<p>CAP\u00cdTULO 2 : SUS EP\u00cdTETOS<br \/>\n2.1 LA IMAGEN VIVA DEL SE\u00d1OR<br \/>\n2.2 CRISTO<br \/>\n2.3 MES\u00cdAS<br \/>\n2.4 JES\u00daS\/JOSU\u00c9<br \/>\n2.5 EMANUEL\/IMANUEL (EMMANUAL\/<br \/>\nIMMANUEL)<br \/>\n2.6 BEN PANDIRA (HIJO DE DIOS)<\/p>\n<p>CAP\u00cdTULO 3 : EL HOMBRE DIVINO<br \/>\n3.1 EL JES\u00daS B\u00cdBLICO \u2013 EL HIJO DIVINO<br \/>\n3.2 TWT-ANKH-AMEN \u2013 EL HIJO DIVINO<br \/>\n3.3 EL PADRE DE TWT-ANKH-AMEN<br \/>\n3.4 EL PADRE DEL JES\u00daS B\u00cdBLICO<br \/>\n3.5 LA MADRE DE TWT-ANKH-AMEN<br \/>\n3.6 LA MADRE DEL JES\u00daS B\u00cdBLICO<br \/>\n3.7 LA CONSORTE DE TWT-ANKH-AMEN<br \/>\n3.8 LA CONSORTE DEL JES\u00daS B\u00cdBLICO<\/p>\n<p>CAP\u00cdTULO 4 : EL REINO DIVIDIDO<br \/>\n4.1 EL JES\u00daS B\u00cdBLICO \u2013 EL REY<br \/>\n4.2 TWT-ANKH-AMEN \u2013 EL REY<br \/>\n4.3 TWT-ANKH-AMEN \u2013 EL REINO DIVIDIDO<br \/>\n4.4 EL JES\u00daS B\u00cdBLICO \u2013 EL REINO DIVIDIDO<\/p>\n<p>CAP\u00cdTULO 5 : MUERTE EN EL DESIERTO<br \/>\n5.1 TWT-ANKH-AMEN<br \/>\n5.2 EL JES\u00daS B\u00cdBLICO<\/p>\n<p>PARTE II : LA ESENCIA EGIPCIA DE LOS<br \/>\nCRISTIANOS<br \/>\nCAP\u00cdTULO 6 : LAS RA\u00cdCES EGIPCIAS DEL<br \/>\nCRISTIANISMO<br \/>\n6.1 LAS RA\u00cdCES EGIPCIAS DEL CRISTIANISMO<br \/>\n6.2 ALEGOR\u00cdA E HISTORIA FICTICIA<\/p>\n<p>CAP\u00cdTULO 7 : LAS FAMILIAS SAGRADAS<br \/>\nDEL ANTIGUO EGIPTO Y CRISTIANAS<\/p>\n<p>CAP\u00cdTULO 8 : EL CAMINO DE HORUS Y<br \/>\nDE CRISTO<br \/>\n8.1 DE TAL PALO, TAL ASTILLA<br \/>\n8.2 LOS POTENCIALES DESPERTARES<br \/>\n8.3 EL CAMINO DE HORUS Y DE CRISTO<br \/>\n8.4 SIEMBRA Y COSECHA PROGRESIVA<br \/>\n8.5 EL D\u00cdA DEL JUICIO<br \/>\n8.6 LA GLORIA<\/p>\n<p>CAP\u00cdTULO 9 : LAS FESTIVIDADES DEL<br \/>\nANTIGUO EGIPTO Y CRISTIANAS<br \/>\n9.1 LA NECESIDAD DE RENOVACI\u00d3N Y<br \/>\nRENACIMIENTO<br \/>\n9.2 CONFIGURACI\u00d3N DE LAS FECHAS (CICLOS DE<br \/>\nREJUVENECIMIENTO)<br \/>\n9.3 EL TORO DE SU MADRE<br \/>\n9.4 FESTIVIDADES COMUNES DEL ANTIGUO<br \/>\nEGIPTO Y CRISTIANAS<br \/>\n9.5 LA \u00daLTIMA CENA<br \/>\n9.6 EL ADVIENTO Y LA NAVIDAD<br \/>\n9.7 D\u00cdA DEL A\u00d1O NUEVO DEL REY (1 DE ENERO)<br \/>\n9.8 EPIFAN\u00cdA (6 DE ENERO)<br \/>\n9.9 CUARESMA<br \/>\n9.10 PASCUA<br \/>\n9.11 D\u00cdA DE LA ASCENSI\u00d3N<br \/>\n9.12 EL PENTECOST\u00c9S EGIPCIO<br \/>\n9.13 TRANSFIGURACI\u00d3N DE HORUS Y DE JES\u00daS<br \/>\n9.14 NUESTRA SE\u00d1ORA MIRIAM (ASUNCI\u00d3N DEL<br \/>\nD\u00cdA DE NUESTRA SE\u00d1ORA)<br \/>\n9.15 ANIVERSARIO DEL NACIMIENTO DE ISIS (DE<br \/>\nMAR\u00cdA)<\/p>\n<p>GLOSARIO<br \/>\nBIBLIOGRAF\u00cdA SELECCIONADA<br \/>\nFUENTES Y NOTAS<br \/>\nPUBLICACIONES TFR<\/p>","protected":false},"excerpt":{"rendered":"<p>por <a href=\"https:\/\/egyptianwisdomcenter.org\/es\/sobre\/\">Moustafa Gadalla<\/a><\/p>\n<hr \/>\n<p><strong>Resumen<\/strong><\/p>\n<p>La edici\u00f3n traducida al espa\u00f1ol revela las ra\u00edces egipcias antiguas del cristianismo, tanto hist\u00f3rica como espiritualmente. Este libro demuestra que los recuentos del \u201cJes\u00fas hist\u00f3rico\u201d se basan totalmente en la vida y muerte del fara\u00f3n egipcio, Twt\/Tut \u2014 Ankh \u2014 Am\u00f3n; y que el \u201cJes\u00fas de la fe\u201d y los principios cristianos son todos de origen egipcio, tales como la esencia de las ense\u00f1anzas\/mensaje, as\u00ed como las fiestas religiosas.<\/p>\n<hr \/>\n<p><center><br \/>\n<a class=\"button minimal\" href=\"https:\/\/books2read.com\/u\/bxMjdo\" target=\"_blank\" rel=\"noopener\">Ver opciones de compra<\/a><\/center><center><\/center><center><\/p>\n<div id='wpsr-reviews-slider-69092' class='wpsr-reviews-69092  wpsr-reviews-wrapper wpsr-feed-wrap wpsr_content  wpsr-reviews-slider-wrapper   wpsr-reviews-template-grid2 wpsr-reviews-layout-slider wpsr-header-enable' data-column='4' data-platforms='amazon' data-slider_settings='{&quot;autoplay&quot;:&quot;false&quot;,&quot;autoplay_speed&quot;:3000,&quot;slides_to_show&quot;:3,&quot;spaceBetween&quot;:20,&quot;responsive_slides_to_show&quot;:{&quot;desktop&quot;:2,&quot;tablet&quot;:2,&quot;mobile&quot;:1},&quot;slides_to_scroll&quot;:3,&quot;responsive_slides_to_scroll&quot;:{&quot;desktop&quot;:5,&quot;tablet&quot;:2,&quot;mobile&quot;:1},&quot;navigation&quot;:&quot;dot&quot;}'>\n<div class=\"wpsr-container wpsr-fixed-height\" style=\"\" >\n<div class=\"wpsr-business-info-wrapper\">\n<div class=\"wpsr-row\">\n<div class=\"wpsr-business-info  amazon\">\n<div class=\"wpsr-business-info-left\">\n<div class=\"wpsr-business-info-paltforms\"><img decoding=\"async\" src=\"https:\/\/egyptianwisdomcenter.org\/wp-content\/plugins\/wp-social-reviews\/assets\/images\/icon\/icon-amazon.png\" alt=\"amazon\"><\/div>\n<div class=\"wpsr-rating-and-count\"><span class=\"wpsr-total-rating\">3.7<\/span><span class=\"wpsr-rating\"><\/p>\n<div class=\"wpsr-star-container wpsr-star-background-filled\" style=\"--wpsr-review-star-fill: 100%;\">\n<div class=\"wpsr-star-empty\"><\/div>\n<div class=\"wpsr-star-filled\"><\/div>\n<\/p><\/div>\n<div class=\"wpsr-star-container wpsr-star-background-filled\" style=\"--wpsr-review-star-fill: 100%;\">\n<div class=\"wpsr-star-empty\"><\/div>\n<div class=\"wpsr-star-filled\"><\/div>\n<\/p><\/div>\n<div class=\"wpsr-star-container wpsr-star-background-filled\" style=\"--wpsr-review-star-fill: 100%;\">\n<div class=\"wpsr-star-empty\"><\/div>\n<div class=\"wpsr-star-filled\"><\/div>\n<\/p><\/div>\n<div class=\"wpsr-star-container wpsr-star-background-filled\" style=\"--wpsr-review-star-fill: 70%;\">\n<div class=\"wpsr-star-empty\"><\/div>\n<div class=\"wpsr-star-filled\"><\/div>\n<\/p><\/div>\n<div class=\"wpsr-star-container wpsr-star-background-empty\" style=\"--wpsr-review-star-fill: 0%;\">\n<div class=\"wpsr-star-empty\"><\/div>\n<div class=\"wpsr-star-filled\"><\/div>\n<\/p><\/div>\n<p><\/span><\/p>\n<div class=\"wpsr-total-reviews\">Based on <span>7<\/span> Reviews<\/div>\n<\/div>\n<\/div>\n<div class=\"wpsr-business-info-right\">\n<div class=\"wpsr-write-review-modal-wrapper\"><\/div>\n<\/div>\n<\/div>\n<\/div>\n<\/div>\n<div class=\"wpsr-row\" style=\"\">\n<div class=\"wpsr-reviews-slider-wrapper-inner\">\n<div class=\"wpsr-reviews-slider swiper-container wpsr-ai-summary-enabled-slider\" tabindex=\"0\">\n<div class=\"swiper-wrapper\">\n<div class=\"swiper-slide\" role=\"group\">\n<div class=\"wpsr-review-template wpsr-review-template-two wpsr-review-template-amazon\"\n                 style=\"\"\n                 data-index=\"0\"\n                 data-source_id=\"1549516248\"\n                 data-media_id=\"\"\n                 data-review_platform=\"amazon\"\n                 data-product_thumbnail=\"\"\n                 data-product_name=\"\"\n                 data-image_resize=\"full\"\n            ><\/p>\n<div class=\"wpsr-review-platform\">\n                <img decoding=\"async\" class=\"wpsr-review-platform-icon\" width=\"20\" height=\"20\" src=\"https:\/\/egyptianwisdomcenter.org\/wp-content\/plugins\/wp-social-reviews\/assets\/images\/icon\/icon-amazon-small.png\" alt=\"amazon\">\n    <\/div>\n<div class=\"wpsr-reviewer-image\">\n    <a class=\"wpsr-reviewer-image-url\" target=\"_blank\" rel=\"noopener noreferrer nofollow\" href=\"https:\/\/www.amazon.com\/Ra%C3%ADces-Cristianismo-Antiguo-Egipto-Spanish\/dp\/1549516248\"><br \/>\n                                    <img decoding=\"async\" class=\"wpsr-reviewer-avatar\" src=\"https:\/\/images-eu.ssl-images-amazon.com\/images\/S\/amazon-avatars-global\/default._CR0,0,1024,1024_SX48_.png\" alt=\"Beatriz\"\/><br \/>\n                        <\/a>\n<\/div>\n<div class=\"wpsr-review-info\">\n                        <a class=\"wpsr-reviewer-name-url\" target=\"_blank\" rel=\"noopener noreferrer nofollow\" href=\"https:\/\/www.amazon.com\/Ra%C3%ADces-Cristianismo-Antiguo-Egipto-Spanish\/dp\/1549516248\"><br \/>\n    <span class=\"wpsr-reviewer-name\">Beatriz<\/span><br \/>\n    <\/a><\/p>\n<div data-rating=\"4\" class=\"wpsr-rating-wrapper wpsr-rating\">\n<div class=\"wpsr-star-container wpsr-star-background-filled\" style=\"--wpsr-review-star-fill: 100%;\">\n<div class=\"wpsr-star-empty\"><\/div>\n<div class=\"wpsr-star-filled\"><\/div>\n<\/p><\/div>\n<div class=\"wpsr-star-container wpsr-star-background-filled\" style=\"--wpsr-review-star-fill: 100%;\">\n<div class=\"wpsr-star-empty\"><\/div>\n<div class=\"wpsr-star-filled\"><\/div>\n<\/p><\/div>\n<div class=\"wpsr-star-container wpsr-star-background-filled\" style=\"--wpsr-review-star-fill: 100%;\">\n<div class=\"wpsr-star-empty\"><\/div>\n<div class=\"wpsr-star-filled\"><\/div>\n<\/p><\/div>\n<div class=\"wpsr-star-container wpsr-star-background-filled\" style=\"--wpsr-review-star-fill: 100%;\">\n<div class=\"wpsr-star-empty\"><\/div>\n<div class=\"wpsr-star-filled\"><\/div>\n<\/p><\/div>\n<div class=\"wpsr-star-container wpsr-star-background-empty\" style=\"--wpsr-review-star-fill: 0%;\">\n<div class=\"wpsr-star-empty\"><\/div>\n<div class=\"wpsr-star-filled\"><\/div>\n<\/p><\/div>\n<\/p><\/div>\n<p><span data-time=\"6 ani ago\" class=\"wpsr-review-date\"><br \/>\n     iulie 31, 2020<\/span>                        <\/p><\/div>\n<div class=\"wpsr-reviews-content-footer\">\n<h3 class=\"wpsr-review-title\">\n    Bien<\/h3>\n<div class=\"wpsr-review-content\" tabindex=\"0\">\n<p class=\"wpsr_add_read_more wpsr_show_less_content\" data-num-words-trim=\"10\">F\u00e1cil y r\u00e1pido de leer.<br \/>\nCurioso, auqneue quiz\u00e1s falte alg\u00fan dato m\u00e1s. <\/p>\n<\/p><\/div>\n<\/p><\/div>\n<\/p><\/div>\n<\/p><\/div>\n<\/div>\n<\/div>\n<div class=\"wpsr-swiper-carousel-wrapper\">\n<div class=\"wpsr-swiper-pagination swiper-pagination\"><\/div>\n<\/div>\n<\/div>\n<\/div>\n<\/div>\n<\/div>\n<p><\/center><\/p>","protected":false},"featured_media":63025,"comment_status":"open","ping_status":"closed","template":"","meta":[],"product_brand":[],"product_cat":[112,111],"product_tag":[],"class_list":{"0":"post-63024","1":"product","2":"type-product","3":"status-publish","4":"has-post-thumbnail","6":"product_cat-edicion-espanola","7":"product_cat-espanol","9":"first","10":"instock","11":"shipping-taxable","12":"product-type-simple"},"aioseo_notices":[],"_links":{"self":[{"href":"https:\/\/egyptianwisdomcenter.org\/ro\/wp-json\/wp\/v2\/product\/63024","targetHints":{"allow":["GET"]}}],"collection":[{"href":"https:\/\/egyptianwisdomcenter.org\/ro\/wp-json\/wp\/v2\/product"}],"about":[{"href":"https:\/\/egyptianwisdomcenter.org\/ro\/wp-json\/wp\/v2\/types\/product"}],"replies":[{"embeddable":true,"href":"https:\/\/egyptianwisdomcenter.org\/ro\/wp-json\/wp\/v2\/comments?post=63024"}],"wp:featuredmedia":[{"embeddable":true,"href":"https:\/\/egyptianwisdomcenter.org\/ro\/wp-json\/wp\/v2\/media\/63025"}],"wp:attachment":[{"href":"https:\/\/egyptianwisdomcenter.org\/ro\/wp-json\/wp\/v2\/media?parent=63024"}],"wp:term":[{"taxonomy":"product_brand","embeddable":true,"href":"https:\/\/egyptianwisdomcenter.org\/ro\/wp-json\/wp\/v2\/product_brand?post=63024"},{"taxonomy":"product_cat","embeddable":true,"href":"https:\/\/egyptianwisdomcenter.org\/ro\/wp-json\/wp\/v2\/product_cat?post=63024"},{"taxonomy":"product_tag","embeddable":true,"href":"https:\/\/egyptianwisdomcenter.org\/ro\/wp-json\/wp\/v2\/product_tag?post=63024"}],"curies":[{"name":"wp","href":"https:\/\/api.w.org\/{rel}","templated":true}]}}