{"id":1498,"date":"2019-03-01T15:46:39","date_gmt":"2019-03-01T20:46:39","guid":{"rendered":"http:\/\/egyptianwisdomcenter.org\/la-lengua-egipcia-cultivada\/"},"modified":"2023-01-12T11:32:23","modified_gmt":"2023-01-12T16:32:23","slug":"la-lengua-egipcia-cultivada","status":"publish","type":"page","link":"https:\/\/egyptianwisdomcenter.org\/ru\/la-lengua-egipcia-cultivada\/","title":{"rendered":"La Lengua Egipcia Cultivada"},"content":{"rendered":"<h2 style=\"text-align: center;\"><span style=\"color: #ff0000;\"><strong>La Lengua Egipcia Cultivada<\/strong><\/span><\/h2>\n<p>&nbsp;<\/p>\n<p>Los textos del Antiguo Egipto reflejan la alta cultura del lenguaje y del pueblo egipcios. El egipt\u00f3logo alem\u00e1n, Adolf Erman, en su libro, <em>\u041b\u0438\u0442\u0435\u0440\u0430\u0442\u0443\u0440\u0430 \u0434\u0440\u0435\u0432\u043d\u0438\u0445 \u0435\u0433\u0438\u043f\u0442\u044f\u043d<\/em> [p\u00e1gina xxiv], escribi\u00f3,<\/p>\n<p style=\"padding-left: 30px;\"><em><strong>Ya hasta donde podemos remontarnos, el lenguaje egipcio muestra signos que deben ser acogidos con sumo cuidado. Es rico en met\u00e1foras y figuras ret\u00f3ricas, un \u201clenguaje sofisticado\u201d, que \u201ccompone y reflexiona\u201d para la persona que escribe.<\/strong><\/em><\/p>\n<p>El egipt\u00f3logo brit\u00e1nico, Alan Gardiner, en su libro, <em>Gram\u00e1tica Egipcia<\/em> [p\u00e1gina 4], escribi\u00f3,<\/p>\n<p style=\"padding-left: 30px;\"><em><strong>Una caracter\u00edstica no menos destacable del lenguaje es su concisi\u00f3n; las frases y las oraciones son breves y se ci\u00f1en a lo fundamental. Las construcciones implicadas y los per\u00edodos prolongados son raros, sin embargo aparecen en algunos documentos legales. El vocabulario era muy rico. La claridad del lenguaje egipcio se ayuda mucho de un orden de las palabras riguroso&#8230;<\/strong><\/em><\/p>\n<p>La variedad de temas descubiertos en los escritos del Antiguo Egipto es muy amplia, entre ellos destacamos los siguientes:<\/p>\n<ol>\n<li>Textos religiosos y funerarios<br \/>\n2. Registros comerciales y legales<br \/>\n3. Literatura\/documentos cient\u00edficos (como papiros matem\u00e1ticos)<br \/>\n4. Observaciones astron\u00f3micas<br \/>\n5. Trabajos m\u00e9dicos<br \/>\n6. Literatura de sabidur\u00eda<br \/>\n7. Meditaciones<br \/>\n8. Cartas<br \/>\n9. Poes\u00eda, letras e himnos<br \/>\n10. Magia<br \/>\n11. Relatos egipcios<br \/>\n12. Viajes<\/li>\n<\/ol>\n<p>Debido a que para los antiguos egipcios no existe diferencia entre lo sagrado y lo mundano, las interpretaciones de los textos egipcios se determinan, en gran medida, por las actitudes de los acad\u00e9micos implicados en el trabajo. El ignorante mundo acad\u00e9mico occidental aparecer\u00e1 (y ha aparecido) con un tipo de interpretaci\u00f3n in\u00fatil, mientras que aquellos que son verdaderamente estudiosos, har\u00e1n una interpretaci\u00f3n totalmente diferente del mismo texto, mostrando el conocimiento y la iluminaci\u00f3n de los egipcios.<\/p>\n<p>Los egipcios fueron capaces de utilizar escritos en todas las facetas de sus vidas, inventando excelentes materiales de escritura y libros. Utilizaron materiales de escritura de cuero, piedra, madera y papiro, en lugar de lo utilizado por los minoico-mic\u00e9nicos, babil\u00f3nicos y otros que ten\u00edan que escribir sus signos sobre arcilla, un procedimiento que ha obtenido las molestas tablillas de escritura cuneiforme rudimentarias.<\/p>\n<p>Los antiguos egipcios fabricaron libros al engomar juntas hojas de papiro independientes; y existen espectaculares manuscritos con una medida de 20 y 40 metros. Los egipcios utilizaban plumas y tinta de permanencia indestructible, que mol\u00edan sobre paletas de madera. Estas superficies y herramientas de escritura eran numerosas, permitiendo a los escribas escribir manuscritos dibujados con signos claros, elegantes, curvos y consistentes. Utilizando una pluma (en lugar de una herramienta puntiaguda) se producen unas letras con formas m\u00e1s redondeadas.<\/p>\n<p>[Para m\u00e1s informaci\u00f3n sobre los temas de este cap\u00edtulo lea las siguientes cuatro publicaciones de Moustafa Gadalla:<br \/>\n&#8211; <em>\u0414\u0440\u0435\u0432\u043d\u0435\u0435\u0433\u0438\u043f\u0435\u0442\u0441\u043a\u0438\u0435 \u0430\u043b\u0444\u0430\u0432\u0438\u0442\u043d\u044b\u0435 \u0431\u0443\u043a\u0432\u044b \u0446\u0438\u043a\u043b\u0430 \u0442\u0432\u043e\u0440\u0435\u043d\u0438\u044f<\/em><br \/>\n&#8211; <em>\u0423\u043d\u0438\u0432\u0435\u0440\u0441\u0430\u043b\u044c\u043d\u044b\u0435 \u0441\u043f\u043e\u0441\u043e\u0431\u044b \u043f\u0438\u0441\u044c\u043c\u0430 \u0414\u0440\u0435\u0432\u043d\u0435\u0433\u043e \u0415\u0433\u0438\u043f\u0442\u0430<\/em><br \/>\n&#8211; <em>\u041c\u0443\u0437\u044b\u043a\u0430\u043b\u044c\u043d\u044b\u0435 \u0430\u0441\u043f\u0435\u043a\u0442\u044b \u0434\u0440\u0435\u0432\u043d\u0435\u0435\u0433\u0438\u043f\u0435\u0442\u0441\u043a\u043e\u0433\u043e \u0432\u043e\u043a\u0430\u043b\u044c\u043d\u043e\u0433\u043e \u044f\u0437\u044b\u043a\u0430<\/em><br \/>\n&#8211; <em>\u041c\u0435\u0442\u0430\u0444\u0438\u0437\u0438\u0447\u0435\u0441\u043a\u0438\u0439 \u044f\u0437\u044b\u043a \u0435\u0433\u0438\u043f\u0435\u0442\u0441\u043a\u0438\u0445 \u0438\u0435\u0440\u043e\u0433\u043b\u0438\u0444\u043e\u0432<\/em>]<\/p>\n<p>&nbsp;<\/p>\n<p><span style=\"color: #ff0000;\"><strong>[Un extracto de La Cultura Revelada Del Antiguo Egipto, Segunda edicion <\/strong><\/span><span style=\"color: #ff0000;\"><strong>por Moustafa Gadalla]<\/strong><\/span><\/p>\n<div dir=\"auto\">\n<p><span style=\"color: #0000ff;\"><strong>https:\/\/egyptianwisdomcenter.org\/product\/la-cultura-revelada-del-antiguo-egipto\/<\/strong><\/span><\/p>\n<p><img decoding=\"async\" class=\"aligncenter\" src=\"https:\/\/egypt-tehuti.org\/wp-content\/uploads\/2017\/11\/spanish-2-e1514402470988-225x338.jpg\" \/><\/p>\n<p style=\"text-align: center;\"><span style=\"color: #0000ff;\"><strong>https:\/\/egyptianwisdomcenter.org\/product\/la-cultura-revelada-del-antiguo-egipto\/<\/strong><\/span><\/p>\n<\/div>","protected":false},"excerpt":{"rendered":"<p>La Lengua Egipcia Cultivada &nbsp; Los textos del Antiguo Egipto reflejan la alta cultura del lenguaje y del pueblo egipcios. El egipt\u00f3logo [&hellip;]<\/p>","protected":false},"author":3,"featured_media":0,"parent":0,"menu_order":0,"comment_status":"closed","ping_status":"closed","template":"","meta":{"footnotes":""},"class_list":["post-1498","page","type-page","status-publish","hentry"],"aioseo_notices":[],"_links":{"self":[{"href":"https:\/\/egyptianwisdomcenter.org\/ru\/wp-json\/wp\/v2\/pages\/1498","targetHints":{"allow":["GET"]}}],"collection":[{"href":"https:\/\/egyptianwisdomcenter.org\/ru\/wp-json\/wp\/v2\/pages"}],"about":[{"href":"https:\/\/egyptianwisdomcenter.org\/ru\/wp-json\/wp\/v2\/types\/page"}],"author":[{"embeddable":true,"href":"https:\/\/egyptianwisdomcenter.org\/ru\/wp-json\/wp\/v2\/users\/3"}],"replies":[{"embeddable":true,"href":"https:\/\/egyptianwisdomcenter.org\/ru\/wp-json\/wp\/v2\/comments?post=1498"}],"version-history":[{"count":0,"href":"https:\/\/egyptianwisdomcenter.org\/ru\/wp-json\/wp\/v2\/pages\/1498\/revisions"}],"wp:attachment":[{"href":"https:\/\/egyptianwisdomcenter.org\/ru\/wp-json\/wp\/v2\/media?parent=1498"}],"curies":[{"name":"wp","href":"https:\/\/api.w.org\/{rel}","templated":true}]}}