{"id":24623,"date":"2019-03-07T15:16:27","date_gmt":"2019-03-07T20:16:27","guid":{"rendered":"https:\/\/egyptianwisdomcenter.org\/a-falhada-teoria-da-construcao-comum-das-piramides\/"},"modified":"2023-01-10T15:23:19","modified_gmt":"2023-01-10T20:23:19","slug":"a-falhada-teoria-da-construcao-comum-das-piramides","status":"publish","type":"page","link":"https:\/\/egyptianwisdomcenter.org\/ru\/a-falhada-teoria-da-construcao-comum-das-piramides\/","title":{"rendered":"A Falhada &#8220;Teoria Da Constru\u00e7\u00e3o Comum&#8221; Das Pir\u00e2mides"},"content":{"rendered":"<h2 style=\"text-align: center;\"><span style=\"color: #0000ff;\">A Falhada &#8220;Teoria Da Constru\u00e7\u00e3o Comum&#8221; Das Pir\u00e2mides<\/span><\/h2>\n<p>&nbsp;<\/p>\n<h3><span style=\"color: #ff0000;\"><strong>1. <\/strong><strong>A \u201cTeoria\u201d Comum<\/strong><\/span><\/h3>\n<p>Muitos egipt\u00f3logos acad\u00eamicos afirmam que n\u00e3o existem registros eg\u00edpcios antigos, de qualquer per\u00edodo, que descrevam a forma como as pir\u00e2mides foram constru\u00eddas. O erro deles \u00e9 que pr\u00e9-determinaram o m\u00e9todo de constru\u00e7\u00e3o, e apenas buscam os registros para afirmar a sua teoria pr\u00e9-concebida. Por consequ\u00eancia, inventaram uma teoria. Sua teoria \u201cinventada\u201d \u00e9 a seguinte:<\/p>\n<p style=\"padding-left: 30px;\">a. Os blocos de pir\u00e2mide consistem em dois tipos:<\/p>\n<p style=\"padding-left: 60px;\">i. Os blocos da base constru\u00edda, principalmente, com blocos locais extra\u00eddos de pedra calc\u00e1ria, cimentados com uma fina camada de argamassa.<\/p>\n<p style=\"padding-left: 60px;\">ii. Pedras de revestimento exterior, constitu\u00eddas de pedra calc\u00e1ria de gr\u00e3o fino extra\u00eddas de Tura, na margem leste do Nilo, e transportadas pelo rio Nilo at\u00e9 o local.<\/p>\n<p><a href=\"https:\/\/pressbooks.com\/app\/uploads\/sites\/42612\/2015\/12\/epr-ph-49bot-72c.jpg\"><img loading=\"lazy\" decoding=\"async\" class=\"size-full wp-image-1527 aligncenter\" src=\"https:\/\/pressbooks.com\/app\/uploads\/sites\/42612\/2015\/12\/epr-ph-49bot-72c.jpg\" alt=\"\" width=\"216\" height=\"112\" \/><\/a><\/p>\n<p style=\"padding-left: 30px;\">b. Para cortar e moldar os blocos de pedra, os eg\u00edpcios teriam usado o seguinte:<\/p>\n<p style=\"padding-left: 60px;\">i. cinz\u00e9is de cobre e possivelmente ferramentas de ferro;<\/p>\n<p style=\"padding-left: 60px;\">ii. trituradores de quartzo, d\u00edmero e pederneira;<\/p>\n<p style=\"padding-left: 60px;\">iii. grandes hastes de alavanca de madeira.<\/p>\n<p style=\"padding-left: 30px;\">c. Para transportar os blocos de pedra, teriam usado tren\u00f3s e rolos de madeira. Em seguida, as pedras \u201cextra\u00eddas\u201d eram transportadas em rampas tempor\u00e1rias que aumentavam tanto em altura quanto em comprimento, conforme subiam os sucessivos n\u00edveis da pir\u00e2mide.<\/p>\n<h3><strong>a. A Origem N\u00e3o Identificada Dos Blocos Extra\u00eddos<\/strong><\/h3>\n<p>Consideremos os seguintes fatos indiscut\u00edveis sobre a pir\u00e2mide de Khufu (Qu\u00e9ops) de Giz\u00e9. [Fatos semelhantes aos mencionados aqui tamb\u00e9m s\u00e3o aplic\u00e1veis a todas as pir\u00e2mides de alvenaria.]<\/p>\n<p style=\"padding-left: 30px;\">1. A Grande Pir\u00e2mide cont\u00e9m aproximadamente 2,6 milh\u00f5es de blocos de constru\u00e7\u00e3o, pesando de duas a setenta toneladas cada um.<\/p>\n<p style=\"padding-left: 30px;\">2. Quase nenhum dos blocos da pir\u00e2mide coincide quimicamente ou mineralogicamente com a base rochosa de Giz\u00e9.<\/p>\n<p style=\"padding-left: 30px;\">3. A base rochosa do Planalto de Giz\u00e9 \u00e9 feita de camadas, enquanto os blocos de pir\u00e2mide n\u00e3o cont\u00eam camadas.<\/p>\n<p style=\"padding-left: 30px;\">4. As camadas e os defeitos tornam imposs\u00edvel cortar a pedra em dimens\u00f5es perfeitamente uniformes.<\/p>\n<p style=\"padding-left: 30px;\">5. Ge\u00f3logos e geoqu\u00edmicos n\u00e3o concordam com a origem dos blocos da pir\u00e2mide. Isso por si s\u00f3 j\u00e1 abala a teoria comum de que a alvenaria central da pir\u00e2mide foi extra\u00edda do rochedo local.<\/p>\n<p style=\"padding-left: 30px;\">6. Pedras naturais consistem em conchas f\u00f3sseis que se depositam horizontalmente ou planas no solo, como resultado da forma\u00e7\u00e3o de camadas sedimentares de rocha durante milh\u00f5es de anos. Os blocos das pir\u00e2mides de alvenaria do Egito apresentam conchas misturadas, o que indica que s\u00e3o de pedra fundida artificialmente pelo homem. Em qualquer concreto, o agregado \u00e9 misturado e, como resultado, o concreto fundido n\u00e3o apresenta camadas sedimentares. Essas pir\u00e2mides consistiam essencialmente em calc\u00e1rio de concha f\u00f3ssil, um material heterog\u00eaneo muito dif\u00edcil de ser cortado com precis\u00e3o.<\/p>\n<p style=\"padding-left: 30px;\">7. Cientistas franceses descobriram que a densidade aparente dos blocos da pir\u00e2mide \u00e9 20% mais leve do que a pedra calc\u00e1ria local. Os blocos fundidos s\u00e3o sempre de 20% a 25% mais leves que as rochas naturais, pois est\u00e3o cheios de bolhas de ar.<\/p>\n<h3><strong>b. Impossibilidades De Corte E Modelagem<\/strong><\/h3>\n<p style=\"padding-left: 30px;\">1. As ferramentas de pedra ou cobre (que s\u00e3o materiais macios) usadas pelos eg\u00edpcios naquela \u00e9poca n\u00e3o conseguem cortar granito grande ou milh\u00f5es de blocos de pedra calc\u00e1ria com a precis\u00e3o de uma fina folha de papel, e nunca dentro dos tempos atribu\u00eddos para a constru\u00e7\u00e3o dessas pir\u00e2mides.<\/p>\n<p style=\"padding-left: 30px;\">2. A pedra calc\u00e1ria frequentemente se divide durante o corte. As falhas e camadas na base rochosa garantem que, para cada bloco cortado no padr\u00e3o, pelo menos um ir\u00e1 rachar ou ser dimensionado inadequadamente durante a extra\u00e7\u00e3o na pedreira.<\/p>\n<p style=\"padding-left: 60px;\"><strong>&gt;&gt; Dados os muitos milh\u00f5es de blocos de todas essas pir\u00e2mides, deveria haver milh\u00f5es de blocos rachados pr\u00f3ximos ou em algum lugar no Egito, mas estes n\u00e3o s\u00e3o encontrados em lugar algum.<\/strong><\/p>\n<p style=\"padding-left: 60px;\">Em suma, o fato de n\u00e3o haver nenhum bloco rachado ou entulho nas redondezas significa que nenhuma extra\u00e7\u00e3o de pedreira ocorreu. Historiadores antigos, que documentaram suas visitas ao Egito, n\u00e3o mencionaram qualquer monte de blocos quebrados.<\/p>\n<p style=\"padding-left: 30px;\">3. Alguns te\u00f3ricos sugerem que, para a extra\u00e7\u00e3o das pedras na pedreira, os eg\u00edpcios podem ter aquecido a superf\u00edcie da pedra a uma temperatura muito alta com fogo, e em seguida pulverizando \u00e1gua para que ela se dividisse. Essa sugest\u00e3o \u00e9 inv\u00e1lida porque:<\/p>\n<p style=\"padding-left: 60px;\"><strong>Em primeiro lugar<\/strong>, esse m\u00e9todo resulta em superf\u00edcies irregulares, e n\u00e3o produz blocos de forma regular. Esse m\u00e9todo s\u00f3 pode ser usado para reduzir grandes peda\u00e7os de arenito, granito ou basalto em agregados menores, irregulares e fragmentados.<\/p>\n<p style=\"padding-left: 60px;\"><strong>Em segundo lugar<\/strong>, o aquecimento com fogo transforma o calc\u00e1rio em cal a 704\u00b0 (1.300\u00b0F). Em outras palavras, n\u00e3o mais peda\u00e7os s\u00f3lidos de pedra, mas apenas cal. Assim sendo, a produ\u00e7\u00e3o dos blocos atrav\u00e9s do aquecimento da pedra calc\u00e1ria teria sido imposs\u00edvel.<\/p>\n<p style=\"padding-left: 30px;\">4. Existem cerca de dez comprimentos de bloco padr\u00e3o em toda a pir\u00e2mide. Da mesma forma, um n\u00famero limitado de tamanhos padr\u00e3o tamb\u00e9m se aplica em outras pir\u00e2mides. O entalhe de dimens\u00f5es t\u00e3o uniformes \u00e9 imposs\u00edvel. A conclus\u00e3o mais l\u00f3gica \u00e9 que foram utilizadas formas para a produ\u00e7\u00e3o padronizada de concreto.<\/p>\n<p><img decoding=\"async\" class=\"aligncenter\" src=\"https:\/\/pressbooks.com\/app\/uploads\/sites\/42612\/2015\/12\/epr-ch7-photo1-96c.jpg\" \/><\/p>\n<p>&nbsp;<\/p>\n<p style=\"padding-left: 30px;\">5. Outro fato importante se refere ao comprimento de alguns blocos. Observou-se que os blocos mais compridos nas pir\u00e2mides sempre t\u00eam o mesmo comprimento. Esta \u00e9 uma evid\u00eancia extremamente forte a favor do uso dos moldes de fundi\u00e7\u00e3o.<\/p>\n<p><a href=\"https:\/\/pressbooks.com\/app\/uploads\/sites\/42612\/2015\/12\/epr-ch7-photo2-96c.jpg\"><img loading=\"lazy\" decoding=\"async\" class=\"size-full wp-image-1412 aligncenter\" src=\"https:\/\/pressbooks.com\/app\/uploads\/sites\/42612\/2015\/12\/epr-ch7-photo2-96c.jpg\" alt=\"\" width=\"288\" height=\"192\" \/><\/a><\/p>\n<h3><strong>c. A Log\u00edstica Da Teoria De Rampas Fabricadas<\/strong><\/h3>\n<p>\u0394 Essa teoria \u00e9 totalmente inventada, mas foi repetida tantas vezes que se tornou um <em>fato<\/em> na cabe\u00e7a da maioria das pessoas.<\/p>\n<p>\u0394 Her\u00f3doto nunca mencionou tais rampas. Seu relato hist\u00f3rico descrevia o t\u00edpico passadi\u00e7o de pedra entre a base da pir\u00e2mide e o Templo do Vale. Esse passadi\u00e7o era um dispositivo permanente que tinha, tal como Her\u00f3doto descreveu, 3300\u2019 (1.006 m) de comprimento, 60\u2019 (18 m) de largura e 48\u2019 (15 m) de altura, e n\u00e3o era usado para transportar blocos.<\/p>\n<p>\u0394 Muitos acad\u00eamicos querem crer que a \u00fanica forma de construir a pir\u00e2mide seria atrav\u00e9s de uma rampa tempor\u00e1ria, que aumentava em altura e comprimento atingindo-se, assim, os sucessivos n\u00edveis da pir\u00e2mide.<\/p>\n<p>\u0394 Pessoas ligadas a essa teoria das rampas fazem refer\u00eancia ao que parece ser uma rampa de barro, encontrada no Complexo de Sekhemket, em Sacar\u00e1. Mesmo que fosse uma rampa, ela tinha apenas 23\u2019 (7 m) de altura. As pir\u00e2mides constru\u00eddas s\u00e3o muito mais altas do que isso.<\/p>\n<p>\u0394 O engenheiro civil dinamarqu\u00eas P. Garde-Hanson calculou que, para construir uma rampa at\u00e9 o topo da pir\u00e2mide de Qu\u00e9ops, seriam necess\u00e1rios 17,5 milh\u00f5es de jardas c\u00fabicas (13,4 milh\u00f5es de metros c\u00fabicos) de material (sete vezes o montante necess\u00e1rio para a pr\u00f3pria pir\u00e2mide). Uma for\u00e7a de trabalho de 240 mil homens teria sido necess\u00e1ria para construir tal rampa durante o reinado de 23 anos de Qu\u00e9ops.<\/p>\n<p>\u0394 Para desmantelar a rampa na conclus\u00e3o da pir\u00e2mide de Qu\u00e9ops, seria necess\u00e1rio o trabalho de 300 mil homens durante oito anos. Tal quantidade de entulho n\u00e3o \u00e9 vis\u00edvel em nenhum lugar ao redor e nunca foi mencionada por historiadores anteriores.<\/p>\n<p>\u0394 Depois de chegar a n\u00fameros t\u00e3o inacredit\u00e1veis, Garde-Hanson teorizou uma combina\u00e7\u00e3o de rampa e guincho. Ele prop\u00f4s uma rampa que chegaria a meio caminho da pir\u00e2mide. Em tal n\u00edvel, cerca de 90% do material necess\u00e1rio para a pir\u00e2mide j\u00e1 teria sido usado. O segundo elemento de sua teoria, um misterioso tipo de guincho, foi e ainda \u00e9 uma quest\u00e3o n\u00e3o resolvida.<\/p>\n<p>Concordemos com a teoria de Garde-Hanson e tentemos visualizar seus n\u00fameros estarrecedores: quatro mil pedreiros durante o ano inteiro produzindo 330 blocos por dia. Durante a temporada de inunda\u00e7\u00e3o, quatro mil blocos por dia sendo transportados para o Nilo, atravessados, conduzidos atrav\u00e9s da rampa at\u00e9 o planalto de Giz\u00e9, e colocados em seu lugar na base \u2013 a um ritmo de 6,67 blocos por minuto! Imagine: 6,67 blocos a cada 60 segundos!<\/p>\n<p>Tal ritmo \u00e9 simplesmente imposs\u00edvel de se alcan\u00e7ar. Esse \u00e9 outro motivo para desconsiderar a validade das teorias sobre rampas e extra\u00e7\u00e3o de pedreiras.<\/p>\n<p class=\"hanging-indent\">\u0394 Construir e remover tais rampas teria sido uma tarefa muito maior do que construir qualquer uma das pir\u00e2mides. Como os acad\u00eamicos s\u00f3 conseguem imaginar \u201cmeios primitivos\u201d para os antigos eg\u00edpcios, eles acabam complicando as suas pr\u00f3prias teorias.<\/p>\n<p style=\"text-align: center;\">\u0394 \u00a0\u00a0\u00a0\u00a0\u00a0\u00a0\u00a0\u00a0\u00a0\u00a0\u00a0\u00a0 \u0394 \u00a0\u00a0\u00a0\u00a0\u00a0\u00a0\u00a0\u00a0\u00a0\u00a0\u00a0\u00a0 \u0394<\/p>\n<h3><span style=\"color: #ff0000;\"><strong>2. As Tr\u00eas Pir\u00e2mides Esquecidas De Seneferu<\/strong><\/span><\/h3>\n<p>Seneferu, durante seu reinado de 24 anos, foi capaz de construir as duas principais pir\u00e2mides em Dahshur, assim como uma terceira pir\u00e2mide em Meidum. Isso significa que, no decorrer de seu reinado de 24 anos, ele foi respons\u00e1vel pela produ\u00e7\u00e3o de cerca de nove milh\u00f5es de toneladas de pedra \u2013 v\u00e1rias vezes a quantidade da Grande Pir\u00e2mide de Giz\u00e9. A pr\u00f3pria tentativa de se calcular a log\u00edstica desse trabalho, em termos modernos, j\u00e1 se torna uma tarefa desgastante.<\/p>\n<p style=\"text-align: center;\">\u0394 \u00a0\u00a0\u00a0\u00a0\u00a0\u00a0\u00a0\u00a0\u00a0\u00a0\u00a0\u00a0 \u0394 \u00a0\u00a0\u00a0\u00a0\u00a0\u00a0\u00a0\u00a0\u00a0\u00a0\u00a0\u00a0 \u0394<\/p>\n<h3><span style=\"color: #ff0000;\"><strong>3. Quest\u00f5es De Somat\u00f3rio Que Refutam A \u201cTeoria Comum\u201d Ocidental<\/strong><\/span><\/h3>\n<p>Por n\u00e3o terem a mente aberta, tais acad\u00eamicos tornaram dif\u00edcil para si pr\u00f3prios encontrar respostas para muitas perguntas.<\/p>\n<p>Com base nos elementos da \u201cteoria comum\u201d do corte de pedra, reboque e i\u00e7amento, como podemos responder logicamente \u00e0s seguintes quest\u00f5es?<\/p>\n<p>1. Onde obtiveram a enorme quantidade de pedra necess\u00e1ria para construir essa e outras pir\u00e2mides? N\u00e3o h\u00e1 provas f\u00edsicas de tal fonte, seja qual ela for.<\/p>\n<p>2. Como conseguiram fazer os lados inclinados das pir\u00e2mides absolutamente planos?<\/p>\n<p>3. Como fizeram os quatro lados inclinados se encontrarem em um ponto perfeito na c\u00fapula?<\/p>\n<p>4. Como fizeram as camadas t\u00e3o niveladas?<\/p>\n<p>5. Como cortaram as pedras, de modo que se encaixassem com tanta precis\u00e3o?<\/p>\n<p>6. Que ferramentas usaram?<\/p>\n<p>7. Como poderia o n\u00famero necess\u00e1rio de trabalhadores (estimados em 240-300 mil pessoas) fazer manobras em um local de constru\u00e7\u00e3o confinado?<\/p>\n<p>8. Como cortaram os blocos de forma t\u00e3o uniforme?<\/p>\n<p>9. Como colocaram alguns dos blocos mais pesados da pir\u00e2mide a grandes alturas?<\/p>\n<p>10. Como 115 mil blocos de revestimento foram perfeitamente ajustados, com juntas da largura de um fio de cabelo aproximadamente, como foi o caso da pir\u00e2mide de Qu\u00e9ops?<\/p>\n<p>11. Como conseguiram fazer todo o trabalho em cerca de 20 anos?<\/p>\n<p>Todas essas quest\u00f5es invalidam a \u201cteoria comum\u201d. O bom senso, junto com a evid\u00eancia f\u00edsica, leva \u00e0 conclus\u00e3o de que os blocos foram feitos artificialmente, como ser\u00e1 explicado mais adiante.<\/p>\n<p>&nbsp;<\/p>\n<p><span style=\"color: #ff0000;\"><strong>[Um trecho <span style=\"color: #0000ff;\">Revisitando as Pir\u00e2mides Eg\u00edpcias<\/span><\/strong><\/span><span style=\"color: #ff0000;\"><strong><span style=\"color: #0000ff;\">\u00a0<\/span>por Moustafa Gadalla]<\/strong><\/span><\/p>\n<div dir=\"auto\">\n<p><span style=\"color: #0000ff;\"><strong>https:\/\/egyptianwisdomcenter.org\/product\/revisitando-as-piramides-egipcia\/<\/strong><\/span><\/p>\n<p><img decoding=\"async\" class=\"aligncenter\" src=\"https:\/\/egypt-tehuti.org\/wp-content\/uploads\/2018\/06\/Revisitando-as-Pira%CC%82mides-Egi%CC%81pcias-225x338.jpg\" \/><\/p>\n<div dir=\"auto\" style=\"text-align: center;\"><span style=\"color: #0000ff;\"><strong>https:\/\/egyptianwisdomcenter.org\/product\/revisitando-as-piramides-egipcia\/<\/strong><\/span><\/div>\n<\/div>\n","protected":false},"excerpt":{"rendered":"<p>A Falhada &#8220;Teoria Da Constru\u00e7\u00e3o Comum&#8221; Das Pir\u00e2mides &nbsp; 1. A \u201cTeoria\u201d Comum Muitos egipt\u00f3logos acad\u00eamicos afirmam que n\u00e3o existem registros eg\u00edpcios [&hellip;]<\/p>\n","protected":false},"author":3,"featured_media":0,"parent":0,"menu_order":0,"comment_status":"closed","ping_status":"closed","template":"","meta":{"_monsterinsights_skip_tracking":false,"_monsterinsights_sitenote_active":false,"_monsterinsights_sitenote_note":"","_monsterinsights_sitenote_category":0,"footnotes":""},"class_list":["post-24623","page","type-page","status-publish","hentry"],"aioseo_notices":[],"_links":{"self":[{"href":"https:\/\/egyptianwisdomcenter.org\/ru\/wp-json\/wp\/v2\/pages\/24623","targetHints":{"allow":["GET"]}}],"collection":[{"href":"https:\/\/egyptianwisdomcenter.org\/ru\/wp-json\/wp\/v2\/pages"}],"about":[{"href":"https:\/\/egyptianwisdomcenter.org\/ru\/wp-json\/wp\/v2\/types\/page"}],"author":[{"embeddable":true,"href":"https:\/\/egyptianwisdomcenter.org\/ru\/wp-json\/wp\/v2\/users\/3"}],"replies":[{"embeddable":true,"href":"https:\/\/egyptianwisdomcenter.org\/ru\/wp-json\/wp\/v2\/comments?post=24623"}],"version-history":[{"count":0,"href":"https:\/\/egyptianwisdomcenter.org\/ru\/wp-json\/wp\/v2\/pages\/24623\/revisions"}],"wp:attachment":[{"href":"https:\/\/egyptianwisdomcenter.org\/ru\/wp-json\/wp\/v2\/media?parent=24623"}],"curies":[{"name":"wp","href":"https:\/\/api.w.org\/{rel}","templated":true}]}}