{"id":26584,"date":"2019-03-23T21:39:34","date_gmt":"2019-03-24T01:39:34","guid":{"rendered":"http:\/\/egyptianwisdomcenter.org\/antiguidades-terra-e-povos-do-egito\/"},"modified":"2019-03-23T21:39:34","modified_gmt":"2019-03-24T01:39:34","slug":"antiguidades-terra-e-povos-do-egito","status":"publish","type":"page","link":"https:\/\/egyptianwisdomcenter.org\/ru\/antiguidades-terra-e-povos-do-egito\/","title":{"rendered":"Antiguidades, terra e povos do Egito."},"content":{"rendered":"<h2>Antiguidades, terra e povos do Egito.<\/h2>\n<ul>\n<li><a href=\"https:\/\/egyptianwisdomcenter.org\/ru\/\u043d\u0430\u0441\u0442\u043e\u044f\u0449\u0430\u044f-\u043d\u0435\u0432\u0435\u0440\u043e\u044f\u0442\u043d\u0430\u044f-\u0434\u0430\u043b\u0435\u043a\u0430\u044f-\u044d\u043f\u043e\u0445\u0430\/\">A idade remota incr\u00edvel real do Egito antigo<\/a><\/li>\n<li><a href=\"https:\/\/egyptianwisdomcenter.org\/ru\/\u0438\u0434\u0435\u0430\u043b\u044c\u043d\u044b\u0439-\u0435\u0433\u0438\u043f\u0435\u0442\u0441\u043a\u0438\u0439-\u043a\u0430\u043b\u0435\u043d\u0434\u0430\u0440\u044c-2\/\">O calend\u00e1rio eg\u00edpcio perfeito<\/a><\/li>\n<li><a href=\"https:\/\/egyptianwisdomcenter.org\/ru\/\u043f\u043e\u0441\u0442\u0444\u0430\u0440\u0430\u043e\u043d\u043e\u0432\u0441\u043a\u0430\u044f-\u0438\u0441\u0442\u043e\u0440\u0438\u044f-\u0435\u0433\u0438\u043f\u0442\u0430-\u043f\u0440\u0435\/\">A hist\u00f3ria eg\u00edpcia p\u00f3s-Pharaonic como predita em Hermetica<\/a><\/li>\n<li><a href=\"https:\/\/egyptianwisdomcenter.org\/ru\/\u043d\u0430\u0440\u043e\u0434\u044b-\u0435\u0433\u0438\u043f\u0442\u0430-2\/\">Os povos do Egito<\/a><\/li>\n<li><a href=\"https:\/\/egyptianwisdomcenter.org\/ru\/\u0434\u0432\u0435-\u0437\u0435\u043c\u043b\u0438-2\/\">As duas terras<\/a><\/li>\n<li><a href=\"https:\/\/egyptianwisdomcenter.org\/ru\/\u0434\u0440\u0435\u0432\u043d\u0438\u0435-\u0435\u0433\u0438\u043f\u0435\u0442\u0441\u043a\u0438\u0435-\u043f\u043e\u0441\u0435\u043b\u0435\u043d\u0438\u044f-\u043f\u043e-\u0432\u0441\u0435\u043c\/\">Assentamentos eg\u00edpcios antigos em todo o mundo<\/a><\/li>\n<\/ul>","protected":false},"excerpt":{"rendered":"<p>Antiguidades, terra e povos do Egito. A idade remota incr\u00edvel real do Egito antigo O calend\u00e1rio eg\u00edpcio perfeito A hist\u00f3ria eg\u00edpcia p\u00f3s-Pharaonic [&hellip;]<\/p>","protected":false},"author":3,"featured_media":0,"parent":0,"menu_order":0,"comment_status":"closed","ping_status":"closed","template":"","meta":{"footnotes":""},"class_list":["post-26584","page","type-page","status-publish","hentry"],"aioseo_notices":[],"_links":{"self":[{"href":"https:\/\/egyptianwisdomcenter.org\/ru\/wp-json\/wp\/v2\/pages\/26584","targetHints":{"allow":["GET"]}}],"collection":[{"href":"https:\/\/egyptianwisdomcenter.org\/ru\/wp-json\/wp\/v2\/pages"}],"about":[{"href":"https:\/\/egyptianwisdomcenter.org\/ru\/wp-json\/wp\/v2\/types\/page"}],"author":[{"embeddable":true,"href":"https:\/\/egyptianwisdomcenter.org\/ru\/wp-json\/wp\/v2\/users\/3"}],"replies":[{"embeddable":true,"href":"https:\/\/egyptianwisdomcenter.org\/ru\/wp-json\/wp\/v2\/comments?post=26584"}],"version-history":[{"count":0,"href":"https:\/\/egyptianwisdomcenter.org\/ru\/wp-json\/wp\/v2\/pages\/26584\/revisions"}],"wp:attachment":[{"href":"https:\/\/egyptianwisdomcenter.org\/ru\/wp-json\/wp\/v2\/media?parent=26584"}],"curies":[{"name":"wp","href":"https:\/\/api.w.org\/{rel}","templated":true}]}}