{"id":29546,"date":"2019-03-25T14:35:42","date_gmt":"2019-03-25T18:35:42","guid":{"rendered":"http:\/\/egyptianwisdomcenter.org\/iside-la-divinita-femminile\/"},"modified":"2023-01-10T12:52:12","modified_gmt":"2023-01-10T17:52:12","slug":"iside-la-divinita-femminile","status":"publish","type":"page","link":"https:\/\/egyptianwisdomcenter.org\/ru\/iside-la-divinita-femminile\/","title":{"rendered":"Iside La Divinit\u00e0 Femminile"},"content":{"rendered":"<h2 style=\"text-align: center;\"><span style=\"color: #0000ff;\"><strong>Iside La Divinit\u00e0 Femminile<\/strong><\/span><\/h2>\n<p>&nbsp;<\/p>\n<h3><span style=\"color: #ff0000;\"><strong>Il Suo Nome<\/strong><\/span><\/h3>\n<p>Oggi, l\u2019uso comune del nome Iside \u00e8 limitato ai suoi aspetti di devozione materna, fedelt\u00e0 e dolcezza. Ma Iside \u00e8 molto pi\u00f9 di questo: rappresenta il principio femminile divino che comprende il potere creativo che ha concepito (sia in senso fisico che metafisico) e dato vita a tutte le creature viventi.<\/p>\n<p>Gli antichi Egizi consideravano Iside il simbolo del principio femminile cosmico. Questo principio comprende migliaia di qualit\u00e0 e attributi femminili, e gli Egizi avevano termini per descriverne ogni manifestazione.<\/p>\n<p>Nella cultura e nella lingua di buona parte dei popoli occidentali, un <em>nome<\/em> \u00e8 una mera etichetta per distinguere una persona o una cosa da un\u2019altra. Ma per gli egiziani, sia per l\u2019antica che per l\u2019attuale maggioranza silenziosa, un \u201cnome\u201d di uso comune rappresenta il curriculum o la sintesi delle qualit\u00e0 e degli attributi di un\u2019entit\u00e0. I <em>nomi comuni <\/em>egiziani sono gli attributi e le qualit\u00e0 di qualsiasi entit\u00e0, il che \u00e8 paragonabile alle parole italiane che rappresentano un\u2019attivit\u00e0 specifica, quali falegname, contadino ecc.<\/p>\n<p>In italiano il suo <em>nome<\/em> \u00e8 Iside, gli Egizi, invece, utilizzavano un termine emblematico che identificava la totalit\u00e0 del suo principio femminile cosmico. Questa parola\/termine egiziana onnicomprensiva \u00e8 <strong>\u0410\u0443\u0441\u0435\u0442<\/strong>. Dunque, qual \u00e8 il contenuto di questo \u201cnome\u201d dell\u2019Antico Egitto? Esaminiamo i significati di Auset per dimostrare in che modo un nome rappresenti qualit\u00e0 e attributi.<\/p>\n<p>Auset \u00e8 composto dalla radice <strong>\u0410\u0432\u0441\u0442\u0440\u0430\u043b\u0438\u044f<\/strong> e dal suffisso <strong>\u0438 \u0434\u0440.<\/strong>. Aus significa <em>sorgente<\/em>, <em>potenza<\/em>. In matematica si usa dire 2 elevato alla seconda potenza. Questa potenza matematica \u00e8 chiamata <strong>\u0410\u0432\u0441\u0442\u0440\u0430\u043b\u0438\u044f<\/strong>. Il suffisso \u201cet\u201d alla fine di Aus-et \u00e8 una desinenza femminile.<\/p>\n<p><strong>\u0410\u0432\u0441\u0442\u0440\u0430\u043b\u0438\u044f<\/strong>, per\u00f2, non significa solo sorgente e potenza, ma anche <em>origine<\/em>, <em>causa<\/em>.<\/p>\n<p>A questo proposito, dimostreremo che Auset \u00e8 la sorgente, forza e causa dell\u2019universo creato, e di tutto ci\u00f2 che si trova nell\u2019universo.<\/p>\n<p>Un altro interessante significato per Aus-et \u00e8 <strong>\u041b\u0430<\/strong> <strong>Signora<\/strong>, e in effetti Iside \u00e8 la Signora del Cielo e della Terra. Iside rappresenta il principio femminile nell\u2019universo e questo principio si manifesta in forme e modi diversi, pertanto gli antichi Egizi si riferivano alla dea come <strong>Auset [Iside] dei 10.000 nomi (cio\u00e8 attributi)<\/strong><strong>.<\/strong><\/p>\n<p>Molte parole derivano direttamente dal nome egizio Auset, come per esempio <strong><em>\u0421\u0435\u0442\u0430<\/em><\/strong>, che significa 6. Questo \u00e8 molto significativo perch\u00e9 6 \u00e8 il numero fondamentale dello spazio, del volume e del tempo. Il cubo, con le sue sei facce, \u00e8 il prototipo della terra. Di conseguenza, la dea rappresenta sia il grembo dell\u2019universo che la terra, come vedremo in dettaglio pi\u00f9 avanti.<\/p>\n<p>Un altro significato legato al nome Auset \u00e8 la parola \u201c<strong>sedile<\/strong>\u201d. Iside viene sempre raffigurata con il capo sormontato da un sedile o da un trono per rappresentarla come fonte di legittimazione, che si manifesta nell\u2019adesione dell\u2019Antico Egitto (e dell\u2019attuale maggioranza silenziosa) a un tipo di societ\u00e0 matrilineare e matriarcale. Questo argomento verr\u00e0 trattato pi\u00f9 avanti.<\/p>\n<p><img decoding=\"async\" class=\"size-full wp-image-448 aligncenter\" src=\"https:\/\/pressbooks.com\/app\/uploads\/sites\/51916\/2016\/10\/isis-ch1-72c-1.jpg\" alt=\"\" width=\"63\" height=\"90\" \/><\/p>\n<p>Come gi\u00e0 sottolineato, l\u2019uso del nome comune Iside nella lingua italiana ostacola la comprensione di preziose informazioni, conoscenze e saggezza. Tuttavia, per semplificare la lettura, continueremo a usare la parola Iside e altri antichi nomi egizi familiari al lettore di lingua italiana.<\/p>\n<p>Il ruolo di Iside come principio femminile divino nel processo della creazione \u00e8 stato ampiamente riconosciuto. Iside \u00e8 conosciuta da tutti e ovunque da tempo immemorabile. Plutarco ne parla nei <em>Moralia<\/em>, Volume V:<\/p>\n<p style=\"padding-left: 30px;\"><strong><em>&#8221;\u00a0<\/em><\/strong><strong><em>Iside, in verit\u00e0, \u00e8 il principio femminile della natura ed \u00e8 suscettibile di ricevere ogni forma di generazione, e da molti altri \u00e8 chiamata con un\u2019infinit\u00e0 di nomi, per il fatto ch\u2019essa, in virt\u00f9 della ragione, volge e rivolge a se stessa, accogliendo ogni tipo di forma e d\u2019idea\u201d<\/em><\/strong>.<\/p>\n<p>Per apprezzare i ruoli di Iside <strong>come principio femminile<\/strong> della natura, dobbiamo trovare il suo ruolo cosmico primario nella sequenza ordinata del processo di creazione dell\u2019universo.<\/p>\n<p>&nbsp;<\/p>\n<p><span style=\"color: #ff0000;\"><strong>[Un brano di Iside: La divinit\u00e0 femminile<\/strong><\/span><span style=\"color: #ff0000;\"><strong> di Moustafa Gadalla]<\/strong><\/span><\/p>\n<p><span style=\"color: #0000ff;\"><strong>https:\/\/egyptianwisdomcenter.org\/product\/iside-la-divinita-femminile\/<\/strong><\/span><\/p>\n<p><img decoding=\"async\" class=\"aligncenter\" src=\"https:\/\/egypt-tehuti.org\/wp-content\/uploads\/2016\/10\/cover-italian-225x338.jpg\" \/><\/p>\n<div dir=\"auto\" style=\"text-align: center;\"><span style=\"color: #0000ff;\"><strong>https:\/\/egyptianwisdomcenter.org\/product\/iside-la-divinita-femminile\/<\/strong><\/span><\/div>","protected":false},"excerpt":{"rendered":"<p>Iside La Divinit\u00e0 Femminile &nbsp; Il Suo Nome Oggi, l\u2019uso comune del nome Iside \u00e8 limitato ai suoi aspetti di devozione materna, [&hellip;]<\/p>","protected":false},"author":3,"featured_media":0,"parent":0,"menu_order":0,"comment_status":"closed","ping_status":"closed","template":"","meta":{"footnotes":""},"class_list":["post-29546","page","type-page","status-publish","hentry"],"aioseo_notices":[],"_links":{"self":[{"href":"https:\/\/egyptianwisdomcenter.org\/ru\/wp-json\/wp\/v2\/pages\/29546","targetHints":{"allow":["GET"]}}],"collection":[{"href":"https:\/\/egyptianwisdomcenter.org\/ru\/wp-json\/wp\/v2\/pages"}],"about":[{"href":"https:\/\/egyptianwisdomcenter.org\/ru\/wp-json\/wp\/v2\/types\/page"}],"author":[{"embeddable":true,"href":"https:\/\/egyptianwisdomcenter.org\/ru\/wp-json\/wp\/v2\/users\/3"}],"replies":[{"embeddable":true,"href":"https:\/\/egyptianwisdomcenter.org\/ru\/wp-json\/wp\/v2\/comments?post=29546"}],"version-history":[{"count":0,"href":"https:\/\/egyptianwisdomcenter.org\/ru\/wp-json\/wp\/v2\/pages\/29546\/revisions"}],"wp:attachment":[{"href":"https:\/\/egyptianwisdomcenter.org\/ru\/wp-json\/wp\/v2\/media?parent=29546"}],"curies":[{"name":"wp","href":"https:\/\/api.w.org\/{rel}","templated":true}]}}