{"id":31424,"date":"2019-03-26T10:29:35","date_gmt":"2019-03-26T14:29:35","guid":{"rendered":"https:\/\/egyptianwisdomcenter.org\/le-capacita-onnicomprensive-delle-arpe-nellantico-egitto\/"},"modified":"2023-01-10T13:15:05","modified_gmt":"2023-01-10T18:15:05","slug":"le-capacita-onnicomprensive-delle-arpe-nellantico-egitto","status":"publish","type":"page","link":"https:\/\/egyptianwisdomcenter.org\/ru\/le-capacita-onnicomprensive-delle-arpe-nellantico-egitto\/","title":{"rendered":"Le Capacit\u00e0 Onnicomprensive Delle Arpe Nell&#8217;Antico Egitto"},"content":{"rendered":"<h2 style=\"text-align: center;\"><span style=\"color: #ff0000;\">Le Capacit\u00e0 Onnicomprensive Delle Arpe Nell&#8217;Antico Egitto<\/span><\/h2>\n<p>&nbsp;<\/p>\n<p>Gli antichi HARPS egiziani variavano notevolmente in forma, dimensioni, e il numero delle loro corde. Essi sono rappresentati negli antichi dipinti con 4, 6, 7, 8, 9, 10, 11, 12, 14, 17, 20, 21, e 22 corde.<\/p>\n<p><a href=\"https:\/\/egyptianwisdomcenter.org\/wp-content\/uploads\/2019\/02\/emus-ch15-photo4-96c.jpg\"><img loading=\"lazy\" decoding=\"async\" class=\"size-full wp-image-1406 aligncenter\" src=\"https:\/\/egyptianwisdomcenter.org\/wp-content\/uploads\/2019\/02\/emus-ch15-photo4-96c.jpg\" alt=\"\" width=\"259\" height=\"168\" \/><\/a><\/p>\n<p><a href=\"https:\/\/egyptianwisdomcenter.org\/wp-content\/uploads\/2019\/02\/emus-ch15-photo5-96c.jpg\"><img loading=\"lazy\" decoding=\"async\" class=\"size-full wp-image-1407 aligncenter\" src=\"https:\/\/egyptianwisdomcenter.org\/wp-content\/uploads\/2019\/02\/emus-ch15-photo5-96c.jpg\" alt=\"\" width=\"259\" height=\"196\" \/><\/a><\/p>\n<p><a href=\"https:\/\/egyptianwisdomcenter.org\/wp-content\/uploads\/2021\/09\/emus-ch15-photo6-96c-1.jpg\"><img loading=\"lazy\" decoding=\"async\" class=\"aligncenter wp-image-57158 size-full\" src=\"https:\/\/egyptianwisdomcenter.org\/wp-content\/uploads\/2021\/09\/emus-ch15-photo6-96c-1.jpg\" alt=\"\" width=\"202\" height=\"284\" \/><\/a><\/p>\n<div>\n<p>Ci sono stati fondamentalmente due tipi di arpe:<\/p>\n<p style=\"padding-left: 30px;\"><strong>1. <\/strong>la piccola arpa portatile (spalla) (arco poco profondo). Le arpe da spalla si trovano in grandi quantit\u00e0 nei musei di tutto il mondo. Come tutti gli strumenti del genere, avevano un ambiente che poteva essere spostato da davanti a dietro e dall&#8217;alto verso il basso o viceversa. Era una sorta di asta di sospensione per le corde, che ha permesso una rapida messa a punto di diverse altezze.<\/p>\n<p style=\"padding-left: 30px;\"><a href=\"https:\/\/emus.pressbooks.com\/wp-content\/uploads\/sites\/42623\/2015\/11\/portable-harp.png\"><img loading=\"lazy\" decoding=\"async\" class=\"aligncenter wp-image-800 size-full\" src=\"https:\/\/egyptianwisdomcenter.org\/wp-content\/uploads\/2019\/02\/portable-harp-e1484696124557.png\" width=\"136\" height=\"190\" \/><\/a><\/p>\n<p style=\"padding-left: 30px;\"><strong>2. <\/strong>l&#8217;arpa pi\u00f9 grande, ad arco (arco) o l&#8217;arpa angolare. Ci sono state diverse varianti delle grandi arpe in Egitto, come nelle loro strutture e dimensioni, a seconda del titolare della corda e se si trova sulla parte superiore o inferiore, e se il risonatore \u00e8 dritto-allineato o piegato. [Qui raffigurata \u00e8 una scena della tomba di Amenemhet, Beni Hassan, 12<sup>\u00b0<\/sup> dinastia.]<\/p>\n<p style=\"padding-left: 30px;\"><a href=\"https:\/\/emus.pressbooks.com\/wp-content\/uploads\/sites\/42623\/2015\/11\/bow-harp.png\"><img loading=\"lazy\" decoding=\"async\" class=\"aligncenter wp-image-801 size-full\" src=\"https:\/\/egyptianwisdomcenter.org\/wp-content\/uploads\/2019\/02\/bow-harp-e1484696139970.png\" width=\"138\" height=\"160\" \/><\/a><\/p>\n<p>Non c&#8217;\u00e8 quasi alcuna differenza tra l&#8217;arco (arco) e l&#8217;arpa angolare, per quanto riguarda il loro suono.<\/p>\n<p>Le numerose variet\u00e0 degli antichi HARPS egiziani rivelano la ricchezza delle loro capacit\u00e0 di produzione musicale. La seguente panoramica si basa sul rapporto tra solo le stringhe aperte.<\/p>\n<p>&gt; Va notato che molti pi\u00f9 piccoli toni musicali possono essere raggiunti con la tecnica di gioco con una sola mano, come mostrato in precedenza.<\/p>\n<p style=\"padding-left: 30px;\"><strong>1. <\/strong>con arpe da 4 a 22 corde, alcuni HARPS sarebbero stati in grado di produrre una vasta gamma di note per diverse ottave. Il rapporto tra il pi\u00f9 corto e il pi\u00f9 lungo \u00e8 1:3 a 1:4 (cio\u00e8 da 1 a 2 ottave). Con la tecnica di gioco con una sola mano [vedi sezione precedente], possibilit\u00e0 illimitate di vari toni e ottave possono essere raggiunti.<\/p>\n<p style=\"padding-left: 30px;\"><strong>2. <\/strong>gli intervalli di quarta, Quinta e ottava erano i pi\u00f9 comuni nelle rappresentazioni egizie antiche. Curt Sachs [nel suo libro, <em>storia degli strumenti musicali<\/em>] ha scoperto che su 17 Harpis rappresentati su opere d&#8217;arte egiziana con sufficiente realismo e distintivit\u00e0 per essere affidabili record, sette stanno colpendo un quarto accordo, cinque un quinto accordo, e cinque un Corda di ottava.<\/p>\n<p style=\"padding-left: 30px;\"><strong>3. <\/strong>il rapporto tra la pi\u00f9 breve e la pi\u00f9 lunga stringa di diversi antichi HARPS egiziani \u00e8 di circa 2:3. Poich\u00e9 questo intervallo \u00e8 diviso tra cinque stringhe, la scala fornirebbe una gamma di toni tra la met\u00e0 e i toni pieni. Su arpe con dieci corde, questo darebbe un intervallo medio di un (minore) semitono (90 centesimi = 4 virgole).<\/p>\n<p style=\"padding-left: 30px;\"><strong>4. <\/strong>uno dei due arpe trovati nella tomba di Ramses III ha 13 corde, dove se la stringa pi\u00f9 lunga rappresentata <em>Pro-lambanomenos<\/em>, o <em>D<\/em>, le restanti 12 stringhe sarebbero pi\u00f9 che fornire tutti i toni, semitoni, e quarti di tono, del generi diatonici, cromatici ed enarmonici, all&#8217;interno della bussola di un&#8217;ottava.<\/p>\n<p><a href=\"https:\/\/egyptianwisdomcenter.org\/wp-content\/uploads\/2019\/02\/emus-ch15-photo13-96c.jpg\"><img loading=\"lazy\" decoding=\"async\" class=\"size-full wp-image-1416 aligncenter\" src=\"https:\/\/egyptianwisdomcenter.org\/wp-content\/uploads\/2019\/02\/emus-ch15-photo13-96c.jpg\" alt=\"\" width=\"300\" height=\"172\" \/><\/a><\/p>\n<p style=\"padding-left: 30px;\">L&#8217;accordatura di questa arpa a 13 corde pu\u00f2 fornire i quattro tetraaccordi, <em>hypaton, mesone, synemmenon<\/em>e <em>diezeugnenon<\/em>, con <em>proslambanomenos<\/em> in basso:<\/p>\n<p style=\"padding-left: 30px;\"><a href=\"https:\/\/egyptianwisdomcenter.org\/wp-content\/uploads\/2019\/02\/scale.png\" rel=\"attachment wp-att-385\"><img loading=\"lazy\" decoding=\"async\" class=\"aligncenter size-medium wp-image-385\" src=\"https:\/\/egyptianwisdomcenter.org\/wp-content\/uploads\/2019\/02\/scale-300x51.png\" alt=\"Scala\" width=\"300\" height=\"51\" \/><\/a><\/p>\n<p style=\"padding-left: 30px;\"><strong>5. <\/strong>gli HARPS raffigurati pi\u00f9 frequentemente sono stati trovati per avere sette corde, e secondo lo studio di Curt Sachs di strumenti egiziani, gli egiziani sintonizzato le loro arpe nella stessa serie diatonica di intervalli.<\/p>\n<p style=\"padding-left: 30px;\"><strong>6. <\/strong>un&#8217;antica arpa egiziana con 20 corde [trovata a Luxor (Tebe)], sembra aver avuto la scala pentatonica che attraversa quattro ottave. E l&#8217;arpa con 21 corde [nel Museo di Parigi] probabilmente aveva lo stesso ordine di intervalli, con l&#8217;aggiunta del Keynote in alto.<\/p>\n<p>&nbsp;<\/p>\n<p style=\"padding-left: 30px;\"><strong style=\"font-size: 16px;\">[Un estratto dall&#8217; <span style=\"color: #ff0000;\">Strumenti musicali egizi<\/span><\/strong><strong style=\"font-size: 16px;\"> di Moustafa Gadalla]<\/strong><\/p>\n<p><span style=\"color: #0000ff;\"><strong>https:\/\/egyptianwisdomcenter.org\/product\/strumenti-musicali-egizi\/<\/strong><\/span><\/p>\n<p><img decoding=\"async\" class=\"aligncenter\" src=\"https:\/\/egypt-tehuti.org\/wp-content\/uploads\/2018\/06\/Strumenti-musicali-egizi-225x338.jpg\" \/><\/p>\n<div dir=\"auto\" style=\"text-align: center;\"><span style=\"color: #0000ff;\"><strong>https:\/\/egyptianwisdomcenter.org\/product\/strumenti-musicali-egizi\/<\/strong><\/span><\/div>\n<\/div>\n<div dir=\"auto\"><\/div>\n","protected":false},"excerpt":{"rendered":"<p>Le Capacit\u00e0 Onnicomprensive Delle Arpe Nell&#8217;Antico Egitto &nbsp; Gli antichi HARPS egiziani variavano notevolmente in forma, dimensioni, e il numero delle loro [&hellip;]<\/p>\n","protected":false},"author":3,"featured_media":0,"parent":0,"menu_order":0,"comment_status":"closed","ping_status":"closed","template":"","meta":{"_monsterinsights_skip_tracking":false,"_monsterinsights_sitenote_active":false,"_monsterinsights_sitenote_note":"","_monsterinsights_sitenote_category":0,"footnotes":""},"class_list":["post-31424","page","type-page","status-publish","hentry"],"aioseo_notices":[],"_links":{"self":[{"href":"https:\/\/egyptianwisdomcenter.org\/ru\/wp-json\/wp\/v2\/pages\/31424","targetHints":{"allow":["GET"]}}],"collection":[{"href":"https:\/\/egyptianwisdomcenter.org\/ru\/wp-json\/wp\/v2\/pages"}],"about":[{"href":"https:\/\/egyptianwisdomcenter.org\/ru\/wp-json\/wp\/v2\/types\/page"}],"author":[{"embeddable":true,"href":"https:\/\/egyptianwisdomcenter.org\/ru\/wp-json\/wp\/v2\/users\/3"}],"replies":[{"embeddable":true,"href":"https:\/\/egyptianwisdomcenter.org\/ru\/wp-json\/wp\/v2\/comments?post=31424"}],"version-history":[{"count":0,"href":"https:\/\/egyptianwisdomcenter.org\/ru\/wp-json\/wp\/v2\/pages\/31424\/revisions"}],"wp:attachment":[{"href":"https:\/\/egyptianwisdomcenter.org\/ru\/wp-json\/wp\/v2\/media?parent=31424"}],"curies":[{"name":"wp","href":"https:\/\/api.w.org\/{rel}","templated":true}]}}