{"id":35725,"date":"2019-03-26T11:29:17","date_gmt":"2019-03-26T15:29:17","guid":{"rendered":"https:\/\/egyptianwisdomcenter.org\/la-copia-sputata-dellunico-shu-e-tefnut\/"},"modified":"2023-01-10T06:23:09","modified_gmt":"2023-01-10T11:23:09","slug":"limmagine-sputare-di-uno-shu-e-tef-nut","status":"publish","type":"page","link":"https:\/\/egyptianwisdomcenter.org\/ru\/limmagine-sputare-di-uno-shu-e-tef-nut\/","title":{"rendered":"L&#8217;immagine Sputare Di Uno-Shu E TEF-NUT"},"content":{"rendered":"<h2 style=\"text-align: center;\"><span style=\"color: #ff0000;\"><strong>L&#8217;immagine Sputare Di Uno-Shu E TEF-NUT<\/strong><\/span><\/h2>\n<p>&nbsp;<\/p>\n<p>I duplici Shu e Tefnut rappresentano l\u2019atto iniziale della creazione \u2013 la formazione della bolla universale. La coppia Shu e Tefnut, raffigurata come marito e moglie, \u00e8 il tipico modo egizio di esprimere la dualit\u00e0 e la polarit\u00e0. Questa doppia natura si manifestava nei testi e nelle tradizioni dell\u2019Antico Egitto sin dai primi ritrovamenti di reperti archeologici.<\/p>\n<p>I pi\u00f9 antichi testi dell\u2019Antico Regno, vale a dire i <em>Testi delle Piramidi<\/em> (paragrafo 1652), esprimono cos\u00ec la natura duplice:<\/p>\n<p style=\"padding-left: 30px;\"><strong><em>\u00ab&#8230;Tu sputasti Shu, e tu espettorasti Tefnut\u00bb<\/em><\/strong>.<\/p>\n<p>Si tratta di un\u2019analogia molto forte, perch\u00e9 il termine \u201cimmagine sputata\u201d si usa per intendere <em>esattamente come l\u2019originale<\/em>.<\/p>\n<p>Nell\u2019Antico Egitto, il concetto dell\u2019universo \u00e8 paragonabile a una scatola. La prima cosa che il Divino cre\u00f2 fu una sorta di bolla in quello che non era altro che un oceano infinito di acqua. Il cielo \u00e8 la pelle dell\u2019oceano infinito, che contiene ci\u00f2 che noi definiamo atmosfera, generato da due forze che gli antichi Egizi chiamavano Shu e Tefnut. Shu (calore) e Tefnut (acqua\/umidit\u00e0) incarnano l\u2019atmosfera. Il Nun (l\u2019oceano cosmico della pre-creazione) \u00e8 il principio che gener\u00f2 Shu e Tefnut.<\/p>\n<p><a href=\"https:\/\/ecitalian.pressbooks.com\/chapter\/the-dualistic-nature\/tefnut-shu\/\" rel=\"attachment wp-att-306\"><img decoding=\"async\" class=\"size-full wp-image-306 aligncenter\" src=\"https:\/\/ecitalian.pressbooks.com\/wp-content\/uploads\/sites\/52546\/2016\/10\/tefnut-shu.png\" alt=\"\" width=\"184\" height=\"196\" \/><\/a><\/p>\n<p>Il calore (Shu) e l\u2019acqua (Tefnut) sono i due fattori universali che pi\u00f9 influiscono sulle forme di vita. Questi termini corrispondono rispettivamente al fuoco (calore) e all\u2019umidit\u00e0, e sono da intendersi come metafore e corrispondenti effettivi delle qualit\u00e0 astratte che rappresentano. Shu, rappresentato dal fuoco, dall\u2019aria e dal calore, corrisponde alle qualit\u00e0 dell\u2019espansivit\u00e0, della crescita, delle forze centrifughe, del positivo, del maschile, di ci\u00f2 che emerge, dell\u2019orientamento verso l\u2019esterno ecc.<\/p>\n<p>Tefnut, rappresentata dall\u2019umidit\u00e0 e base materiale oggettiva della manifestazione (il suffisso Nut), corrisponde alla contrazione, al movimento verso il basso, alle forze centripete, al negativo, al femminile, al ricettivo, all\u2019interiorit\u00e0, all\u2019introspezione ecc.<\/p>\n<p>Questo concetto risalente all\u2019Antico Egitto incontra quello degli scienziati moderni i quali sostengono che al momento le galassie sono sottoposte principalmente a due forze opposte: 1) quelle espulsive, che causano l\u2019allontanamento di tutte le galassie dalla nostra; e 2) quelle contrazionali\/gravitazionali, che attirano le galassie l\u2019una verso l\u2019altra.<\/p>\n<p>&nbsp;<\/p>\n<p><span style=\"color: #ff0000;\"><strong>[Un estratto dalla Cosmologia egizia: l\u2019universo animato, terza edizione<\/strong><\/span><span style=\"color: #ff0000;\"><strong> di Moustafa Gadalla]<\/strong><\/span><\/p>\n<p><strong><span style=\"color: #0000ff;\">https:\/\/egyptianwisdomcenter.org\/product\/cosmologia-egizia-luniverso-animato-terza-edizione\/<\/span><\/strong><\/p>\n<p><img decoding=\"async\" class=\"aligncenter\" src=\"https:\/\/egypt-tehuti.org\/wp-content\/uploads\/2016\/10\/cover-italian-3-e1514411507492-225x338.jpg\" \/><\/p>\n<div dir=\"auto\" style=\"text-align: center;\"><span style=\"color: #0000ff;\"><strong>https:\/\/egyptianwisdomcenter.org\/product\/cosmologia-egizia-luniverso-animato-terza-edizione\/<\/strong><\/span><\/div>\n<div dir=\"auto\"><\/div>\n","protected":false},"excerpt":{"rendered":"<p>L&#8217;immagine Sputare Di Uno-Shu E TEF-NUT &nbsp; I duplici Shu e Tefnut rappresentano l\u2019atto iniziale della creazione \u2013 la formazione della bolla [&hellip;]<\/p>\n","protected":false},"author":3,"featured_media":0,"parent":0,"menu_order":0,"comment_status":"closed","ping_status":"closed","template":"","meta":{"_monsterinsights_skip_tracking":false,"_monsterinsights_sitenote_active":false,"_monsterinsights_sitenote_note":"","_monsterinsights_sitenote_category":0,"footnotes":""},"class_list":["post-35725","page","type-page","status-publish","hentry"],"aioseo_notices":[],"_links":{"self":[{"href":"https:\/\/egyptianwisdomcenter.org\/ru\/wp-json\/wp\/v2\/pages\/35725","targetHints":{"allow":["GET"]}}],"collection":[{"href":"https:\/\/egyptianwisdomcenter.org\/ru\/wp-json\/wp\/v2\/pages"}],"about":[{"href":"https:\/\/egyptianwisdomcenter.org\/ru\/wp-json\/wp\/v2\/types\/page"}],"author":[{"embeddable":true,"href":"https:\/\/egyptianwisdomcenter.org\/ru\/wp-json\/wp\/v2\/users\/3"}],"replies":[{"embeddable":true,"href":"https:\/\/egyptianwisdomcenter.org\/ru\/wp-json\/wp\/v2\/comments?post=35725"}],"version-history":[{"count":0,"href":"https:\/\/egyptianwisdomcenter.org\/ru\/wp-json\/wp\/v2\/pages\/35725\/revisions"}],"wp:attachment":[{"href":"https:\/\/egyptianwisdomcenter.org\/ru\/wp-json\/wp\/v2\/media?parent=35725"}],"curies":[{"name":"wp","href":"https:\/\/api.w.org\/{rel}","templated":true}]}}