{"id":61699,"date":"2023-01-05T15:24:33","date_gmt":"2023-01-05T20:24:33","guid":{"rendered":"https:\/\/egyptianwisdomcenter.org\/?post_type=product&#038;p=61699"},"modified":"2024-06-01T04:54:58","modified_gmt":"2024-06-01T08:54:58","slug":"larchitecture-metaphysique-des-anciens-egyptiens","status":"publish","type":"product","link":"https:\/\/egyptianwisdomcenter.org\/ru\/product\/larchitecture-metaphysique-des-anciens-egyptiens\/","title":{"rendered":"L\u2019architecture m\u00e9taphysique des anciens \u00c9gyptiens"},"content":{"rendered":"<p><strong>DESCRIPTION \u00c9TENDUE<\/strong><\/p>\n<p>Tout ce que les anciens \u00c9gyptiens ont construit\/moul\u00e9\/sculpt\u00e9 visait \u00e0 cr\u00e9er des \u00e9nergies et\/ou \u00e0 incarner des \u00e9nergies. Et, \u00e0 l\u2019image de notre syst\u00e8me \u00e9lectrique qui s\u2019active \u00e0 l\u2019aide d\u2019un interrupteur, toutes les \u0153uvres \u00e9gyptiennes n\u00e9cessitent\/n\u00e9cessitaient d\u2019\u00eatre activ\u00e9es par de bonnes actions [sons, gestes, etc.]. Tandis que ces merveilles en \u00ab pierre \u00bb semblent statiques puisque stationnaires, elles ne sont pas diff\u00e9rentes des unit\u00e9s g\u00e9n\u00e9ratrices d\u2019\u00e9nergie [stationnaires] \u2013 telles que nos panneaux solaires qui absorbent l\u2019\u00e9nergie solaire et la convertissent en source d\u2019\u00e9nergie pour nos besoins humains sur Terre.<\/p>\n<p>Cet ouvrage r\u00e9v\u00e8le la connaissance des anciens \u00c9gyptiens au sujet de la proportion harmonique, de la g\u00e9om\u00e9trie sacr\u00e9e et de la mystique des nombres, telles qu\u2019elles sont pr\u00e9sent\u00e9es dans leurs textes, leurs temples, leurs tombes, leur art, etc. tout au long de leur c\u00e9l\u00e8bre histoire. Il montre comment les \u00c9gyptiens concevaient leurs \u00e9difices pour cr\u00e9er de l\u2019\u00e9nergie cosmique et comment l\u2019application mystique des nombres en \u00c9gypte fonctionne. L\u2019ouvrage explique en d\u00e9tail la proportion harmonique de quelque 20 \u00e9difices de l\u2019ancienne \u00c9gypte tout au long de son histoire attest\u00e9e.<\/p>\n<p>Ce livre souhaite fournir une explication qui s\u2019appuie sur de solides connaissances et pr\u00e9sente les probl\u00e9matiques dans un langage compr\u00e9hensible aux lecteurs non sp\u00e9cialistes. Les termes techniques sont utilis\u00e9s le moins possible et expliqu\u00e9s, de mani\u00e8re la moins technique possible, dans le glossaire. Ce livre comprend trois parties contenant 10 chapitres au total.<\/p>\n<p>La Partie I: Concepts d\u2019architecture \u2013 Fonction et Forme comprend les deux chapitres 1 et 2:<\/p>\n<p>Le Chapitre 1: Le canon architectural traitera de la croyance \u00e9gyptienne profond\u00e9ment ancr\u00e9e du \u00ab l\u00e0-haut comme ici-bas \u00bb et de son application dans l\u2019art et l\u2019architecture \u00e9gyptiens, de l\u2019existence et de l\u2019adh\u00e9sion \u00e0 un code de construction divin, ainsi que de l\u2019utilisation de plans de conception et de construction avant et pendant les \u00e9tapes de construction, qui s\u2019\u00e9tendaient sur plusieurs si\u00e8cles pour les projets d\u2019envergure.<\/p>\n<p>Le Chapitre 2: Les temples \u00e9gyptiens des forces divines abordera la fonction principale des temples \u00e9gyptiens, \u00e0 savoir la g\u00e9n\u00e9ration divine, le plan g\u00e9n\u00e9ral conceptuel du temple, la conception du conduit canalisateur m\u00e9taphysique, l\u2019importance g\u00e9n\u00e9ratrice des mod\u00e8les de jointure, la protection physique\/m\u00e9taphysique des murs ext\u00e9rieurs et les racines de fondation organique du temple \u00e9gyptien.<\/p>\n<p>La Partie II: La manifestation physique de concepts m\u00e9taphysiques comprend six chapitres, du 3 au 8 :<\/p>\n<p>Le Chapitre 3: Formes de composants architecturaux de fonctions m\u00e9taphysiques traitera des diff\u00e9rentes formes architecturales comme \u00e9tant la manifestation de leurs fonctions correspondantes [tant physiques que m\u00e9taphysiques] pour les \u00ab fausses portes \u00bb, les panneaux de cloison en renfoncement, les colonnes et les piliers, les chapiteaux de colonnes, les portiques, les p\u00e9ristyles, les formations en colonnades dans quatre lieux diff\u00e9rents, les ob\u00e9lisques, les images statuaires, les diff\u00e9rentes formes de toit (plat, \u00e0 gable, en encorbellement, arc et en vo\u00fbte), les d\u00e9tails stylistiques d\u2019architecture (architrave, corniche et tore) et l\u2019ornement stylistique ainsi que la d\u00e9coration tels que les plafonds \u00e9toil\u00e9s, les d\u00e9corations florales et g\u00e9om\u00e9triques, une combinaison des deux ou des trois, le guillochis (appel\u00e9 \u00e0 tort \u00ab bordure toscane \u00bb), le chevron et les volutes.<\/p>\n<p>Le Chapitre 4: Les principales formes\/figures g\u00e9om\u00e9triques pr\u00e9sentera les principes et l\u2019application de la g\u00e9om\u00e9trie sacr\u00e9e de l\u2019Architecture Divine, la corde sacr\u00e9e \u00e9gyptienne [outil], le plan g\u00e9n\u00e9ral d\u2019un \u00e9chantillon de formes g\u00e9om\u00e9triques, le cercle sacr\u00e9 comme arch\u00e9type de la cr\u00e9ation, la quadrature du cercle, les triangles primaires et les pyramides en combinaison 3D de triangles rectangles.<\/p>\n<p>Le Chapitre 5: Les rectangles racines carr\u00e9es g\u00e9n\u00e9rateurs \u2013 \u00ab Nombres irrationnels \u00bb pr\u00e9sentera les rectangles racines g\u00e9n\u00e9rateurs comme l\u2019hypot\u00e9nuse des triangles rectangles, commen\u00e7ant par un carr\u00e9 et g\u00e9n\u00e9rant les racines carr\u00e9es de 2, 3 et 5 ; la formation de solides cosmiques ; la cr\u00e9ation de la Proportion D\u2019or \u00e0 partir du rectangle de racine 5 ; la construction de spirales carr\u00e9es tournoyantes, ainsi qu\u2019une application en exemple de cette forme de conception dynamique dans quatre sites de monuments de l\u2019ancienne \u00c9gypte.<\/p>\n<p>Le Chapitre 6: La progression g\u00e9n\u00e9ratrice arithm\u00e9tique abordera le r\u00f4le des nombres en tant que g\u00e9n\u00e9rateurs d\u2019une croissance et d\u2019une progression ordonn\u00e9es, les suites de somme et la Proportion D\u2019or, ainsi que la Proportion Cosmique de la Figure Humaine.<\/p>\n<p>Le Chapitre 7: Conception harmonique combin\u00e9e \u2013 arithm\u00e9tique et graphique des monuments \u00e9gyptiens pr\u00e9sentera la combinaison des \u00e9l\u00e9ments arithm\u00e9tiques et graphiques dans une conception harmonieuse des parties et de l\u2019ensemble d\u2019un temple \u00e9gyptien, qui inclut : des axes actifs, des points importants, des triangles t\u00e9lescopiques et des p\u00e9rim\u00e8tres rectangulaires dans les plans horizontaux et verticaux.<\/p>\n<p>Le Chapitre 8: Analyse harmonique des \u0153uvres des anciens \u00c9gyptiens pr\u00e9sentera plusieurs exemples en ancienne \u00c9gypte de toutes les \u00e9poques et sur l\u2019ensemble du territoire t\u00e9moignant des applications \u00e9gyptiennes des \u00e9l\u00e9ments de conception discut\u00e9s dans cet ouvrage. Les exemples incluent des temples, des tombes, des pyramides, des sanctuaires, des chapiteaux de colonnes, st\u00e8les, pyl\u00f4nes et des portes.<\/p>\n<p>La Partie III: Les communications anim\u00e9es comprend les deux chapitres 12 et 13:<\/p>\n<p>Le Chapitre 9: Les images m\u00e9taphysiques anim\u00e9es sur les murs pr\u00e9sentera l\u2019importance m\u00e9taphysique des d\u00e9corations murales, ainsi que des explications au sujet de diff\u00e9rentes repr\u00e9sentations.<\/p>\n<p>Le Chapitre 10: Activit\u00e9s humaines traitera des r\u00f4les des \u00eatres humains dans l\u2019activation, l\u2019entretien et la participation \u00e0 diff\u00e9rents rites et festivit\u00e9s ainsi que dans la d\u00e9sactivation des pouvoirs du temple lorsque le temple ou l\u2019ensemble de l\u2019\u00c9gypte est assi\u00e9g\u00e9.<\/p>\n","protected":false},"excerpt":{"rendered":"<p>\u043d\u043e\u043c\u0438\u043d\u0430\u043b <a class=\"contributor-name\" translate=\"no\" href=\"https:\/\/egyptianwisdomcenter.org\/fr\/a-propos\/\" data-force-track=\"\" data-track-info=\"{&quot;description&quot;:&quot;authorSearch&quot;,&quot;author&quot;:&quot;Moustafa Gadalla&quot;}\">\u041c\u0443\u0441\u0442\u0430\u0444\u0430 \u0413\u0430\u0434\u0430\u043b\u043b\u0430<\/a><\/p>\n<hr \/>\n<p><strong>R\u00e9sum\u00e9<\/strong><\/p>\n<p>Cette \u00e9dition traduite en fran\u00e7ais vous r\u00e9v\u00e8le la connaissance qu\u2019avaient les anciens \u00c9gyptiens de la proportion harmonique, de la g\u00e9om\u00e9trie sacr\u00e9e, et du mysticisme des nombres comme elles se manifestent dans leurs textes, temples, tombes, dans leur art, dans leurs hi\u00e9roglyphes, etc. tout au long de leur histoire. Ce livre vous montre comment les \u00c9gyptiens pensaient la construction de leurs b\u00e2timents afin de g\u00e9n\u00e9rer l\u2019\u00e9nergie cosmique et l\u2019application mystique des nombres dans les ouvrages \u00e9gyptiens. Il vous explique en d\u00e9tail la proportion harmonique d\u2019une vingtaine de constructions de l\u2019Ancienne \u00c9gypte tout au long de leur histoire dont on a gard\u00e9 la trace.<\/p>\n<p>&nbsp;<\/p>\n<hr \/>\n<p><center><br \/>\n<a class=\"button minimal\" href=\"https:\/\/books2read.com\/u\/4DjgGP\" target=\"_blank\" rel=\"noopener\">VOIR LES OPTIONS D\u2019ACHAT<\/a><\/center><\/p>","protected":false},"featured_media":61700,"comment_status":"open","ping_status":"closed","template":"","meta":{"_monsterinsights_skip_tracking":false,"_monsterinsights_sitenote_active":false,"_monsterinsights_sitenote_note":"","_monsterinsights_sitenote_category":0},"product_brand":[],"product_cat":[98,102],"product_tag":[],"class_list":{"0":"post-61699","1":"product","2":"type-product","3":"status-publish","4":"has-post-thumbnail","6":"product_cat-edition-francaise","7":"product_cat-edition-francaise-2","9":"first","10":"instock","11":"shipping-taxable","12":"product-type-simple"},"aioseo_notices":[],"_links":{"self":[{"href":"https:\/\/egyptianwisdomcenter.org\/ru\/wp-json\/wp\/v2\/product\/61699","targetHints":{"allow":["GET"]}}],"collection":[{"href":"https:\/\/egyptianwisdomcenter.org\/ru\/wp-json\/wp\/v2\/product"}],"about":[{"href":"https:\/\/egyptianwisdomcenter.org\/ru\/wp-json\/wp\/v2\/types\/product"}],"replies":[{"embeddable":true,"href":"https:\/\/egyptianwisdomcenter.org\/ru\/wp-json\/wp\/v2\/comments?post=61699"}],"wp:featuredmedia":[{"embeddable":true,"href":"https:\/\/egyptianwisdomcenter.org\/ru\/wp-json\/wp\/v2\/media\/61700"}],"wp:attachment":[{"href":"https:\/\/egyptianwisdomcenter.org\/ru\/wp-json\/wp\/v2\/media?parent=61699"}],"wp:term":[{"taxonomy":"product_brand","embeddable":true,"href":"https:\/\/egyptianwisdomcenter.org\/ru\/wp-json\/wp\/v2\/product_brand?post=61699"},{"taxonomy":"product_cat","embeddable":true,"href":"https:\/\/egyptianwisdomcenter.org\/ru\/wp-json\/wp\/v2\/product_cat?post=61699"},{"taxonomy":"product_tag","embeddable":true,"href":"https:\/\/egyptianwisdomcenter.org\/ru\/wp-json\/wp\/v2\/product_tag?post=61699"}],"curies":[{"name":"wp","href":"https:\/\/api.w.org\/{rel}","templated":true}]}}