{"id":61845,"date":"2023-01-06T12:07:25","date_gmt":"2023-01-06T17:07:25","guid":{"rendered":"https:\/\/egyptianwisdomcenter.org\/?post_type=product&#038;p=61845"},"modified":"2024-06-01T04:58:58","modified_gmt":"2024-06-01T08:58:58","slug":"aegyptische-kosmologie-das-belebte-universum-dritte-ausgabe","status":"publish","type":"product","link":"https:\/\/egyptianwisdomcenter.org\/ru\/product\/aegyptische-kosmologie-das-belebte-universum-dritte-ausgabe\/","title":{"rendered":"\u00c4gyptische Kosmologie \u2013 Das Belebte Universum \u2013 Dritte Ausgabe"},"content":{"rendered":"<p><strong>LANGE BESCHREIBUNG<\/strong><\/p>\n<p>Dieses Buch ist in f\u00fcnf Teile gegliedert, die insgesamt 17 Kapitel enthalten.<\/p>\n<p>Teil I: Der \u00e4gyptische mystische Monotheismus besteht aus einem Kapitel:<\/p>\n<p>Kapitel 1: Die Religi\u00f6sesten wird die tiefe mystische Bedeutung des Monotheismus f\u00fcr die tiefreligi\u00f6sen \u00c4gypter abdecken sowie einen \u00dcberblick \u00fcber ihr kosmisches Bewusstsein geben.<\/p>\n<p>Teil II: Die Prinzipien der Sch\u00f6pfung besteht aus zwei Kapiteln \u2013 2 und 3:<\/p>\n<p>Kapitel 2: Die belebenden Energien des Universums werden das wissenschaftliche Verst\u00e4ndnis der \u00c4gypter \u00fcber den Zustand der Welt vor der Sch\u00f6pfung und den belebenden g\u00f6ttlichen Energien des Sch\u00f6pfungszyklus abdecken.<\/p>\n<p>Kapitel 3: Die \u00e4gyptischen Berichte \u00fcber den Sch\u00f6pfungsprozess wird einen \u00dcberblick \u00fcber die drei Hauptphasen des Sch\u00f6pfungszyklus geben.<\/p>\n<p>Teil III: Der Zahlencode der Sch\u00f6pfung hat 10 Kapitel \u2013 Kapitel 4 bis 13:<\/p>\n<p>Kapitel 4: Numerologie des Sch\u00f6pfungsprozesses deckt die Zahlenmystik des alten \u00c4gyptens und die Analyse der Zahlen zwei, drei und f\u00fcnf ab<\/p>\n<p>Kapitel 5: Die dualistische Natur wird die dualistische Natur der Sch\u00f6pfung und die Analyse von 14 verschiedenen Anwendungen im alt\u00e4gyptischen System abdecken.<\/p>\n<p>Kapitel 6: Drei \u2013 Trinit\u00e4ten wird diese erste ungerade Zahl abdecken (Eins ist keine Zahl), die Bedeutung der dreifachen Kr\u00e4fte einer Trinit\u00e4t im Universum; und ein paar Anwendungen solcher Prinzipien im alt\u00e4gyptischen System.<\/p>\n<p>Kapitel 7 bis 13 wird die mystischen Aspekte der Zahlen Vier bis Zehn abdecken<\/p>\n<p>Teil IV: Wie oben so unten hat zwei Kapitel \u2013 14 und 15:<\/p>\n<p>Kapitel 14: Der Mensch \u2013 die universelle Replik wird behandeln, warum die physischen und metaphysischen Komponenten des Menschen ein Abbild der gesamten Sch\u00f6pfung sind.<\/p>\n<p>Kapitel 15: Astronomisches Bewusstsein wird die fortgeschrittenen Kenntnisse der Astronomie und Zeit im alten \u00c4gypten behandeln, den Zodiak und die Sothis-Zyklen sowie die Art der Harmonie der (sieben) Sph\u00e4ren und der Beteiligung der Bev\u00f6lkerung an seiner Erhaltung.<\/p>\n<p>Teil V: Von Sterblichen zu Unsterblichen hat zwei Kapitel -16 und 17:<\/p>\n<p>Kapitel 16: Unsere irdische Reise wird die zur Verf\u00fcgung stehenden M\u00f6glichkeiten f\u00fcr ein Individuum zum Erreichen der Wiedervereinigung mit der g\u00f6ttlichen Quelle behandeln, inklusive Sufismus, Alchemie, usw.<\/p>\n<p>Kapitel 17: Das Emporsteigen der Himmelsleiter wird das Leben nach der Erde behandeln, Seelenwanderung, das Fortschreiten entlang der verschiedenen Bereiche in Richtung Wiedervereinigung und Verg\u00f6ttlichung.<\/p>","protected":false},"excerpt":{"rendered":"<p>von <a href=\"https:\/\/egyptianwisdomcenter.org\/de\/uber-mich\/\">\u041c\u0443\u0441\u0442\u0430\u0444\u0430 \u0413\u0430\u0434\u0430\u043b\u043b\u0430<\/a><\/p>\n<hr \/>\n<p><strong>Zusammenfassung<\/strong><\/p>\n<p>Diese in die deutsche Sprache \u00fcbersetzt Ausgabe untersucht die Anwendbarkeit der \u00e4gyptischen kosmologischen Konzepte auf unser modernes Verst\u00e4ndnis der Natur des Universums, der Sch\u00f6pfung, Wissenschaft und Philosophie. \u00c4gyptische Kosmologie ist humanistisch, koh\u00e4rent, umfassend, folgerichtig, logisch, analytisch und rational. Entdecken Sie das \u00e4gyptische Konzept der universellen Energiematrix und der Sch\u00f6pfungsberichte. Lesen Sie mehr \u00fcber Numerologie, Dualit\u00e4ten, Trinit\u00e4ten, usw.; wie der Mensch mit dem Universum in Zusammenhang steht; das \u00e4gyptische astronomische Bewusstsein; die irdische Reise; das Erklimmen der Himmelsleiter, um sich wieder mit der Quelle zu vereinigen; usw.<\/p>\n<hr \/>\n<p><center><br \/>\n<a class=\"button minimal\" href=\"https:\/\/books2read.com\/u\/bzqg7L\" target=\"_blank\" rel=\"noopener\">Kaufoptionen anzeigen<\/a><\/center><center><\/center><center><\/p>\n<div id='wpsr-reviews-slider-69130' class='wpsr-reviews-69130  wpsr-reviews-wrapper wpsr-feed-wrap wpsr_content  wpsr-reviews-slider-wrapper   wpsr-reviews-template-grid2 wpsr-reviews-layout-slider wpsr-header-enable' data-column='4' data-platforms='amazon' data-slider_settings='{&quot;autoplay&quot;:&quot;false&quot;,&quot;autoplay_speed&quot;:3000,&quot;slides_to_show&quot;:3,&quot;spaceBetween&quot;:20,&quot;responsive_slides_to_show&quot;:{&quot;desktop&quot;:2,&quot;tablet&quot;:2,&quot;mobile&quot;:1},&quot;slides_to_scroll&quot;:3,&quot;responsive_slides_to_scroll&quot;:{&quot;desktop&quot;:5,&quot;tablet&quot;:2,&quot;mobile&quot;:1},&quot;navigation&quot;:&quot;dot&quot;}'>\n<div class=\"wpsr-container wpsr-fixed-height\" style=\"\" >\n<div class=\"wpsr-business-info-wrapper\">\n<div class=\"wpsr-row\">\n<div class=\"wpsr-business-info  amazon\">\n<div class=\"wpsr-business-info-left\">\n<div class=\"wpsr-business-info-paltforms\"><img decoding=\"async\" src=\"https:\/\/egyptianwisdomcenter.org\/wp-content\/plugins\/wp-social-reviews\/assets\/images\/icon\/icon-amazon.png\" alt=\"amazon\"><\/div>\n<div class=\"wpsr-rating-and-count\"><span class=\"wpsr-total-rating\">5.0<\/span><span class=\"wpsr-rating\"><\/p>\n<div class=\"wpsr-star-container wpsr-star-background-filled\" style=\"--wpsr-review-star-fill: 100%;\">\n<div class=\"wpsr-star-empty\"><\/div>\n<div class=\"wpsr-star-filled\"><\/div>\n<\/p><\/div>\n<div class=\"wpsr-star-container wpsr-star-background-filled\" style=\"--wpsr-review-star-fill: 100%;\">\n<div class=\"wpsr-star-empty\"><\/div>\n<div class=\"wpsr-star-filled\"><\/div>\n<\/p><\/div>\n<div class=\"wpsr-star-container wpsr-star-background-filled\" style=\"--wpsr-review-star-fill: 100%;\">\n<div class=\"wpsr-star-empty\"><\/div>\n<div class=\"wpsr-star-filled\"><\/div>\n<\/p><\/div>\n<div class=\"wpsr-star-container wpsr-star-background-filled\" style=\"--wpsr-review-star-fill: 100%;\">\n<div class=\"wpsr-star-empty\"><\/div>\n<div class=\"wpsr-star-filled\"><\/div>\n<\/p><\/div>\n<div class=\"wpsr-star-container wpsr-star-background-filled\" style=\"--wpsr-review-star-fill: 100%;\">\n<div class=\"wpsr-star-empty\"><\/div>\n<div class=\"wpsr-star-filled\"><\/div>\n<\/p><\/div>\n<p><\/span><\/p>\n<div class=\"wpsr-total-reviews\">Based on <span>3<\/span> Reviews<\/div>\n<\/div>\n<\/div>\n<div class=\"wpsr-business-info-right\">\n<div class=\"wpsr-write-review-modal-wrapper\"><\/div>\n<\/div>\n<\/div>\n<\/div>\n<\/div>\n<div class=\"wpsr-row\" style=\"\">\n<div class=\"wpsr-reviews-slider-wrapper-inner\">\n<div class=\"wpsr-reviews-slider swiper-container wpsr-ai-summary-enabled-slider\" tabindex=\"0\">\n<div class=\"swiper-wrapper\">\n<div class=\"swiper-slide\" role=\"group\">\n<div class=\"wpsr-review-template wpsr-review-template-two wpsr-review-template-amazon\"\n                 style=\"\"\n                 data-index=\"0\"\n                 data-source_id=\"B07J2Q8ZD5\"\n                 data-media_id=\"\"\n                 data-review_platform=\"amazon\"\n                 data-product_thumbnail=\"\"\n                 data-product_name=\"\"\n                 data-image_resize=\"full\"\n            ><\/p>\n<div class=\"wpsr-review-platform\">\n                <img decoding=\"async\" class=\"wpsr-review-platform-icon\" width=\"20\" height=\"20\" src=\"https:\/\/egyptianwisdomcenter.org\/wp-content\/plugins\/wp-social-reviews\/assets\/images\/icon\/icon-amazon-small.png\" alt=\"amazon\">\n    <\/div>\n<div class=\"wpsr-reviewer-image\">\n    <a class=\"wpsr-reviewer-image-url\" target=\"_blank\" rel=\"noopener noreferrer nofollow\" href=\"https:\/\/www.amazon.com\/%C3%84gyptische-Kosmologie-Universum-Egyptian-Cosmology\/dp\/B07J2Q8ZD5\"><br \/>\n                                    <img decoding=\"async\" class=\"wpsr-reviewer-avatar\" src=\"https:\/\/images-eu.ssl-images-amazon.com\/images\/S\/amazon-avatars-global\/default._CR0,0,1024,1024_SX48_.png\" alt=\"Amazon Kunde\"\/><br \/>\n                        <\/a>\n<\/div>\n<div class=\"wpsr-review-info\">\n                        <a class=\"wpsr-reviewer-name-url\" target=\"_blank\" rel=\"noopener noreferrer nofollow\" href=\"https:\/\/www.amazon.com\/%C3%84gyptische-Kosmologie-Universum-Egyptian-Cosmology\/dp\/B07J2Q8ZD5\"><br \/>\n    <span class=\"wpsr-reviewer-name\">Amazon Kunde<\/span><br \/>\n    <\/a><\/p>\n<div data-rating=\"5\" class=\"wpsr-rating-wrapper wpsr-rating\">\n<div class=\"wpsr-star-container wpsr-star-background-filled\" style=\"--wpsr-review-star-fill: 100%;\">\n<div class=\"wpsr-star-empty\"><\/div>\n<div class=\"wpsr-star-filled\"><\/div>\n<\/p><\/div>\n<div class=\"wpsr-star-container wpsr-star-background-filled\" style=\"--wpsr-review-star-fill: 100%;\">\n<div class=\"wpsr-star-empty\"><\/div>\n<div class=\"wpsr-star-filled\"><\/div>\n<\/p><\/div>\n<div class=\"wpsr-star-container wpsr-star-background-filled\" style=\"--wpsr-review-star-fill: 100%;\">\n<div class=\"wpsr-star-empty\"><\/div>\n<div class=\"wpsr-star-filled\"><\/div>\n<\/p><\/div>\n<div class=\"wpsr-star-container wpsr-star-background-filled\" style=\"--wpsr-review-star-fill: 100%;\">\n<div class=\"wpsr-star-empty\"><\/div>\n<div class=\"wpsr-star-filled\"><\/div>\n<\/p><\/div>\n<div class=\"wpsr-star-container wpsr-star-background-filled\" style=\"--wpsr-review-star-fill: 100%;\">\n<div class=\"wpsr-star-empty\"><\/div>\n<div class=\"wpsr-star-filled\"><\/div>\n<\/p><\/div>\n<\/p><\/div>\n<p><span data-time=\"3 \u0433\u043e\u0434\u0430 ago\" class=\"wpsr-review-date\"><br \/>\n     \u041c\u0430\u0440\u0442 30, 2023<\/span>                        <\/p><\/div>\n<div class=\"wpsr-reviews-content-footer\">\n<h3 class=\"wpsr-review-title\">\n    Von Wissen zur Weisheit<\/h3>\n<div class=\"wpsr-review-content\" tabindex=\"0\">\n<p class=\"wpsr_add_read_more wpsr_show_less_content\" data-num-words-trim=\"10\">Herr Gadalla hat bemerkenswerte Arbeit geleistet. Ich bin bereichert durch seine Darstellung von \u00e4gyptischen \u00dcberlieferungen. Gerne lese ich die weiteren B\u00fccher von diesem Author. <\/p>\n<\/p><\/div>\n<\/p><\/div>\n<\/p><\/div>\n<\/p><\/div>\n<\/div>\n<\/div>\n<div class=\"wpsr-swiper-carousel-wrapper\">\n<div class=\"wpsr-swiper-pagination swiper-pagination\"><\/div>\n<\/div>\n<\/div>\n<\/div>\n<\/div>\n<\/div>\n<p><\/center><\/p>","protected":false},"featured_media":61846,"comment_status":"open","ping_status":"closed","template":"","meta":[],"product_brand":[],"product_cat":[104,105],"product_tag":[],"class_list":{"0":"post-61845","1":"product","2":"type-product","3":"status-publish","4":"has-post-thumbnail","6":"product_cat-deutsch","7":"product_cat-deutsche-ausgabe","9":"first","10":"instock","11":"shipping-taxable","12":"product-type-simple"},"aioseo_notices":[],"_links":{"self":[{"href":"https:\/\/egyptianwisdomcenter.org\/ru\/wp-json\/wp\/v2\/product\/61845","targetHints":{"allow":["GET"]}}],"collection":[{"href":"https:\/\/egyptianwisdomcenter.org\/ru\/wp-json\/wp\/v2\/product"}],"about":[{"href":"https:\/\/egyptianwisdomcenter.org\/ru\/wp-json\/wp\/v2\/types\/product"}],"replies":[{"embeddable":true,"href":"https:\/\/egyptianwisdomcenter.org\/ru\/wp-json\/wp\/v2\/comments?post=61845"}],"wp:featuredmedia":[{"embeddable":true,"href":"https:\/\/egyptianwisdomcenter.org\/ru\/wp-json\/wp\/v2\/media\/61846"}],"wp:attachment":[{"href":"https:\/\/egyptianwisdomcenter.org\/ru\/wp-json\/wp\/v2\/media?parent=61845"}],"wp:term":[{"taxonomy":"product_brand","embeddable":true,"href":"https:\/\/egyptianwisdomcenter.org\/ru\/wp-json\/wp\/v2\/product_brand?post=61845"},{"taxonomy":"product_cat","embeddable":true,"href":"https:\/\/egyptianwisdomcenter.org\/ru\/wp-json\/wp\/v2\/product_cat?post=61845"},{"taxonomy":"product_tag","embeddable":true,"href":"https:\/\/egyptianwisdomcenter.org\/ru\/wp-json\/wp\/v2\/product_tag?post=61845"}],"curies":[{"name":"wp","href":"https:\/\/api.w.org\/{rel}","templated":true}]}}