{"id":62959,"date":"2023-01-10T16:17:49","date_gmt":"2023-01-10T21:17:49","guid":{"rendered":"https:\/\/egyptianwisdomcenter.org\/?post_type=product&#038;p=62959"},"modified":"2024-06-01T04:44:12","modified_gmt":"2024-06-01T08:44:12","slug":"instrumentos-musicales-egipcios","status":"publish","type":"product","link":"https:\/\/egyptianwisdomcenter.org\/ru\/product\/instrumentos-musicales-egipcios\/","title":{"rendered":"Instrumentos Musicales Egipcios"},"content":{"rendered":"<p><strong>DESCRIPCI\u00d3N LARGA<\/strong><\/p>\n<p>Este libro consta de cinco cap\u00edtulos:<\/p>\n<p>Cap\u00edtulo 1: La abundancia de instrumentos que abarcar\u00e1 las caracter\u00edsticas generales de los instrumentos egipcios as\u00ed como los componentes principales de la orquesta musical.<\/p>\n<p>Cap\u00edtulo 2: Instrumentos de cuerda que abarcar\u00e1 varios instrumentos de cuerda egipcios como liras, tri-gonon\/qanun (c\u00edtara), arpas que incluyen las t\u00e9cnicas de interpretaci\u00f3n: t\u00e9cnicas de interpretaci\u00f3n de las arpas; las capacidades integrales de las arpas del Antiguo Egipto; instrumentos de cuerda con m\u00e1stil, como el la\u00fad con m\u00e1stil corto; las guitarras con m\u00e1stil largo; y los instrumentos arqueados [kamanga y rebab].<\/p>\n<p>Cap\u00edtulo 3: Instrumentos de viento que abarcar\u00e1 la flauta que se sopla por un extremo; flauta travesera; flauta de Pan; ca\u00f1a simple (clarinete); tubo doble; clarinete doble; oboe doble; arghul; otros (gaita y \u00f3rgano); y cuernos\/trompetas.<\/p>\n<p>Cap\u00edtulo 4: Instrumentos de percusi\u00f3n que abarcar\u00e1 los instrumentos membran\u00f3fonos como tambores y panderetas; y los instrumentos no membran\u00f3fonos (idi\u00f3fonos) como palos de percusi\u00f3n, claquetas, sistros, platillos, casta\u00f1uelas, campanas (campanillas), xil\u00f3fono y Glockenspiel y partes humanas (manos, dedos, muslos, pies, etc.).<\/p>\n<p>Cap\u00edtulo 5: La actuaci\u00f3n musical que abarcar\u00e1 el significado y las funciones de los dedos y sus nudillos en la producci\u00f3n y la direcci\u00f3n de las interpretaciones musicales; as\u00ed como los diferentes m\u00e9todos para el mantenimiento de la sincronizaci\u00f3n r\u00edtmica\/tempo, que incluye el uso de las s\u00edlabas.<\/p>","protected":false},"excerpt":{"rendered":"<p>por <a href=\"https:\/\/egyptianwisdomcenter.org\/es\/sobre\/\">\u041c\u0443\u0441\u0442\u0430\u0444\u0430 \u0413\u0430\u0434\u0430\u043b\u043b\u0430<\/a><\/p>\n<hr \/>\n<p><strong>Resumen<\/strong><\/p>\n<p>Este libro muestra los principales instrumentos musicales del Antiguo Egipto, sus variedades y t\u00e9cnicas de interpretaci\u00f3n.<\/p>\n<p>&nbsp;<\/p>\n<hr \/>\n<p><center><br \/>\n<a class=\"button minimal\" href=\"https:\/\/books2read.com\/u\/mgyzvq\" target=\"_blank\" rel=\"noopener\">Ver opciones de compra<\/a><\/center><center><\/center><center><\/center><center><a href=\"https:\/\/www.amazon.com\/-\/es\/Moustafa-Gadalla\/dp\/1980798478\" target=\"_blank\" rel=\"noopener\"><img decoding=\"async\" class=\"alignnone size-full wp-image-69088\" src=\"https:\/\/egyptianwisdomcenter.org\/wp-content\/uploads\/2023\/01\/Capture-4.png\" alt=\"\" width=\"147\" height=\"25\" srcset=\"https:\/\/egyptianwisdomcenter.org\/wp-content\/uploads\/2023\/01\/Capture-4.png 147w, https:\/\/egyptianwisdomcenter.org\/wp-content\/uploads\/2023\/01\/Capture-4-18x3.png 18w\" sizes=\"(max-width: 147px) 100vw, 147px\" \/><\/a><\/center><\/p>","protected":false},"featured_media":62960,"comment_status":"open","ping_status":"closed","template":"","meta":[],"product_brand":[],"product_cat":[112,111],"product_tag":[],"class_list":{"0":"post-62959","1":"product","2":"type-product","3":"status-publish","4":"has-post-thumbnail","6":"product_cat-edicion-espanola","7":"product_cat-espanol","9":"first","10":"instock","11":"shipping-taxable","12":"product-type-simple"},"aioseo_notices":[],"_links":{"self":[{"href":"https:\/\/egyptianwisdomcenter.org\/ru\/wp-json\/wp\/v2\/product\/62959","targetHints":{"allow":["GET"]}}],"collection":[{"href":"https:\/\/egyptianwisdomcenter.org\/ru\/wp-json\/wp\/v2\/product"}],"about":[{"href":"https:\/\/egyptianwisdomcenter.org\/ru\/wp-json\/wp\/v2\/types\/product"}],"replies":[{"embeddable":true,"href":"https:\/\/egyptianwisdomcenter.org\/ru\/wp-json\/wp\/v2\/comments?post=62959"}],"wp:featuredmedia":[{"embeddable":true,"href":"https:\/\/egyptianwisdomcenter.org\/ru\/wp-json\/wp\/v2\/media\/62960"}],"wp:attachment":[{"href":"https:\/\/egyptianwisdomcenter.org\/ru\/wp-json\/wp\/v2\/media?parent=62959"}],"wp:term":[{"taxonomy":"product_brand","embeddable":true,"href":"https:\/\/egyptianwisdomcenter.org\/ru\/wp-json\/wp\/v2\/product_brand?post=62959"},{"taxonomy":"product_cat","embeddable":true,"href":"https:\/\/egyptianwisdomcenter.org\/ru\/wp-json\/wp\/v2\/product_cat?post=62959"},{"taxonomy":"product_tag","embeddable":true,"href":"https:\/\/egyptianwisdomcenter.org\/ru\/wp-json\/wp\/v2\/product_tag?post=62959"}],"curies":[{"name":"wp","href":"https:\/\/api.w.org\/{rel}","templated":true}]}}