{"id":69800,"date":"2025-12-09T15:35:37","date_gmt":"2025-12-09T20:35:37","guid":{"rendered":"https:\/\/egyptianwisdomcenter.org\/?post_type=product&#038;p=69800"},"modified":"2025-12-09T15:44:16","modified_gmt":"2025-12-09T20:44:16","slug":"den-rene-egyptiske-oprindelse","status":"publish","type":"product","link":"https:\/\/egyptianwisdomcenter.org\/ru\/product\/den-rene-egyptiske-oprindelse\/","title":{"rendered":"Den rene egyptiske oprindelse"},"content":{"rendered":"<div class=\"collapsible-synopsis gizmo-collapsible-with-header show-teaser open\" data-kobo-gizmo=\"Collapsible.Synopsis\" data-kobo-gizmo-config=\"{ &quot;isOpen&quot;: {&quot;small&quot;: false, &quot;medium&quot;: false, &quot;large&quot;: false, &quot;jumbo&quot;: false}, &quot;name&quot;: &quot;AboutItem&quot;, &quot;toggleClass&quot; : &quot;toggle-button-hitbox&quot; }\" data-gid=\"g_20\">\n<div class=\"synopsis-description\" translate=\"no\">\n<p>Denne bog er en kort introduktion til den gamle egyptiske civilisation, som vi kan hente inspiration fra til vores liv i dag, uanset hvor i verden vi bor.<\/p>\n<p>Emner, der behandles i bogen:<\/p>\n<p>\u2013 Universets mekanismer og vores plads i det<\/p>\n<p>\u2013 At forst\u00e5 os selv og organisere vores indre energier for at opn\u00e5 et lykkeligt og sundt liv<\/p>\n<p>\u2013 Problemer med politiske, sociale og \u00f8konomiske forhold og gamle egyptiske l\u00f8sninger p\u00e5 disse<\/p>\n<p>\u2013 Opn\u00e5else af fredelig sameksistens mellem folk og lande og i forhold til naturressourcer (dette g\u00e6lder ogs\u00e5 for bevarelse af et rent milj\u00f8)<\/p>\n<p>\u2013 At forst\u00e5 og anvende harmoniske principper i byggeri<\/p>\n<p>\u2013 At v\u00e6rds\u00e6tte kunst og dens harmoniske funktioner og anvendelser<\/p>\n<p>\u2013 Den gamle egyptiske civilisations tidl\u00f8se natur<\/p>\n<\/div>\n<\/div>","protected":false},"excerpt":{"rendered":"<p>Skrevet af\u00a0<span class=\"visible-contributors\"><a class=\"contributor-name\" translate=\"no\" href=\"https:\/\/egyptianwisdomcenter.org\/ru\/\u043e\/\" data-force-track=\"\" data-track-info=\"{&quot;description&quot;:&quot;authorSearch&quot;,&quot;author&quot;:&quot;Moustafa Gadalla&quot;}\">\u041c\u0443\u0441\u0442\u0430\u0444\u0430 \u0413\u0430\u0434\u0430\u043b\u043b\u0430<\/a><\/span><\/p>\n<hr \/>\n<p><strong>KORT BESKRIVELSE<\/strong><\/p>\n<p>Denne bog er en kortfattet introduktion til den gamle egyptiske civilisation, som vi kan hente inspiration fra til vores liv i dag, uanset hvor i verden vi bor. Bogen handler blandt andet om selvst\u00e6ndigg\u00f8relse, l\u00f8sning af aktuelle politiske, sociale, \u00f8konomiske og milj\u00f8m\u00e6ssige problemer samt anerkendelse og anvendelse af harmoniske principper i vores arbejde og aktiviteter.<\/p>\n<p>Se et uddrag af bogen (PDF)<\/p>\n<hr \/>\n<p><center><br \/>\nK\u00f8b bogen her<\/center><\/p>","protected":false},"featured_media":69801,"comment_status":"open","ping_status":"closed","template":"","meta":{"_monsterinsights_skip_tracking":false,"_monsterinsights_sitenote_active":false,"_monsterinsights_sitenote_note":"","_monsterinsights_sitenote_category":0},"product_brand":[],"product_cat":[149],"product_tag":[],"class_list":{"0":"post-69800","1":"product","2":"type-product","3":"status-publish","4":"has-post-thumbnail","6":"product_cat-danske-udgaver","8":"first","9":"instock","10":"shipping-taxable","11":"product-type-simple"},"aioseo_notices":[],"_links":{"self":[{"href":"https:\/\/egyptianwisdomcenter.org\/ru\/wp-json\/wp\/v2\/product\/69800","targetHints":{"allow":["GET"]}}],"collection":[{"href":"https:\/\/egyptianwisdomcenter.org\/ru\/wp-json\/wp\/v2\/product"}],"about":[{"href":"https:\/\/egyptianwisdomcenter.org\/ru\/wp-json\/wp\/v2\/types\/product"}],"replies":[{"embeddable":true,"href":"https:\/\/egyptianwisdomcenter.org\/ru\/wp-json\/wp\/v2\/comments?post=69800"}],"wp:featuredmedia":[{"embeddable":true,"href":"https:\/\/egyptianwisdomcenter.org\/ru\/wp-json\/wp\/v2\/media\/69801"}],"wp:attachment":[{"href":"https:\/\/egyptianwisdomcenter.org\/ru\/wp-json\/wp\/v2\/media?parent=69800"}],"wp:term":[{"taxonomy":"product_brand","embeddable":true,"href":"https:\/\/egyptianwisdomcenter.org\/ru\/wp-json\/wp\/v2\/product_brand?post=69800"},{"taxonomy":"product_cat","embeddable":true,"href":"https:\/\/egyptianwisdomcenter.org\/ru\/wp-json\/wp\/v2\/product_cat?post=69800"},{"taxonomy":"product_tag","embeddable":true,"href":"https:\/\/egyptianwisdomcenter.org\/ru\/wp-json\/wp\/v2\/product_tag?post=69800"}],"curies":[{"name":"wp","href":"https:\/\/api.w.org\/{rel}","templated":true}]}}