{"id":1272,"date":"2019-03-01T14:21:30","date_gmt":"2019-03-01T19:21:30","guid":{"rendered":"http:\/\/egyptianwisdomcenter.org\/escarabajo-escarabajos\/"},"modified":"2023-01-08T06:59:35","modified_gmt":"2023-01-08T11:59:35","slug":"escarabajo","status":"publish","type":"page","link":"https:\/\/egyptianwisdomcenter.org\/sv\/escarabajo\/","title":{"rendered":"Escarabajo"},"content":{"rendered":"<h2 style=\"text-align: center;\"><span style=\"color: #ff0000;\"><strong>Escarabajo<\/strong><\/span><\/h2>\n<p>&nbsp;<\/p>\n<p>Re se representa con frecuencia como un escarabajo negro grande del escarabajo que se sienta en el barco solar y rodando el disco del sol; o como un hombre cuya cabeza humana es reemplazada por un escarabajo.<\/p>\n<p><a href=\"http:\/\/egyptianwisdomcenter.org\/wp-content\/uploads\/2019\/02\/ed-ch9-photo3-96c.jpg\"><img decoding=\"async\" class=\"size-medium wp-image-899 aligncenter\" src=\"http:\/\/egyptianwisdomcenter.org\/wp-content\/uploads\/2019\/02\/ed-ch9-photo3-96c-146x300.jpg\" alt=\"\" width=\"146\" height=\"300\" \/><\/a><\/p>\n<p>Como tal, Re es el escarabajo divino original. El nombre egipcio para el escarabajo del escarabajo era Khepri, un significado m\u00faltiple de la palabra:<\/p>\n<p style=\"padding-left: 30px;\"><strong><em>Esto que trae al ser.<\/em><\/strong><\/p>\n<p>Re (RA) se describe en los <em>Textos funerarios de las unas (pir\u00e1mide)<\/em>:<\/p>\n<p style=\"padding-left: 30px;\"><strong><em>&#8220;Te hacen venir a ser como Re, en el nombre de Khepri&#8221;.<\/em><\/strong><\/p>\n<p>Khepri el escarabajo del escarabajo es uno de los 75 manifestaci\u00f3n del proceso de creaci\u00f3n \u2014 todos siendo aspectos de Re, la fuerza creativa divina.<\/p>\n<p>Horapollo Niliaeus explica el simbolismo del escarabajo de esta manera:<\/p>\n<p style=\"padding-left: 30px;\"><strong><em>&#8220;Para significar el \u00fanico engendrado, o nacimiento, o un padre, o el mundo, o el hombre, ellos [egipcios] dibujan un escarabajo. El \u00fanico engendrado, <span style=\"text-decoration: underline;\">porque este animal es uno mismo-engendrado, nonato de la hembra<\/span>. Para su nacimiento ocurre solamente de la manera siguiente. Cuando el macho desea tener descendencia, toma un poco de esti\u00e9rcol de vaca y hace una bola redonda de ella, mucho en la forma del mundo. Rodando con sus patas traseras de este a oeste, se enfrenta al este, con el fin de darle la forma del mundo, para el mundo es llevado desde el este hacia el oeste.<\/em><\/strong><\/p>\n<p>En los textos transformacionales (funerarios) del antiguo Egipto, los difuntos, identificados con Osiris, pasaron por etapas an\u00e1logas en la noche del inframundo y renaci\u00f3 como un nuevo RA (Re) en su forma de Khepri (el escarabajo del escarabajo) en la ma\u00f1ana. La analog\u00eda con el sol \u2014 desapareciendo por la noche y apareciendo en la ma\u00f1ana \u2014 es clara. El escarabajo del escarabajo es el s\u00edmbolo de la calidad transformadora del sol; la luz que sale de la oscuridad. Los amuletos de escarabajo fueron enterrados habitualmente con los difuntos para promover el renacimiento.<\/p>\n<p>El escarabajo del escarabajo es, por lo tanto, siempre se encuentra al principio de un ciclo.<\/p>\n<p>Aqu\u00ed est\u00e1 asociado con el huevo c\u00f3smico.<\/p>\n<p><a href=\"https:\/\/egyptianwisdomcenter.org\/wp-content\/uploads\/2019\/02\/ed-ch9-photo4-96c.jpg\"><img fetchpriority=\"high\" decoding=\"async\" class=\"size-full wp-image-900 aligncenter\" src=\"https:\/\/egyptianwisdomcenter.org\/wp-content\/uploads\/2019\/02\/ed-ch9-photo4-96c.jpg\" alt=\"\" width=\"240\" height=\"220\" \/><\/a><\/p>\n<p>Aqu\u00ed, es al principio de un ciclo del zodiaco que duran cerca de 26.000 a\u00f1os comenzando con la era de Leo, el Le\u00f3n.<\/p>\n<p><a href=\"http:\/\/egyptianwisdomcenter.org\/wp-content\/uploads\/2019\/02\/ed-ch9-photo5-96c.jpg\"><img decoding=\"async\" class=\"size-medium wp-image-901 aligncenter\" src=\"http:\/\/egyptianwisdomcenter.org\/wp-content\/uploads\/2019\/02\/ed-ch9-photo5-96c-300x200.jpg\" alt=\"\" width=\"300\" height=\"200\" \/><\/a><\/p>\n<p>&nbsp;<\/p>\n<p><span style=\"color: #ff0000;\"><strong>[Un fragmento de Egyptian Divinities: The All who are the ONE, 2nd Edition por Moustafa Gadalla]<\/strong><\/span><\/p>\n<div dir=\"auto\">\n<p><span style=\"color: #ff0000;\"><strong><a href=\"https:\/\/egyptianwisdomcenter.org\/sv\/produkt\/egyptian-divinities-the-all-who-are-the-one-2nd-edition\/\"><span style=\"color: #0000ff;\">https:\/\/egyptianwisdomcenter.org\/product\/egyptian-divinities-the-all-who-are-the-one-2nd-edition\/<\/span><\/a><\/strong><\/span><\/p>\n<p><img decoding=\"async\" class=\"aligncenter\" src=\"https:\/\/books2read-prod.s3.amazonaws.com\/CACHE\/images\/ubl_book_images\/book_display_image_qOuT56H\/40d95446cc17340ec7b02939eaa44c10\" \/><\/p>\n<p style=\"text-align: center;\"><a href=\"https:\/\/egyptianwisdomcenter.org\/sv\/produkt\/egyptian-divinities-the-all-who-are-the-one-2nd-edition\/\"><strong><span style=\"color: #ff0000;\"><span style=\"color: #0000ff;\">https:\/\/egyptianwisdomcenter.org\/product\/egyptian-divinities-the-all-who-are-the-one-2nd-edition\/<\/span><\/span><\/strong><\/a><\/p>\n<\/div>","protected":false},"excerpt":{"rendered":"<p>Escarabajo &nbsp; Re se representa con frecuencia como un escarabajo negro grande del escarabajo que se sienta en el barco solar y [&hellip;]<\/p>","protected":false},"author":3,"featured_media":0,"parent":0,"menu_order":0,"comment_status":"closed","ping_status":"closed","template":"","meta":{"footnotes":""},"class_list":["post-1272","page","type-page","status-publish","hentry"],"aioseo_notices":[],"_links":{"self":[{"href":"https:\/\/egyptianwisdomcenter.org\/sv\/wp-json\/wp\/v2\/pages\/1272","targetHints":{"allow":["GET"]}}],"collection":[{"href":"https:\/\/egyptianwisdomcenter.org\/sv\/wp-json\/wp\/v2\/pages"}],"about":[{"href":"https:\/\/egyptianwisdomcenter.org\/sv\/wp-json\/wp\/v2\/types\/page"}],"author":[{"embeddable":true,"href":"https:\/\/egyptianwisdomcenter.org\/sv\/wp-json\/wp\/v2\/users\/3"}],"replies":[{"embeddable":true,"href":"https:\/\/egyptianwisdomcenter.org\/sv\/wp-json\/wp\/v2\/comments?post=1272"}],"version-history":[{"count":0,"href":"https:\/\/egyptianwisdomcenter.org\/sv\/wp-json\/wp\/v2\/pages\/1272\/revisions"}],"wp:attachment":[{"href":"https:\/\/egyptianwisdomcenter.org\/sv\/wp-json\/wp\/v2\/media?parent=1272"}],"curies":[{"name":"wp","href":"https:\/\/api.w.org\/{rel}","templated":true}]}}