{"id":1558,"date":"2019-03-01T16:33:09","date_gmt":"2019-03-01T21:33:09","guid":{"rendered":"https:\/\/egyptianwisdomcenter.org\/anubis-el-perro\/"},"modified":"2023-01-04T16:05:01","modified_gmt":"2023-01-04T21:05:01","slug":"anubis-el-perro","status":"publish","type":"page","link":"https:\/\/egyptianwisdomcenter.org\/sv\/anubis-el-perro\/","title":{"rendered":"Anubis, El Perro"},"content":{"rendered":"<h2 style=\"text-align: center;\"><span style=\"color: #ff0000;\"><strong>Anubis, El Perro<\/strong><\/span><\/h2>\n<p>&nbsp;<\/p>\n<p>Anubis representa el principio divino del sentido correcto de la direcci\u00f3n.<\/p>\n<p><a href=\"https:\/\/trfed2.pressbooks.com\/wp-content\/uploads\/sites\/42625\/2015\/11\/Screenshot_1-232x300.gif\"><img decoding=\"async\" class=\" wp-image-554 aligncenter\" src=\"https:\/\/trfed2.pressbooks.com\/wp-content\/uploads\/sites\/42625\/2015\/11\/Screenshot_1-232x300.gif\" alt=\"\" width=\"169\" height=\"223\" \/><\/a><\/p>\n<p>El perro encarna la esencia de la gu\u00eda espiritual. Anubis se muestra a menudo como el perro\/chacal, o como una figura humana con la cabeza de un perro\/chacal. El perro\/chacal es famoso por su instinto buscador confiable, de d\u00eda o de noche. El perro es muy \u00fatil en las b\u00fasquedas, y es el animal de opci\u00f3n para guiar el ciego. Como tal, el es una excelente opci\u00f3n para guiar el alma del difunto a trav\u00e9s de las regiones del Duat.<\/p>\n<p><a href=\"https:\/\/egyptianwisdomcenter.org\/wp-content\/uploads\/2019\/02\/ed-ch10-photo1-96c.jpg\"><img fetchpriority=\"high\" decoding=\"async\" class=\"size-medium wp-image-926 aligncenter\" src=\"https:\/\/egyptianwisdomcenter.org\/wp-content\/uploads\/2019\/02\/ed-ch10-photo1-96c-300x217.jpg\" alt=\"\" width=\"300\" height=\"217\" \/><\/a><\/p>\n<p>Esta expresi\u00f3n simb\u00f3lica de una comprensi\u00f3n espiritual profunda se presentba en dos formas principales para Anubis: el ser humano con cabeza de animal, o una en forma animal pura, como vemos aqu\u00ed.<\/p>\n<p><a href=\"https:\/\/egyptianwisdomcenter.org\/wp-content\/uploads\/2019\/02\/AE-20-011-1.gif\"><img decoding=\"async\" class=\"size-medium wp-image-550 aligncenter\" src=\"https:\/\/egyptianwisdomcenter.org\/wp-content\/uploads\/2019\/02\/AE-20-011-1-230x300.gif\" alt=\"\" width=\"230\" height=\"300\" \/><\/a><\/p>\n<p>Cuando un animal en entero es presentado en el Antiguo Egipto, el representa una funci\u00f3n\/atributo particular en su forma m\u00e1s pura.<\/p>\n<p><a href=\"https:\/\/egyptianwisdomcenter.org\/wp-content\/uploads\/2019\/02\/aecr-ch3-3-72c-1-copy.jpg\"><img loading=\"lazy\" decoding=\"async\" class=\"size-full wp-image-1046 aligncenter\" src=\"https:\/\/egyptianwisdomcenter.org\/wp-content\/uploads\/2019\/02\/aecr-ch3-3-72c-1-copy.jpg\" alt=\"\" width=\"166\" height=\"127\" \/><\/a><\/p>\n<p>Cuando una figura con cabeza animal es presentado, una funci\u00f3n\/atributo particular en el ser humano es expresado.<\/p>\n<p>Varios atributos asociados est\u00e1n relacionados con el perro. Hay varias formas de perros\/chacales, muestrados en varias posiciones en varios contextos. El atributo espec\u00edfico ser\u00e1 determinado por el contexto.<\/p>\n<p>Vamos a la vista general de las funciones de Anubis como:<\/p>\n<p style=\"padding-left: 30px;\">&#8211; el Buscador de Caminos<br \/>\n&#8211; la dieta alquimista<br \/>\n&#8211; el Buscador de la Verdad<\/p>\n<p>&#8211; En nuestro regreso a nuestro origen divino, cada uno de nosotros necesitamos un gu\u00eda\/\u00e1ngel guiador en que podamos confiar para llevarnos en la direcci\u00f3n correcta. Este Buscador de Caminos es el Anubis quien representa el sentido correcto de la direcci\u00f3n\u2014la Gu\u00eda Divina. El Buscador de Caminos es encarnado en el Anubis como un perro. El perro (DoG) es la inversa do Dios (GoD)\u2014desde el mundo de la materia hasta el mundo del esp\u00edritu. El perro\/chacal es famoso por su instinto de buscador confiable, de d\u00eda o de noche. Como tal, es una excelente opci\u00f3n para guiar el alma del difunto a trav\u00e9s de los regiones del Duat.<\/p>\n<p>&#8211; El papel metaf\u00edsico de Anubis, el perro, es reflejado en su dieta. El perro\/chacal agasaja en carro\u00f3n, convirti\u00e9ndolo en alimento beneficioso. En otras palabras, Anubis representa la capacidad de convertir a los desechos en comida \u00fatil para el cuerpo (y el alma) como en la forma alqu\u00edmica de transformar el plomo en oro.<\/p>\n<p>&#8211; El sentido absoluto de lealtad es encarnado en el perro, quien es representado liderando el alma del difunto en el Sal\u00f3n del Juicio donde \u00e9l tambi\u00e9n asegura la exactitud del simb\u00f3lismo en el proceso de pesar el coraz\u00f3n. Anubis representa el sentido correcto de la direcci\u00f3n en lo que sea que hacemos, la lealtad absoluta, y la capacidad de convertir el plomo (carro\u00f3n) en oro (dignidad).<\/p>\n<p>&#8211; Anubis tambi\u00e9n representa el Buscador de la Verdad. En la alegor\u00eda de Isis\/Osiris, es Anubis que ayuda a Isis a encontrar las piezas dispersas de Osiris, como <em>el Manifestante de la Verdad.<\/em><\/p>\n<p>Encontrar las piezas rotas para unirlas es la esencia de la religi\u00f3n. El origen de la palabra re-ligio-n es el &#8220;lat\u00edn&#8221; <em>religio<\/em>, que significa <em>unir<\/em>.<\/p>\n<p style=\"text-align: center;\"><strong>&#8212;&#8212;&#8212;&#8212;&#8212;<\/strong><\/p>\n<h2><span style=\"color: #ff0000;\"><strong>Anubis Como La Estrella Del Perro<\/strong><\/span><\/h2>\n<p>Vamos a la vista general de las funciones de Anubis como:<\/p>\n<p style=\"padding-left: 30px;\">a. la Estrella de Isis\u2014El Gran Proveedor<br \/>\nb. el Punto de Origen en el calendario egipcio<\/p>\n<p><strong>a.<\/strong> Anubis como la Estrella del Perro siempre se muestra llevando las arcas en sus viajes hacia lo Divino. Como tal, Anubis representa la Gu\u00eda Divina.<\/p>\n<p>Sirius, la Estrella del Perro, es el lugar de residencia de la madre universal Isis.<\/p>\n<p>Durante los per\u00edodos muy remotos de la historia egipcia antigua, Isis se asoci\u00f3 con la estrella Sabt (Sirius), la estrella m\u00e1s brillante del cielo, que se llamaba, como ella, El Gran Proveedor; y cuyo ascenso annual iniciaba la inundation del Nilo.<\/p>\n<p><strong>b.<\/strong> El calendario ingenioso y muy preciso de Egipto se bas\u00f3 en la observaci\u00f3n y el estudio de los movimientos de Sirius en el cielo. Este hecho es claramente reconocido en el Diccionario de Webster, que define el a\u00f1o Sothic (Sabt en egipcio) como:<\/p>\n<ul>\n<li>de tener que ver con Sirius, la Estrella del Perro.<\/li>\n<li>designando o de un ciclo egipcio antiguo o per\u00edodo de tiempo basado en un a\u00f1o fijo.<\/li>\n<\/ul>\n<p>Los antiguos egipcios sab\u00edan que el a\u00f1o completo era un poco m\u00e1s de 365 1,4 d\u00edas. La tierra tarda 365,25636 d\u00edas para completar una revoluci\u00f3n alrededor del sol\u2014y eso fue\/es la longitud del a\u00f1o Sothic egipcio. [M\u00e1s detalles se pueden encontrar en <em>Cultura egipcia antigua revelada, <\/em>por Moustafa Gadalla.]<\/p>\n<p>Deja que los atributos de Anubis dentro de ti te gu\u00eden en la direcci\u00f3n correcta.<\/p>\n<p>&nbsp;<\/p>\n<p><span style=\"color: #ff0000;\"><strong>[Un fragmento de Egyptian Divinities: The All who are the ONE, 2nd Edition por Moustafa Gadalla]<\/strong><\/span><\/p>\n<p><strong><span style=\"color: #ff0000;\"><a href=\"https:\/\/egyptianwisdomcenter.org\/product\/egyptian-divinities-the-all-who-are-the-one-2nd-edition\/\"><span style=\"color: #0000ff;\">https:\/\/egyptianwisdomcenter.org\/product\/egyptian-divinities-the-all-who-are-the-one-2nd-edition\/<\/span><\/a><\/span><\/strong><\/p>\n<p><img decoding=\"async\" class=\"aligncenter\" src=\"https:\/\/books2read-prod.s3.amazonaws.com\/CACHE\/images\/ubl_book_images\/book_display_image_qOuT56H\/40d95446cc17340ec7b02939eaa44c10\" \/><\/p>\n<div dir=\"auto\">\n<div dir=\"auto\">\n<p style=\"text-align: center;\"><a href=\"https:\/\/egyptianwisdomcenter.org\/product\/egyptian-divinities-the-all-who-are-the-one-2nd-edition\/\"><strong><span style=\"color: #ff0000;\"><span style=\"color: #0000ff;\">https:\/\/egyptianwisdomcenter.org\/product\/egyptian-divinities-the-all-who-are-the-one-2nd-edition\/<\/span><\/span><\/strong><\/a><\/p>\n<\/div>\n<\/div>\n<p>&nbsp;<\/p>\n<p>&nbsp;<\/p>\n<div>\n<div dir=\"auto\"><\/div>\n<\/div>\n","protected":false},"excerpt":{"rendered":"<p>Anubis, El Perro &nbsp; Anubis representa el principio divino del sentido correcto de la direcci\u00f3n. El perro encarna la esencia de la [&hellip;]<\/p>\n","protected":false},"author":3,"featured_media":0,"parent":0,"menu_order":0,"comment_status":"closed","ping_status":"closed","template":"","meta":{"_monsterinsights_skip_tracking":false,"_monsterinsights_sitenote_active":false,"_monsterinsights_sitenote_note":"","_monsterinsights_sitenote_category":0,"footnotes":""},"class_list":["post-1558","page","type-page","status-publish","hentry"],"aioseo_notices":[],"_links":{"self":[{"href":"https:\/\/egyptianwisdomcenter.org\/sv\/wp-json\/wp\/v2\/pages\/1558","targetHints":{"allow":["GET"]}}],"collection":[{"href":"https:\/\/egyptianwisdomcenter.org\/sv\/wp-json\/wp\/v2\/pages"}],"about":[{"href":"https:\/\/egyptianwisdomcenter.org\/sv\/wp-json\/wp\/v2\/types\/page"}],"author":[{"embeddable":true,"href":"https:\/\/egyptianwisdomcenter.org\/sv\/wp-json\/wp\/v2\/users\/3"}],"replies":[{"embeddable":true,"href":"https:\/\/egyptianwisdomcenter.org\/sv\/wp-json\/wp\/v2\/comments?post=1558"}],"version-history":[{"count":0,"href":"https:\/\/egyptianwisdomcenter.org\/sv\/wp-json\/wp\/v2\/pages\/1558\/revisions"}],"wp:attachment":[{"href":"https:\/\/egyptianwisdomcenter.org\/sv\/wp-json\/wp\/v2\/media?parent=1558"}],"curies":[{"name":"wp","href":"https:\/\/api.w.org\/{rel}","templated":true}]}}