{"id":29586,"date":"2019-03-25T15:00:57","date_gmt":"2019-03-25T19:00:57","guid":{"rendered":"http:\/\/egyptianwisdomcenter.org\/poder-da-piramide\/"},"modified":"2023-01-10T15:21:38","modified_gmt":"2023-01-10T20:21:38","slug":"poder-da-piramide","status":"publish","type":"page","link":"https:\/\/egyptianwisdomcenter.org\/sv\/poder-da-piramide\/","title":{"rendered":"Poder Da Pir\u00e2mide"},"content":{"rendered":"<h2 style=\"text-align: center;\"><span style=\"color: #ff0000;\"><strong>Poder Da Pir\u00e2mide<\/strong><\/span><\/h2>\n<p>&nbsp;<\/p>\n<p>Muitos pesquisadores descobriram que havia alguma propriedade na forma piramidal que o tornou respons\u00e1vel por poderes extraordin\u00e1rios. Eles experimentaram v\u00e1rios itens colocando cada item na posi\u00e7\u00e3o equivalente do &#8220;quarto do rei&#8221; dentro de um modelo dimensionado de uma pir\u00e2mide orientada corretamente. Eles descobriram que os materiais altamente perec\u00edveis foram preservados, sem corte, l\u00e2minas de a\u00e7o carbono antiquado recuperou suas bordas afiadas ap\u00f3s uma noite de estadia, etc. Muitos conclu\u00edram que a forma piramidal em si era respons\u00e1vel, e de alguma forma mudou os processos f\u00edsicos, qu\u00edmicos e biol\u00f3gicos que podem ocorrer dentro dessa forma. Esta experimenta\u00e7\u00e3o conduziu ao fen\u00f4meno sabido como &#8220;poder da pir\u00e2mide&#8221;.<\/p>\n<p>Um sente o poder destas pir\u00e2mides eg\u00edpcias quando dentro ou fora deles porque suas configura\u00e7\u00f5es s\u00e3o proporcionais harmonicamente.<\/p>\n<p>As pir\u00e2mides foram harmonicamente proporcionais para atuar\/funcionar da mesma forma que as <em>estufas<\/em> -ou seja, para atrair e reter certas energias. No caso da pir\u00e2mide eg\u00edpcia, deve ser chamado o efeito <em>Bluehouse <\/em>.<\/p>\n<p>No caso do efeito estufa, \u00e9 a reten\u00e7\u00e3o de calor da luz solar na superf\u00edcie da terra, causada por di\u00f3xido de carbono atmosf\u00e9rico, que admite radia\u00e7\u00e3o de ondas curtas, mas absorve a radia\u00e7\u00e3o de onda longa emitida pela terra.<\/p>\n<p>No caso do efeito <em>Bluehouse <\/em>, o edif\u00edcio ret\u00e9m a energia orgone. Orgone vem do espa\u00e7o sideral. \u00c9 o que faz as estrelas cintilam, e o c\u00e9u azul.<\/p>\n<p>Orgone pode ser acumulado atrav\u00e9s da constru\u00e7\u00e3o de uma caixa com madeira no exterior e chapa de ferro no interior. O material org\u00e2nico deixa o orgone completamente, e o interior do metal reflete-o.<\/p>\n<p>Esta circunst\u00e2ncia\/fen\u00f4meno poderia conseq\u00fcentemente ser chamado o efeito do <em>Bluehouse <\/em>. Concentra\u00e7\u00f5es anormalmente elevadas de energia psi-org construir dentro de tal caixa.<\/p>\n<p>Psi-org combina abreviaturas de energia ps\u00edquica e orgone. Eles s\u00e3o nomes diferentes para a mesma for\u00e7a. O campo psi, que produz a aura humana e \u00e9 respons\u00e1vel por todos os poderes ps\u00edquicos, n\u00e3o \u00e9 nada al\u00e9m do que Wilhelm Reich, o controverso disc\u00edpulo austr\u00edaco de Freud, chamado de &#8220;energia orgone&#8221;.<\/p>\n<p>Os eg\u00edpcios sabiam tudo sobre a energia psi-org, porque o usaram. Os antigos eg\u00edpcios foram os primeiros a descobrir que a forma de uma pir\u00e2mide bem proporcional pode concentrar a energia psi-org.<\/p>\n<p>O efeito Bluehouse aumenta drasticamente quando a superf\u00edcie da pir\u00e2mide \u00e9 laminada.<\/p>\n<p>Os historiadores e viajantes adiantados disseram-nos como as pedras da carca\u00e7a das pir\u00e2mides usaram-se brilhar. As pedras da carca\u00e7a foram quarried durante e ap\u00f3s o 13o s\u00e9culo, para construir mesquitas e pal\u00e1cios ou para o Cal ardente.<\/p>\n<p>O teste deste tipo de energia foi feito pelo Dr. Harald PUTON, um f\u00edsico belga muito competente que descobriu que toda forma de energia psi \u00e9 aumentada por sentar-se uma pir\u00e2mide harmonicamente proporcional. Tal pessoa \u00e9 mais telep\u00e1tica, mais clarividente e mais precognitiva. \u00c9 mais f\u00e1cil iniciar experi\u00eancias fora do corpo nessas condi\u00e7\u00f5es. Al\u00e9m disso, a aura do corpo \u00e9 mais intensa dentro de uma pir\u00e2mide.<\/p>\n<p style=\"text-align: center;\">\u0394 \u0394 \u0394<\/p>\n<p><span style=\"text-decoration: underline;\"><strong>Os Canais De Energia Dos Interiores Das Pir\u00e2mides<\/strong><\/span><\/p>\n<p>Como afirmado anteriormente, as verdadeiras pir\u00e2mides de pedra maci\u00e7a do Egito t\u00eam passagens estreitas e algumas salas vazias que s\u00e3o totalmente desprovidos de quaisquer inscri\u00e7\u00f5es funer\u00e1rias e caracter\u00edsticas.<\/p>\n<p>Os interiores destas pir\u00e2mides s\u00f3lidas verdadeiramente em forma s\u00e3o basicamente uma rede de canaliza\u00e7\u00e3o de energia. Tal rede de energia \u00e9 constitu\u00edda por salas vazias, corredores estreitos, grandes corredores, encostas \u00edngremes, paredes vazias, superf\u00edcies lisas, etc.<\/p>\n<p>&nbsp;<\/p>\n<p><span style=\"color: #ff0000;\"><strong>[Um trecho <span style=\"color: #0000ff;\">Revisitando as Pir\u00e2mides Eg\u00edpcias<\/span><\/strong><\/span><span style=\"color: #ff0000;\"><strong><span style=\"color: #0000ff;\">\u00a0<\/span>por Moustafa Gadalla]<\/strong><\/span><\/p>\n<p><span style=\"color: #0000ff;\"><strong>https:\/\/egyptianwisdomcenter.org\/product\/revisitando-as-piramides-egipcia\/<\/strong><\/span><\/p>\n<p><img decoding=\"async\" class=\"aligncenter\" src=\"https:\/\/egypt-tehuti.org\/wp-content\/uploads\/2018\/06\/Revisitando-as-Pira%CC%82mides-Egi%CC%81pcias-225x338.jpg\" \/><\/p>\n<div dir=\"auto\" style=\"text-align: center;\"><span style=\"color: #0000ff;\"><strong>https:\/\/egyptianwisdomcenter.org\/product\/revisitando-as-piramides-egipcia\/<\/strong><\/span><\/div>","protected":false},"excerpt":{"rendered":"<p>Poder Da Pir\u00e2mide &nbsp; Muitos pesquisadores descobriram que havia alguma propriedade na forma piramidal que o tornou respons\u00e1vel por poderes extraordin\u00e1rios. Eles [&hellip;]<\/p>","protected":false},"author":3,"featured_media":0,"parent":0,"menu_order":0,"comment_status":"closed","ping_status":"closed","template":"","meta":{"footnotes":""},"class_list":["post-29586","page","type-page","status-publish","hentry"],"aioseo_notices":[],"_links":{"self":[{"href":"https:\/\/egyptianwisdomcenter.org\/sv\/wp-json\/wp\/v2\/pages\/29586","targetHints":{"allow":["GET"]}}],"collection":[{"href":"https:\/\/egyptianwisdomcenter.org\/sv\/wp-json\/wp\/v2\/pages"}],"about":[{"href":"https:\/\/egyptianwisdomcenter.org\/sv\/wp-json\/wp\/v2\/types\/page"}],"author":[{"embeddable":true,"href":"https:\/\/egyptianwisdomcenter.org\/sv\/wp-json\/wp\/v2\/users\/3"}],"replies":[{"embeddable":true,"href":"https:\/\/egyptianwisdomcenter.org\/sv\/wp-json\/wp\/v2\/comments?post=29586"}],"version-history":[{"count":0,"href":"https:\/\/egyptianwisdomcenter.org\/sv\/wp-json\/wp\/v2\/pages\/29586\/revisions"}],"wp:attachment":[{"href":"https:\/\/egyptianwisdomcenter.org\/sv\/wp-json\/wp\/v2\/media?parent=29586"}],"curies":[{"name":"wp","href":"https:\/\/api.w.org\/{rel}","templated":true}]}}