{"id":7,"date":"2019-02-14T14:21:28","date_gmt":"2019-02-14T19:21:28","guid":{"rendered":"http:\/\/egyptianwisdomcenter.org\/?page_id=7"},"modified":"2026-01-18T14:04:08","modified_gmt":"2026-01-18T19:04:08","slug":"forum-2","status":"publish","type":"page","link":"https:\/\/egyptianwisdomcenter.org\/sv\/","title":{"rendered":"Home"},"content":{"rendered":"<div class=\"homepage-title\">\n<h3 style=\"font-weight: 400;\">V\u00e4lkommen till en viktig k\u00e4lla till visdom h\u00e4mtad fr\u00e5n den forntida egyptiska civilisationen. <img fetchpriority=\"high\" decoding=\"async\" class=\"homepage-image alignright wp-image-69864 size-full\" src=\"https:\/\/egyptianwisdomcenter.org\/wp-content\/uploads\/2026\/01\/header-background-transparent.webp\" alt=\"\" width=\"544\" height=\"724\" \/><\/h3>\n<\/div>\n<p class=\"homepage-intro\">Du kommer att bli f\u00f6rv\u00e5nad \u00f6ver hur starkt den moderna civilisationen vilar p\u00e5 det gamla Egyptens axlar.<br \/>\nThis website offers two main avenues of learning, in more than 10 languages.<br \/>\nA wealth of free articles written by Moustafa Gadalla. See the Articles link in the menu.<br \/>\nLinks to a complementary website where many of Moustafa Gadalla&#8217;s books can be purchased. Versions are available in several languages. See the Our Books link in the menu above.<br \/>\nNjut av en sp\u00e4nnande uppt\u00e4cktsf\u00e4rd i den forntida egyptiska kulturen och visdomen.<\/p>","protected":false},"excerpt":{"rendered":"<p>Your Comprehensive Multimedia Resource for coherent and substantive educative studies of Ancient Egypt. You will be surprised to see how modern civilisation [&hellip;]<\/p>","protected":false},"author":3,"featured_media":0,"parent":0,"menu_order":0,"comment_status":"closed","ping_status":"closed","template":"","meta":{"footnotes":""},"class_list":["post-7","page","type-page","status-publish","hentry"],"aioseo_notices":[],"_links":{"self":[{"href":"https:\/\/egyptianwisdomcenter.org\/sv\/wp-json\/wp\/v2\/pages\/7","targetHints":{"allow":["GET"]}}],"collection":[{"href":"https:\/\/egyptianwisdomcenter.org\/sv\/wp-json\/wp\/v2\/pages"}],"about":[{"href":"https:\/\/egyptianwisdomcenter.org\/sv\/wp-json\/wp\/v2\/types\/page"}],"author":[{"embeddable":true,"href":"https:\/\/egyptianwisdomcenter.org\/sv\/wp-json\/wp\/v2\/users\/3"}],"replies":[{"embeddable":true,"href":"https:\/\/egyptianwisdomcenter.org\/sv\/wp-json\/wp\/v2\/comments?post=7"}],"version-history":[{"count":41,"href":"https:\/\/egyptianwisdomcenter.org\/sv\/wp-json\/wp\/v2\/pages\/7\/revisions"}],"predecessor-version":[{"id":69868,"href":"https:\/\/egyptianwisdomcenter.org\/sv\/wp-json\/wp\/v2\/pages\/7\/revisions\/69868"}],"wp:attachment":[{"href":"https:\/\/egyptianwisdomcenter.org\/sv\/wp-json\/wp\/v2\/media?parent=7"}],"curies":[{"name":"wp","href":"https:\/\/api.w.org\/{rel}","templated":true}]}}