{"id":61712,"date":"2023-01-05T15:36:07","date_gmt":"2023-01-05T20:36:07","guid":{"rendered":"https:\/\/egyptianwisdomcenter.org\/?post_type=product&#038;p=61712"},"modified":"2024-06-01T04:55:49","modified_gmt":"2024-06-01T08:55:49","slug":"la-culture-de-legypte-ancienne-revelee","status":"publish","type":"product","link":"https:\/\/egyptianwisdomcenter.org\/sv\/produkt\/la-culture-de-legypte-ancienne-revelee\/","title":{"rendered":"La Culture De l\u2019Egypte Ancienne R\u00e9v\u00e9l\u00e9e"},"content":{"rendered":"<p><strong>R\u00e9sum\u00e9 Complet<\/strong><\/p>\n<p>Ce livre r\u00e9v\u00e8le plusieurs aspects de la culture de l\u2019\u00c9gypte antique. Cette \u00e9dition augment\u00e9e du livre comprend quatre parties et un total de seize chapitres, ainsi que trois annexes.<\/p>\n<p>Partie I: Les peuples d\u2019\u00c9gypte comprend quatre chapitres \u2013 de 1 \u00e0 4, comme suit:<\/p>\n<p>Chapitre 1: Le commencement correspond \u00e0 la p\u00e9riode antique de l\u2019\u00c9gypte qui remonte au moins \u00e0 39 000 ans selon les d\u00e9couvertes arch\u00e9ologiques, historiques et mat\u00e9rielles, l\u2019\u00e8re du Lion et le sphinx, ainsi que l\u2019\u00e8re du calendrier sothiaque \u00e9gyptien, qui est de loin le calendrier le plus pr\u00e9cis de tous.<\/p>\n<p>Chapitre 2: Le peuple \u00e9gyptien traite de l\u2019origine et des caract\u00e9ristiques de [l\u2019ancien] peuple d\u2019\u00c9gypte, ainsi que de ses implantations \u00e0 travers le monde.<\/p>\n<p>Chapitre 3: Le plus religieux fournit un bref aper\u00e7u de la cosmologie \u00e9gyptienne, du monoth\u00e9isme et du polyth\u00e9isme, du symbolisme animalier, de la cr\u00e9ation de l\u2019univers, etc.<\/p>\n<p>Chapitre 4: L\u2019ordre social et politique traite du fondement et de l\u2019application des principes matrilin\u00e9aires\/matriarcaux, des communaut\u00e9s matrilocales, des bases du syst\u00e8me r\u00e9publicain \u00e9gyptien, du syst\u00e8me de double gouvernance d\u2019administration et de contr\u00f4le, ainsi que de l\u2019organisation documentaire traitant de tous les sujets de la soci\u00e9t\u00e9 \u00e9gyptienne.<\/p>\n<p>Partie II: Les corr\u00e9lations cosmiques comprennent trois chapitres \u2013 de 5 \u00e0 7, comme suit:<\/p>\n<p>Chapitre 5: L\u00e0-haut comme ici-bas expose les principes de la conscience cosmique des \u00c9gyptiens et leur application dans leur vie quotidienne, ainsi que les c\u00e9r\u00e9monies de renouveau cyclique comme expression de ces principes.<\/p>\n<p>Chapitre 6: Le pharaon, le lien cosmique traite de la r\u00e8gle fondamentale consid\u00e9rant le pharaon \u00e9gyptien comme serviteur supr\u00eame, comment le peuple le jugeait et beaucoup plus.<\/p>\n<p>Chapitre 7: Les temples \u00e9gyptiens fournit un aper\u00e7u rapide de la v\u00e9ritable fonction\/objectif du temple \u00e9gyptien, des crit\u00e8res de conception harmonieuse et davantage.<\/p>\n<p>Partie III: Les \u00c9gyptiens \u00e9rudit comprend cinq chapitres, de 8 \u00e0 12, comme suit:<\/p>\n<p>Chapitre 8: Le langage divin pr\u00e9sente un aper\u00e7u rapide des modes d\u2019\u00e9criture dans l\u2019\u00c9gypte antique \u2013 la forme alphab\u00e9tique d\u2019\u00e9criture et l\u2019imagerie picturale et m\u00e9taphysique des symboles\/textes, ainsi que les aspects culturels du langage alphab\u00e9tique \u00e9gyptien.<\/p>\n<p>Chapitre 9: Le patrimoine musical \u00e9gyptien fournit un aper\u00e7u rapide de son patrimoine musical, des orchestres musicaux, de la grande palette d\u2019instruments de musique, ainsi que des danses et ballets de l\u2019\u00c9gypte ancienne.<\/p>\n<p>Chapitre 10: M\u00e9decine et sant\u00e9 pr\u00e9sente un aper\u00e7u rapide des consid\u00e9rations les plus importantes sur la m\u00e9decine \u00e9gyptienne, de la profession m\u00e9dicale, du contenu de certains papyrus concernant le diagnostic, les rem\u00e8des et les traitements de divers maux, les op\u00e9rations, ainsi qu\u2019un large \u00e9ventail de prescriptions.<\/p>\n<p>Chapitre 11: Astronomie d\u00e9crit les connaissances astronomiques stup\u00e9fiantes de pr\u00e9cision, les pratiques comme les observations astronomiques et les relev\u00e9s, le cycle du zodiaque, etc.<\/p>\n<p>Chapitre 12: G\u00e9om\u00e9trie et math\u00e9matiques fournit un aper\u00e7u rapide de sujets tels que la g\u00e9om\u00e9trie sacr\u00e9e, les sciences naturelles, la g\u00e9od\u00e9sie, les math\u00e9matiques et la num\u00e9rologie, ainsi que leur connaissance et les applications des \u201crapports\u201d sacr\u00e9s Pi et Phi.<\/p>\n<p>Partie IV: L\u2019\u00e9conomie prosp\u00e8re contient quatre chapitres \u2013 de 13 \u00e0 16, comme suit:<\/p>\n<p>Chapitre 13: Le savoir agricole traite des pratiques m\u00e9morables issues des techniques de culture dans un climat sec,<\/p>","protected":false},"excerpt":{"rendered":"<p>par <a class=\"contributor-name\" translate=\"no\" href=\"https:\/\/egyptianwisdomcenter.org\/fr\/a-propos\/\" data-force-track=\"\" data-track-info=\"{&quot;description&quot;:&quot;authorSearch&quot;,&quot;author&quot;:&quot;Moustafa Gadalla&quot;}\">Moustafa Gadalla<\/a><\/p>\n<hr \/>\n<p><strong>R\u00e9sum\u00e9<\/strong><\/p>\n<p>Cette nouvelle \u00e9dition augment\u00e9e r\u00e9v\u00e8le diff\u00e9rents aspects de la culture de l&#8217;\u00c9gypte antique, tels que les antiquit\u00e9s les plus lointaines d&#8217;\u00c9gypte ; les caract\u00e9ristiques des \u00c9gyptiens et leurs croyances et pratiques religieuses ; leur syst\u00e8me politico-social ; leurs temples cosmiques ; la richesse de leur langue ; l&#8217;h\u00e9ritage musical et les sciences globales ; leur m\u00e9decine de pointe ; leur \u00e9conomie florissante ; l&#8217;excellence des produits agricoles et manufactur\u00e9s ; leur syst\u00e8me de transport et bien plus encore.<\/p>\n<hr \/>\n<p><center><br \/>\n<a class=\"button minimal\" href=\"https:\/\/books2read.com\/u\/m2JM8O\" target=\"_blank\" rel=\"noopener\">VOIR LES OPTIONS D\u2019ACHAT<\/a><\/center><center><\/center><center><br \/>\n<a href=\"https:\/\/www.amazon.fr\/culture-lEgypte-ancienne-r%C3%A9v%C3%A9l%C3%A9e-ebook\/dp\/B07B1HXB9D\" target=\"_blank\" rel=\"noopener\"><img decoding=\"async\" class=\"alignnone size-full wp-image-68968\" src=\"https:\/\/egyptianwisdomcenter.org\/wp-content\/uploads\/2023\/01\/culture.png\" alt=\"\" width=\"248\" height=\"34\" srcset=\"https:\/\/egyptianwisdomcenter.org\/wp-content\/uploads\/2023\/01\/culture.png 248w, https:\/\/egyptianwisdomcenter.org\/wp-content\/uploads\/2023\/01\/culture-18x2.png 18w, https:\/\/egyptianwisdomcenter.org\/wp-content\/uploads\/2023\/01\/culture-230x32.png 230w\" sizes=\"(max-width: 248px) 100vw, 248px\" \/><\/a><\/center><\/p>","protected":false},"featured_media":61713,"comment_status":"open","ping_status":"closed","template":"","meta":[],"product_brand":[],"product_cat":[98,102],"product_tag":[],"class_list":{"0":"post-61712","1":"product","2":"type-product","3":"status-publish","4":"has-post-thumbnail","6":"product_cat-edition-francaise","7":"product_cat-edition-francaise-2","9":"first","10":"instock","11":"shipping-taxable","12":"product-type-simple"},"aioseo_notices":[],"_links":{"self":[{"href":"https:\/\/egyptianwisdomcenter.org\/sv\/wp-json\/wp\/v2\/product\/61712","targetHints":{"allow":["GET"]}}],"collection":[{"href":"https:\/\/egyptianwisdomcenter.org\/sv\/wp-json\/wp\/v2\/product"}],"about":[{"href":"https:\/\/egyptianwisdomcenter.org\/sv\/wp-json\/wp\/v2\/types\/product"}],"replies":[{"embeddable":true,"href":"https:\/\/egyptianwisdomcenter.org\/sv\/wp-json\/wp\/v2\/comments?post=61712"}],"wp:featuredmedia":[{"embeddable":true,"href":"https:\/\/egyptianwisdomcenter.org\/sv\/wp-json\/wp\/v2\/media\/61713"}],"wp:attachment":[{"href":"https:\/\/egyptianwisdomcenter.org\/sv\/wp-json\/wp\/v2\/media?parent=61712"}],"wp:term":[{"taxonomy":"product_brand","embeddable":true,"href":"https:\/\/egyptianwisdomcenter.org\/sv\/wp-json\/wp\/v2\/product_brand?post=61712"},{"taxonomy":"product_cat","embeddable":true,"href":"https:\/\/egyptianwisdomcenter.org\/sv\/wp-json\/wp\/v2\/product_cat?post=61712"},{"taxonomy":"product_tag","embeddable":true,"href":"https:\/\/egyptianwisdomcenter.org\/sv\/wp-json\/wp\/v2\/product_tag?post=61712"}],"curies":[{"name":"wp","href":"https:\/\/api.w.org\/{rel}","templated":true}]}}