{"id":62676,"date":"2023-01-09T17:54:39","date_gmt":"2023-01-09T22:54:39","guid":{"rendered":"https:\/\/egyptianwisdomcenter.org\/?post_type=product&#038;p=62676"},"modified":"2024-06-01T16:13:30","modified_gmt":"2024-06-01T20:13:30","slug":"a-origem-intocada-do-egito-a-importancia-do-antigo-egito","status":"publish","type":"product","link":"https:\/\/egyptianwisdomcenter.org\/sv\/product\/a-origem-intocada-do-egito-a-importancia-do-antigo-egito\/","title":{"rendered":"A Origem Intocada do Egito A Import\u00e2ncia Do Antigo Egito"},"content":{"rendered":"<p><strong>Descri\u00e7\u00e3o completa<\/strong><\/p>\n<p>Esta edi\u00e7\u00e3o traduzida para o idioma Portugu\u00eas se destina a fornecer uma breve descri\u00e7\u00e3o concisa de alguns aspectos da antiga civiliza\u00e7\u00e3o Eg\u00edpcia, que hoje em dia podem servir-nos bem em nossa vida di\u00e1ria, n\u00e3o importa onde estivermos neste mundo. O livro abrange quest\u00f5es como a auto capacita\u00e7\u00e3o, aperfei\u00e7oamentos para apresentar as quest\u00f5es pol\u00edticas, sociais, econ\u00f4micas e ambientais, ao reconhecimento e implementa\u00e7\u00f5es dos princ\u00edpios harm\u00f4nicos em nossas obras e a\u00e7\u00f5es, etc.<\/p>\n<p>Este livro destina-se a fornecer uma breve vis\u00e3o geral introdut\u00f3ria de alguns aspectos da Antiga civiliza\u00e7\u00e3o Eg\u00edpcia, que podem servir-nos bem atualmente, em nossa vida di\u00e1ria, n\u00e3o importando onde estivermos neste mundo.<\/p>\n<p>Os temas apresentados abrangem:<\/p>\n<p>&#8211; O nosso lugar no universo e seu sistema operacional.<\/p>\n<p>&#8211; Compreender a si mesmo e como separar cada uma das energias internas para viver feliz e saud\u00e1vel.<\/p>\n<p>&#8211; Os problemas e os velhos rem\u00e9dios [Eg\u00edpcios] para as condi\u00e7\u00f5es pol\u00edticas, sociais e econ\u00f4micas.<\/p>\n<p>&#8211; Como alcan\u00e7ar a coexist\u00eancia pac\u00edfica entre os povos, da terra e dos recursos naturais; assim como se lidar para ter um ambiente limpo.<\/p>\n<p>&#8211; Compreens\u00e3o e aplica\u00e7\u00e3o dos princ\u00edpios harm\u00f4nicos na constru\u00e7\u00e3o civil.<\/p>\n<p>&#8211; Aprecia\u00e7\u00e3o da arte, as suas fun\u00e7\u00f5es e aplica\u00e7\u00f5es numa moda harm\u00f4nica.<\/p>\n<p>&#8211; A natureza atemporal da Antiga civiliza\u00e7\u00e3o Eg\u00edpcia.<\/p>\n","protected":false},"excerpt":{"rendered":"<p>por <a href=\"https:\/\/egyptianwisdomcenter.org\/sv\/pt-br\/sobre\/\">Moustafa Gadalla<\/a><\/p>\n<hr \/>\n<p><strong>Resumo<\/strong><\/p>\n<p>Uma vis\u00e3o geral concisa curta de alguns aspectos da antiga civiliza\u00e7\u00e3o eg\u00edpcia que podem servir-nos bem hoje em dia em nossa vida di\u00e1ria, n\u00e3o importa onde estamos neste mundo.<\/p>\n<p>Esta edi\u00e7\u00e3o traduzida para o idioma Portugu\u00eas se destina a fornecer uma breve descri\u00e7\u00e3o concisa de alguns aspectos da antiga civiliza\u00e7\u00e3o Eg\u00edpcia, que hoje em dia podem servir-nos bem em nossa vida di\u00e1ria, n\u00e3o importa onde estivermos neste mundo. O livro abrange quest\u00f5es como a auto capacita\u00e7\u00e3o, aperfei\u00e7oamentos para apresentar as quest\u00f5es pol\u00edticas, sociais, econ\u00f4micas e ambientais, ao reconhecimento e implementa\u00e7\u00f5es dos princ\u00edpios harm\u00f4nicos em nossas obras e a\u00e7\u00f5es, etc.<\/p>\n<hr \/>\n<p><center><br \/>\n<a class=\"button minimal\" href=\"https:\/\/books2read.com\/u\/mdwn85\" target=\"_blank\" rel=\"noopener\">Ver op\u00e7\u00f5es de compra<\/a><\/center><center><\/center><center><\/center><\/p>","protected":false},"featured_media":62677,"comment_status":"open","ping_status":"closed","template":"","meta":{"_monsterinsights_skip_tracking":false,"_monsterinsights_sitenote_active":false,"_monsterinsights_sitenote_note":"","_monsterinsights_sitenote_category":0},"product_brand":[],"product_cat":[110,109],"product_tag":[],"class_list":{"0":"post-62676","1":"product","2":"type-product","3":"status-publish","4":"has-post-thumbnail","6":"product_cat-edicao-portuguesa","7":"product_cat-portugues","9":"first","10":"instock","11":"shipping-taxable","12":"product-type-simple"},"aioseo_notices":[],"_links":{"self":[{"href":"https:\/\/egyptianwisdomcenter.org\/sv\/wp-json\/wp\/v2\/product\/62676","targetHints":{"allow":["GET"]}}],"collection":[{"href":"https:\/\/egyptianwisdomcenter.org\/sv\/wp-json\/wp\/v2\/product"}],"about":[{"href":"https:\/\/egyptianwisdomcenter.org\/sv\/wp-json\/wp\/v2\/types\/product"}],"replies":[{"embeddable":true,"href":"https:\/\/egyptianwisdomcenter.org\/sv\/wp-json\/wp\/v2\/comments?post=62676"}],"wp:featuredmedia":[{"embeddable":true,"href":"https:\/\/egyptianwisdomcenter.org\/sv\/wp-json\/wp\/v2\/media\/62677"}],"wp:attachment":[{"href":"https:\/\/egyptianwisdomcenter.org\/sv\/wp-json\/wp\/v2\/media?parent=62676"}],"wp:term":[{"taxonomy":"product_brand","embeddable":true,"href":"https:\/\/egyptianwisdomcenter.org\/sv\/wp-json\/wp\/v2\/product_brand?post=62676"},{"taxonomy":"product_cat","embeddable":true,"href":"https:\/\/egyptianwisdomcenter.org\/sv\/wp-json\/wp\/v2\/product_cat?post=62676"},{"taxonomy":"product_tag","embeddable":true,"href":"https:\/\/egyptianwisdomcenter.org\/sv\/wp-json\/wp\/v2\/product_tag?post=62676"}],"curies":[{"name":"wp","href":"https:\/\/api.w.org\/{rel}","templated":true}]}}