{"id":10339,"date":"2019-03-04T16:19:27","date_gmt":"2019-03-04T21:19:27","guid":{"rendered":"http:\/\/egyptianwisdomcenter.org\/pyramidenkraft\/"},"modified":"2023-01-07T16:16:20","modified_gmt":"2023-01-07T21:16:20","slug":"pyramidenkraft","status":"publish","type":"page","link":"https:\/\/egyptianwisdomcenter.org\/zh\/pyramidenkraft\/","title":{"rendered":"Pyramidenkraft"},"content":{"rendered":"<h2 style=\"text-align: center;\"><span style=\"color: #ff0000;\"><strong>Pyramidenkraft<\/strong><\/span><\/h2>\n<p>&nbsp;<\/p>\n<p>Viele Forscher fanden heraus, dass es etwas Eigentum in der pyramidenf\u00f6rmigen Form gab, das es f\u00fcr au\u00dfergew\u00f6hnliche Kr\u00e4fte verantwortlich machte. Sie experimentierten mit verschiedenen Gegenst\u00e4nden, indem sie jeden Gegenstand in die entsprechende Position des &#8220;K\u00f6nigszimmers&#8221; in ein skaliertes Modell einer korrekt ausgerichteten Pyramide stellten. Sie fanden heraus, dass hochverderbliche Materialien erhalten blieben, stumpfe, altmodische Carbon-Stech-Rasierklingen, die nach einer \u00dcbernachtung ihre scharfen Kanten zur\u00fcckeroberten, usw. Viele kamen zu dem Schluss, dass die pyramidenf\u00f6rmige Form selbst verantwortlich war, und ver\u00e4nderten irgendwie die physikalischen, chemischen und biologischen Prozesse, die in dieser Form stattfinden k\u00f6nnten. Dieses Experiment f\u00fchrte zu dem Ph\u00e4nomen, das als &#8220;Pyramide Macht&#8221; bekannt ist.<\/p>\n<p>Man sp\u00fcrt die Macht dieser \u00e4gyptischen Pyramiden, wenn man sie drinnen oder au\u00dferhalb hat, weil ihre Konfigurationen harmonisch proportioniert sind.<\/p>\n<p>Die Pyramiden waren harmonisch proportioniert zur Akt\/Funktion in der gleichen Weise wie <em>Gew\u00e4chsh\u00e4user-<\/em> also bestimmte Energien anzuziehen und zu halten. Bei der \u00e4gyptischen Pyramide sollte man sie als Blaumeffekt bezeichnen .<\/p>\n<p>Im Falle des Treibhauseffekts ist es die durch atmosph\u00e4risches Kohlendioxid verursachte W\u00e4rmer\u00fcckhaltung von Sonnenlicht an der Erdoberfl\u00e4che, die eine kurzwellige Strahlung zul\u00e4sst, aber die von der Erde ausgesto\u00dfene Langwellenstrahlung absorbiert.<\/p>\n<p>Bei der <em>Blaulichtung <\/em>beh\u00e4lt das Geb\u00e4ude die Orgonenergie. Orgone kommt aus dem Weltraum. Es ist das, was die Sterne funkeln l\u00e4sst, und der Himmel blau.<\/p>\n<p>Orgone kann angesammelt werden, indem man eine Schachtel mit Holz auf der Au\u00dfenseite und Blech auf der Innenseite baut. Das organische Material l\u00e4sst den Orby durchgehen, und das Metallinnere reflektiert ihn.<\/p>\n<p>Dieses Konditionvergleich k\u00f6nnte daher als <em>Bluehouse <\/em>Effekt bezeichnet werden. In einer solchen Box bilden sich normalerweise hohe Konzentrationen von psi-org-Energie.<\/p>\n<p>Psi-org kombiniert Abk\u00fcrzungen f\u00fcr psychische und orgone Energie. Es handelt sich um unterschiedliche Namen f\u00fcr die gleiche Kraft. Das psi-Feld, das die menschliche Aura erzeugt und f\u00fcr alle psychischen Kr\u00e4fte verantwortlich ist, ist nichts anderes als das, was Wilhelm Reich, Freuds umstrittener \u00f6sterreichischer Sch\u00fcler, &#8220;Orgone energy&#8221; nannte.<\/p>\n<p>Die \u00c4gypter wussten alles \u00fcber psi-org Energie, weil sie sie nutzten. Die alten \u00c4gypter waren die ersten, die entdeckten, dass die Form einer gut proportionierten Pyramide die psi-org-Energie konzentrieren kann.<\/p>\n<p>Der Bluehouleeffekt steigt drastisch an, wenn die Oberfl\u00e4che der Pyramide laminiert ist.<\/p>\n<p>Fr\u00fche Historiker und Reisende erz\u00e4hlten uns, wie die Geh\u00e4usesteine der Pyramiden leuchteten. W\u00e4hrend und nach dem 13. Jahrhundert wurden Pflastersteine abgebaut, um Moscheen und Pal\u00e4ste zu bauen oder um Kalk zu verbrennen.<\/p>\n<p>Die Erprobung dieser Art von Energie wurde von Dr. Harald Puton, einem sehr kompetenten belgischen Physiker, durchgef\u00fchrt, der feststellte, dass jede Form von Psi-Energie durch das Sitzen unter einer so harmonisch proportionierten Pyramide erh\u00f6ht wird. Eine solche Person ist telepathischer, hellseherfreundlicher und pr\u00e4kognitiver. Unter diesen Bedingungen ist es leichter, au\u00dferk\u00f6rperliche Erfahrungen zu initiieren. Zus\u00e4tzlich ist die Aura des K\u00f6rpers intensiver in einer Pyramide.<\/p>\n<p style=\"text-align: center;\">().<\/p>\n<p><span style=\"text-decoration: underline;\"><strong>Die Energiekan\u00e4le der Innenr\u00e4ume der Pyramiden<\/strong><\/span><\/p>\n<p>Wie bereits erw\u00e4hnt, haben die echten massiven Steinpyramiden \u00c4gyptens enge G\u00e4nge und einige leere R\u00e4ume, die v\u00f6llig frei von Beerdigungen sind.<\/p>\n<p>Die Innenr\u00e4ume dieser tr\u00fcmpelf\u00f6rmigen Feststoffpyramiden sind im Grunde ein Netzwerk von Energiekan\u00e4len. Ein solches Energienetz besteht aus leeren R\u00e4umen, engen G\u00e4ngen, gro\u00dfen G\u00e4ngen, steilen H\u00e4ngen, leeren W\u00e4nden, glatten Fl\u00e4chen, etc.<\/p>\n<p>&nbsp;<\/p>\n<p><span style=\"color: #ff0000;\"><strong>[Ein Auszug aus dem Buch &#8220;Eine neue Betrachtung der \u00e4gyptischen Pyramiden&#8221;<\/strong><\/span><span style=\"color: #ff0000;\"><strong> von Moustafa Gadalla]<\/strong><\/span><\/p>\n<p><span style=\"color: #0000ff;\"><strong>https:\/\/egyptianwisdomcenter.org\/product\/eine-neue-betrachtung-der-aegyptischen-pyramiden\/<\/strong><\/span><\/p>\n<p><img decoding=\"async\" class=\"aligncenter\" src=\"https:\/\/books2read-prod.s3.amazonaws.com\/CACHE\/images\/ubl_book_images\/book_display_image_fhJXXMH\/6bdc96d3e7eac23a7b371793445858ad\" \/><\/p>\n<div style=\"text-align: center;\"><span style=\"color: #0000ff;\"><strong>https:\/\/egyptianwisdomcenter.org\/product\/eine-neue-betrachtung-der-aegyptischen-pyramiden\/<\/strong><\/span><\/div>\n<p>&nbsp;<\/p>","protected":false},"excerpt":{"rendered":"<p>Pyramidenkraft &nbsp; Viele Forscher fanden heraus, dass es etwas Eigentum in der pyramidenf\u00f6rmigen Form gab, das es f\u00fcr au\u00dfergew\u00f6hnliche Kr\u00e4fte verantwortlich machte. [&hellip;]<\/p>","protected":false},"author":3,"featured_media":0,"parent":0,"menu_order":0,"comment_status":"closed","ping_status":"closed","template":"","meta":{"footnotes":""},"class_list":["post-10339","page","type-page","status-publish","hentry"],"aioseo_notices":[],"_links":{"self":[{"href":"https:\/\/egyptianwisdomcenter.org\/zh\/wp-json\/wp\/v2\/pages\/10339","targetHints":{"allow":["GET"]}}],"collection":[{"href":"https:\/\/egyptianwisdomcenter.org\/zh\/wp-json\/wp\/v2\/pages"}],"about":[{"href":"https:\/\/egyptianwisdomcenter.org\/zh\/wp-json\/wp\/v2\/types\/page"}],"author":[{"embeddable":true,"href":"https:\/\/egyptianwisdomcenter.org\/zh\/wp-json\/wp\/v2\/users\/3"}],"replies":[{"embeddable":true,"href":"https:\/\/egyptianwisdomcenter.org\/zh\/wp-json\/wp\/v2\/comments?post=10339"}],"version-history":[{"count":0,"href":"https:\/\/egyptianwisdomcenter.org\/zh\/wp-json\/wp\/v2\/pages\/10339\/revisions"}],"wp:attachment":[{"href":"https:\/\/egyptianwisdomcenter.org\/zh\/wp-json\/wp\/v2\/media?parent=10339"}],"curies":[{"name":"wp","href":"https:\/\/api.w.org\/{rel}","templated":true}]}}