{"id":1539,"date":"2019-03-01T15:57:06","date_gmt":"2019-03-01T20:57:06","guid":{"rendered":"http:\/\/egyptianwisdomcenter.org\/el-camino-de-horus-cristo\/"},"modified":"2023-01-12T11:53:52","modified_gmt":"2023-01-12T16:53:52","slug":"el-camino-de-horus-cristo","status":"publish","type":"page","link":"https:\/\/egyptianwisdomcenter.org\/zh\/el-camino-de-horus-cristo\/","title":{"rendered":"El Camino De Horus\/Cristo"},"content":{"rendered":"<h2 style=\"text-align: center;\"><span style=\"color: #ff0000;\">El Camino De Horus\/Cristo<\/span><\/h2>\n<p>&nbsp;<\/p>\n<p>Horus manifiesta, en <em>El Libro Egipcio para Salir a la Luz del D\u00eda <\/em>(err\u00f3neamente llamado <em>El Libro de los Muertos<\/em>) [c. 78], <strong><em>\u201cYo soy Horus cubierto de gloria\u201d; <span style=\"text-decoration: underline;\">\u201cYo soy el Se\u00f1or de la Luz\u201d<\/span>; \u201cYo soy el \u00fanico victorioso&#8230; Yo soy el heredero del final del tiempo\u201d; \u201cSoy el que conoce los caminos del cielo\u201d.<\/em><\/strong><\/p>\n<p>Los versos anteriores del Antiguo Egipto los repiti\u00f3 Jes\u00fas m\u00e1s tarde, <strong>\u201c<span style=\"text-decoration: underline;\"><em>Yo soy la luz del mundo<\/em>,<\/span>\u201d<\/strong> y de nuevo, \u201c<span style=\"text-decoration: underline;\"><strong><em>Yo soy el camino, la verdad y la vida<\/em><\/strong><\/span>\u201d\u3002<\/p>\n<p>Horus, en el lenguaje del Antiguo Egipto, significa <em>El que est\u00e1 arriba<\/em>. En este sentido, Horus representa el principio de la divinidad realizada. Horus es la personificaci\u00f3n del objetivo de todas las ense\u00f1anzas iniciadas, que siempre se describe acompa\u00f1ando al alma realizada a la Fuente.<\/p>\n<p><img decoding=\"async\" class=\"wp-image-239 aligncenter\" src=\"https:\/\/pressbooks.com\/app\/uploads\/sites\/53539\/2018\/04\/ec3-ch8-sp-200c-300x243.jpg\" alt=\"\" width=\"221\" height=\"179\" \/><\/p>\n<p>En la alegor\u00eda del Antiguo Egipto, Horus tra\u00eda a la vida a Osiris. En el D\u00eda del Juicio, Horus muestra el Camino a Osiris. \u00c9l act\u00faa como mediador entre el difunto y Osiris, el Padre. Los egipcios quer\u00edan\/quieren que Horus les trajese a la vida (desde la muerte).<\/p>\n<p>Del mismo modo, en el cristianismo, la idea central del cristiano se basa\/basaba en la necesidad de un mediador, un hijo de dios, un pastor todopoderoso y un salvador engendrado que vive como un hombre corriente.<\/p>\n<p>Como en el modelo de la existencia terrenal, Horus se representa de varias formas y aspectos, para corresponderse con las etapas del proceso de la espiritualizaci\u00f3n.<\/p>\n<p>&nbsp;<\/p>\n<p><span style=\"color: #ff0000;\"><strong>[Un fragmento de Ra\u00edces del cristianismo del Antiguo Egipto, <\/strong><\/span><span style=\"color: #ff0000;\"><strong>por Moustafa Gadalla]<\/strong><\/span><\/p>\n<div dir=\"auto\">\n<p><strong><span style=\"color: #0000ff;\">https:\/\/egyptianwisdomcenter.org\/product\/raices-del-cristianismo-del-antiguo-egipto\/<\/span><\/strong><\/p>\n<p><img decoding=\"async\" class=\"aligncenter\" src=\"https:\/\/egypt-tehuti.org\/wp-content\/uploads\/2016\/10\/cover-spanish-3-e1514493674416-225x338.jpg\" \/><\/p>\n<div dir=\"auto\"><span style=\"color: #0000ff;\"><strong>https:\/\/egyptianwisdomcenter.org\/product\/raices-del-cristianismo-del-antiguo-egipto\/<\/strong><\/span><\/div>\n<div dir=\"auto\">\n<div dir=\"auto\"><\/div>\n<\/div>\n<\/div>","protected":false},"excerpt":{"rendered":"<p>El Camino De Horus\/Cristo &nbsp; Horus manifiesta, en El Libro Egipcio para Salir a la Luz del D\u00eda (err\u00f3neamente llamado El Libro [&hellip;]<\/p>","protected":false},"author":3,"featured_media":0,"parent":0,"menu_order":0,"comment_status":"closed","ping_status":"closed","template":"","meta":{"footnotes":""},"class_list":["post-1539","page","type-page","status-publish","hentry"],"aioseo_notices":[],"_links":{"self":[{"href":"https:\/\/egyptianwisdomcenter.org\/zh\/wp-json\/wp\/v2\/pages\/1539","targetHints":{"allow":["GET"]}}],"collection":[{"href":"https:\/\/egyptianwisdomcenter.org\/zh\/wp-json\/wp\/v2\/pages"}],"about":[{"href":"https:\/\/egyptianwisdomcenter.org\/zh\/wp-json\/wp\/v2\/types\/page"}],"author":[{"embeddable":true,"href":"https:\/\/egyptianwisdomcenter.org\/zh\/wp-json\/wp\/v2\/users\/3"}],"replies":[{"embeddable":true,"href":"https:\/\/egyptianwisdomcenter.org\/zh\/wp-json\/wp\/v2\/comments?post=1539"}],"version-history":[{"count":0,"href":"https:\/\/egyptianwisdomcenter.org\/zh\/wp-json\/wp\/v2\/pages\/1539\/revisions"}],"wp:attachment":[{"href":"https:\/\/egyptianwisdomcenter.org\/zh\/wp-json\/wp\/v2\/media?parent=1539"}],"curies":[{"name":"wp","href":"https:\/\/api.w.org\/{rel}","templated":true}]}}