{"id":26584,"date":"2019-03-23T21:39:34","date_gmt":"2019-03-24T01:39:34","guid":{"rendered":"http:\/\/egyptianwisdomcenter.org\/antiguidades-terra-e-povos-do-egito\/"},"modified":"2019-03-23T21:39:34","modified_gmt":"2019-03-24T01:39:34","slug":"antiguidades-terra-e-povos-do-egito","status":"publish","type":"page","link":"https:\/\/egyptianwisdomcenter.org\/zh\/antiguidades-terra-e-povos-do-egito\/","title":{"rendered":"Antiguidades, terra e povos do Egito."},"content":{"rendered":"<h2>Antiguidades, terra e povos do Egito.<\/h2>\n<ul>\n<li><a href=\"https:\/\/egyptianwisdomcenter.org\/zh\/\u53e4\u57c3\u53ca\u771f\u5b9e\u4ee4\u4eba\u96be\u4ee5\u7f6e\u4fe1\u7684\u9065\u8fdc\u65f6\u4ee32\/\">A idade remota incr\u00edvel real do Egito antigo<\/a><\/li>\n<li><a href=\"https:\/\/egyptianwisdomcenter.org\/zh\/\u5b8c\u7f8e\u7684\u57c3\u53ca\u65e5\u53862\/\">O calend\u00e1rio eg\u00edpcio perfeito<\/a><\/li>\n<li><a href=\"https:\/\/egyptianwisdomcenter.org\/zh\/\u540e\u6cd5\u8001\u65f6\u4ee3\u7684\u57c3\u53ca\u5386\u53f2\u9884\u8a00\u4e86\u8d6b\u5c14\u58a8\u65af\/\">A hist\u00f3ria eg\u00edpcia p\u00f3s-Pharaonic como predita em Hermetica<\/a><\/li>\n<li><a href=\"https:\/\/egyptianwisdomcenter.org\/zh\/\u57c3\u53ca\u4eba\u6c112\/\">Os povos do Egito<\/a><\/li>\n<li><a href=\"https:\/\/egyptianwisdomcenter.org\/zh\/\u4e24\u5757\u571f\u57302\/\">As duas terras<\/a><\/li>\n<li><a href=\"https:\/\/egyptianwisdomcenter.org\/zh\/\u53e4\u57c3\u53ca\u4eba\u5728\u4e16\u754c\u5404\u5730\u7684\u5b9a\u5c45\u70b92\/\">Assentamentos eg\u00edpcios antigos em todo o mundo<\/a><\/li>\n<\/ul>","protected":false},"excerpt":{"rendered":"<p>Antiguidades, terra e povos do Egito. A idade remota incr\u00edvel real do Egito antigo O calend\u00e1rio eg\u00edpcio perfeito A hist\u00f3ria eg\u00edpcia p\u00f3s-Pharaonic [&hellip;]<\/p>","protected":false},"author":3,"featured_media":0,"parent":0,"menu_order":0,"comment_status":"closed","ping_status":"closed","template":"","meta":{"footnotes":""},"class_list":["post-26584","page","type-page","status-publish","hentry"],"aioseo_notices":[],"_links":{"self":[{"href":"https:\/\/egyptianwisdomcenter.org\/zh\/wp-json\/wp\/v2\/pages\/26584","targetHints":{"allow":["GET"]}}],"collection":[{"href":"https:\/\/egyptianwisdomcenter.org\/zh\/wp-json\/wp\/v2\/pages"}],"about":[{"href":"https:\/\/egyptianwisdomcenter.org\/zh\/wp-json\/wp\/v2\/types\/page"}],"author":[{"embeddable":true,"href":"https:\/\/egyptianwisdomcenter.org\/zh\/wp-json\/wp\/v2\/users\/3"}],"replies":[{"embeddable":true,"href":"https:\/\/egyptianwisdomcenter.org\/zh\/wp-json\/wp\/v2\/comments?post=26584"}],"version-history":[{"count":0,"href":"https:\/\/egyptianwisdomcenter.org\/zh\/wp-json\/wp\/v2\/pages\/26584\/revisions"}],"wp:attachment":[{"href":"https:\/\/egyptianwisdomcenter.org\/zh\/wp-json\/wp\/v2\/media?parent=26584"}],"curies":[{"name":"wp","href":"https:\/\/api.w.org\/{rel}","templated":true}]}}