{"id":3873,"date":"2019-03-02T16:17:37","date_gmt":"2019-03-02T21:17:37","guid":{"rendered":"https:\/\/egyptianwisdomcenter.org\/transfiguracion-de-horus-un-nuevo-alpha\/"},"modified":"2023-01-12T11:58:10","modified_gmt":"2023-01-12T16:58:10","slug":"transfiguracion-de-horus-un-nuevo-alpha","status":"publish","type":"page","link":"https:\/\/egyptianwisdomcenter.org\/zh\/transfiguracion-de-horus-un-nuevo-alpha\/","title":{"rendered":"Transfiguraci\u00f3n De Horus&#8211;Un Nuevo Alpha"},"content":{"rendered":"<h2 style=\"text-align: center;\"><span style=\"color: #ff0000;\">Transfiguraci\u00f3n De Horus&#8211;Un Nuevo Alpha<\/span><\/h2>\n<p>&nbsp;<\/p>\n<p>50 d\u00edas despu\u00e9s de la primera l\u00e1grima de Isis (el 17 de junio), el 6 de agosto, los antiguos egipcios celebraron la reaparici\u00f3n de Osiris en la forma de Horus resucitado. Esto fue confirmado por Plutarco en su <em>Moralia, Vol. V <\/em>(372, 52B):<\/p>\n<p style=\"padding-left: 30px;\"><strong><em>&#8220;En los sagrados himnos de Osiris, ellos llaman a aquel que est\u00e1 escondido en los brazos del sol; y en el trig\u00e9simo del mes Epiphi <\/em><\/strong>[6 de agosto]<strong><em> celebran el cumplea\u00f1os de los ojos de Horus, en el momento en que la luna y el sol est\u00e1n en una l\u00ednea perfectamente recta, ya que consideran no s\u00f3lo la luna, sino tambi\u00e9n el sol como el ojo y la luz de Horus &#8220;.<\/em><\/strong><\/p>\n<p>Esto es id\u00e9ntico a la afirmaci\u00f3n de los cristianos posteriores de la Transfiguraci\u00f3n de Jes\u00fas, celebrada por la iglesia ortodoxa el 6 de agosto. Esta festividad conmemora la &#8220;revelaci\u00f3n de la divinidad de Jes\u00fas a Pedro, Santiago y Juan&#8221;.<\/p>\n<p>Esta tradici\u00f3n egipcia antigua contin\u00faa, camuflado en el mouled de el-Desouki, en la ciudad de Desouk en la orilla este de la rama occidental del r\u00edo Nilo. El Desouki es conocido cari\u00f1osamente como Abu-el-e-Nane (de los dos ojos), al igual que <em>Horus, el anciano de los dos ojos<\/em>.<\/p>\n<p><a href=\"https:\/\/egyptianwisdomcenter.org\/wp-content\/uploads\/2019\/02\/em-ch9-3-72c.jpg\"><img loading=\"lazy\" decoding=\"async\" class=\"size-full wp-image-698 aligncenter\" src=\"https:\/\/egyptianwisdomcenter.org\/wp-content\/uploads\/2019\/02\/em-ch9-3-72c.jpg\" alt=\"\" width=\"76\" height=\"177\" \/><\/a><\/p>\n<p>Los dos ojos de Horus mencionados por Plutarco son el sol y la luna, s\u00edmbolos de sus padres, Isis y Osiris. Como se indic\u00f3 anteriormente, Isis representa el principio solar en el universo, y Osiris representa el principio lunar en el universo.<\/p>\n<p>Este mouled es reconocido por los mejores actos m\u00e1gicos (adivinaci\u00f3n) en Egipto, que corresponden a la celebraci\u00f3n cristiana posterior cuyo tema principal es la &#8220;revelaci\u00f3n de (Jes\u00fas) divinidad&#8221;.<\/p>\n<p>&nbsp;<\/p>\n<p><span style=\"color: #ff0000;\"><strong>[Un fragmento de Ra\u00edces del Cristianismo del Antiguo Egipto<\/strong><\/span><span style=\"color: #ff0000;\"><strong> por Moustafa Gadalla]<\/strong><\/span><\/p>\n<div dir=\"auto\">\n<p><strong><span style=\"color: #0000ff;\">https:\/\/egyptianwisdomcenter.org\/product\/raices-del-cristianismo-del-antiguo-egipto\/<\/span><\/strong><\/p>\n<p><img decoding=\"async\" class=\"aligncenter\" src=\"https:\/\/egypt-tehuti.org\/wp-content\/uploads\/2016\/10\/cover-spanish-3-e1514493674416-225x338.jpg\" \/><\/p>\n<div dir=\"auto\" style=\"text-align: center;\"><span style=\"color: #0000ff;\"><strong>https:\/\/egyptianwisdomcenter.org\/product\/raices-del-cristianismo-del-antiguo-egipto\/<\/strong><\/span><\/div>\n<div dir=\"auto\">\n<div dir=\"auto\"><\/div>\n<\/div>\n<\/div>\n","protected":false},"excerpt":{"rendered":"<p>Transfiguraci\u00f3n De Horus&#8211;Un Nuevo Alpha &nbsp; 50 d\u00edas despu\u00e9s de la primera l\u00e1grima de Isis (el 17 de junio), el 6 de [&hellip;]<\/p>\n","protected":false},"author":3,"featured_media":0,"parent":0,"menu_order":0,"comment_status":"closed","ping_status":"closed","template":"","meta":{"_monsterinsights_skip_tracking":false,"_monsterinsights_sitenote_active":false,"_monsterinsights_sitenote_note":"","_monsterinsights_sitenote_category":0,"footnotes":""},"class_list":["post-3873","page","type-page","status-publish","hentry"],"aioseo_notices":[],"_links":{"self":[{"href":"https:\/\/egyptianwisdomcenter.org\/zh\/wp-json\/wp\/v2\/pages\/3873","targetHints":{"allow":["GET"]}}],"collection":[{"href":"https:\/\/egyptianwisdomcenter.org\/zh\/wp-json\/wp\/v2\/pages"}],"about":[{"href":"https:\/\/egyptianwisdomcenter.org\/zh\/wp-json\/wp\/v2\/types\/page"}],"author":[{"embeddable":true,"href":"https:\/\/egyptianwisdomcenter.org\/zh\/wp-json\/wp\/v2\/users\/3"}],"replies":[{"embeddable":true,"href":"https:\/\/egyptianwisdomcenter.org\/zh\/wp-json\/wp\/v2\/comments?post=3873"}],"version-history":[{"count":0,"href":"https:\/\/egyptianwisdomcenter.org\/zh\/wp-json\/wp\/v2\/pages\/3873\/revisions"}],"wp:attachment":[{"href":"https:\/\/egyptianwisdomcenter.org\/zh\/wp-json\/wp\/v2\/media?parent=3873"}],"curies":[{"name":"wp","href":"https:\/\/api.w.org\/{rel}","templated":true}]}}