{"id":4330,"date":"2019-03-03T09:59:39","date_gmt":"2019-03-03T14:59:39","guid":{"rendered":"http:\/\/egyptianwisdomcenter.org\/a-propos\/"},"modified":"2023-01-04T19:51:20","modified_gmt":"2023-01-05T00:51:20","slug":"a-propos","status":"publish","type":"page","link":"https:\/\/egyptianwisdomcenter.org\/zh\/a-propos\/","title":{"rendered":"\u00c0 propos"},"content":{"rendered":"<h2>Qui sommes-nous<\/h2>\r\n<p>L&#8217;Egyptian Wisdom Center a \u00e9t\u00e9 cr\u00e9\u00e9 dans le prolongement des objectifs de l&#8217;organisation \u00e0 but non lucratif Tehuti Research Foundation par son fondateur, <strong>\u7a46\u65af\u5854\u6cd5\u00b7\u52a0\u8fbe\u62c9<\/strong>.<\/p>\r\n\r\n\r\n\r\n<p>Le Centre de la sagesse \u00e9gyptienne est un site Internet qui fournit des informations d\u00e9taill\u00e9es, compl\u00e8tes, pr\u00e9cieuses et utiles sur la sagesse et la connaissance de l&#8217;\u00c9gypte ancienne. Cette installation Internet est disponible dans une dizaine de langues pour fournir ces informations dans le monde entier.<\/p>\r\n<h2>\u00a0<\/h2>\r\n<h2 style=\"text-align: left;\">Rencontrez l&#8217;auteur et le fondateur<\/h2>\r\n<h2 style=\"text-align: left;\"><img fetchpriority=\"high\" decoding=\"async\" class=\"alignnone  wp-image-60114 alignright\" src=\"https:\/\/egyptianwisdomcenter.org\/wp-content\/uploads\/2022\/12\/q2vhvh7gbhgi9oghtb9hfrtk2l._SX450_-200x300.jpg\" alt=\"Author Moustafa Gadalla headshot\" width=\"293\" height=\"440\" \/><\/h2>\r\n<p dir=\"ltr\"><strong>\u7a46\u65af\u5854\u6cd5\u00b7\u52a0\u8fbe\u62c9<\/strong> est un \u00e9gyptologue ind\u00e9pendant \u00e9gypto-am\u00e9ricain, n\u00e9 au Caire, en \u00c9gypte, en 1944. Il est titulaire d&#8217;une licence en g\u00e9nie civil de l&#8217;universit\u00e9 du Caire.<\/p>\r\n<p dir=\"ltr\">D\u00e8s sa plus tendre enfance, Gadalla s&#8217;est attach\u00e9 \u00e0 ses racines \u00e9gyptiennes anciennes avec passion, par des \u00e9tudes et des recherches continues. Depuis 1990, il consacre et concentre tout son temps \u00e0 la recherche et \u00e0 l&#8217;\u00e9criture.<\/p>\r\n<p dir=\"ltr\">M. Gadalla est l&#8217;auteur de vingt-deux ouvrages publi\u00e9s, de renomm\u00e9e internationale, sur les diff\u00e9rents aspects de l&#8217;histoire et de la civilisation de l&#8217;\u00c9gypte ancienne et sur ses influences dans le monde entier. En outre, il g\u00e8re un centre de ressources multim\u00e9dia pour des \u00e9tudes pr\u00e9cises et \u00e9ducatives sur l&#8217;\u00c9gypte ancienne, pr\u00e9sent\u00e9es d&#8217;une mani\u00e8re attrayante, pratique et int\u00e9ressante pour le grand public.<\/p>\r\n<p>Il est le fondateur de la Fondation de recherche Tehuti, qui a ensuite \u00e9t\u00e9 int\u00e9gr\u00e9e au Centre de la sagesse \u00e9gyptienne (<a href=\"https:\/\/egyptianwisdomcenter.org\/zh\/\" target=\"_blank\" rel=\"noopener\" data-saferedirecturl=\"https:\/\/www.google.com\/url?q=https:\/\/www.egyptianwisdomcenter.org&amp;source=gmail&amp;ust=1672148455839000&amp;usg=AOvVaw1Ll6Q5CwXb6IWIJZCWCzjj\">https:\/\/www.<wbr \/>egyptianwisdomcenter.org<\/a>), un organisme multilingue qui existe dans plus de dix langues. Il est \u00e9galement le fondateur et le directeur de l&#8217;universit\u00e9 mystique \u00e9gyptienne en ligne<a href=\"https:\/\/www.egyptianmysticaluniversity.org\/\" target=\"_blank\" rel=\"noopener\" data-saferedirecturl=\"https:\/\/www.google.com\/url?q=https:\/\/www.egyptianmysticaluniversity.org&amp;source=gmail&amp;ust=1672148455839000&amp;usg=AOvVaw11uI7fxM9mFRN7qrhhPcQz\">(https:\/\/www.<wbr \/>EgyptianMysticalUniversity.org<\/a><wbr \/>). Une autre activit\u00e9 permanente a \u00e9t\u00e9 la cr\u00e9ation et la production de projets artistiques tels que l&#8217;op\u00e9rette Isis Rises<a href=\"https:\/\/www.isisrisesoperetta.com\/\" target=\"_blank\" rel=\"noopener\" data-saferedirecturl=\"https:\/\/www.google.com\/url?q=https:\/\/www.isisrisesoperetta.com&amp;source=gmail&amp;ust=1672148455839000&amp;usg=AOvVaw3rtxvLh-X_xgSrUxzhit8n\">(https:\/\/www.<wbr \/>isisrisesoperetta.com<\/a>), qui sera bient\u00f4t suivie de l&#8217;op\u00e9rette Horus The Initiate, ainsi que d&#8217;autres productions.<\/p>","protected":false},"excerpt":{"rendered":"<p>Qui sommes-nous L&#8217;Egyptian Wisdom Center a \u00e9t\u00e9 cr\u00e9\u00e9 dans le prolongement des objectifs de l&#8217;organisation \u00e0 but non lucratif Tehuti Research Foundation [&hellip;]<\/p>","protected":false},"author":3,"featured_media":60117,"parent":0,"menu_order":0,"comment_status":"closed","ping_status":"closed","template":"page-templates\/page_fullwidth.php","meta":{"footnotes":""},"class_list":["post-4330","page","type-page","status-publish","has-post-thumbnail","hentry"],"aioseo_notices":[],"_links":{"self":[{"href":"https:\/\/egyptianwisdomcenter.org\/zh\/wp-json\/wp\/v2\/pages\/4330","targetHints":{"allow":["GET"]}}],"collection":[{"href":"https:\/\/egyptianwisdomcenter.org\/zh\/wp-json\/wp\/v2\/pages"}],"about":[{"href":"https:\/\/egyptianwisdomcenter.org\/zh\/wp-json\/wp\/v2\/types\/page"}],"author":[{"embeddable":true,"href":"https:\/\/egyptianwisdomcenter.org\/zh\/wp-json\/wp\/v2\/users\/3"}],"replies":[{"embeddable":true,"href":"https:\/\/egyptianwisdomcenter.org\/zh\/wp-json\/wp\/v2\/comments?post=4330"}],"version-history":[{"count":0,"href":"https:\/\/egyptianwisdomcenter.org\/zh\/wp-json\/wp\/v2\/pages\/4330\/revisions"}],"wp:featuredmedia":[{"embeddable":true,"href":"https:\/\/egyptianwisdomcenter.org\/zh\/wp-json\/wp\/v2\/media\/60117"}],"wp:attachment":[{"href":"https:\/\/egyptianwisdomcenter.org\/zh\/wp-json\/wp\/v2\/media?parent=4330"}],"curies":[{"name":"wp","href":"https:\/\/api.w.org\/{rel}","templated":true}]}}