{"id":4386,"date":"2019-03-03T10:09:40","date_gmt":"2019-03-03T15:09:40","guid":{"rendered":"http:\/\/egyptianwisdomcenter.org\/le-monotheisme-egyptien-lone-et-le-polytheisme-le-tout\/"},"modified":"2023-01-07T06:39:58","modified_gmt":"2023-01-07T11:39:58","slug":"le-monotheisme-egyptien-lone-et-le-polytheisme-le-tout","status":"publish","type":"page","link":"https:\/\/egyptianwisdomcenter.org\/zh\/le-monotheisme-egyptien-lone-et-le-polytheisme-le-tout\/","title":{"rendered":"Le Monoth\u00e9isme \u00c9gyptien (l&#8217;Un) Et Le Polyth\u00e9isme (Le Tout)"},"content":{"rendered":"<h2 style=\"text-align: center;\"><span style=\"color: #0000ff;\">Le Monoth\u00e9isme \u00c9gyptien (l&#8217;Un) Et Le Polyth\u00e9isme (Le Tout)<\/span><\/h2>\n<h3><\/h3>\n<h3><span style=\"color: #ff0000;\">L&#8217;un Est Tout<\/span><\/h3>\n<p>Les anciens \u00c9gyptiens croyaient en un seul Dieu qui \u00e9tait auto-produit, inexistant, immortel, invisible, \u00e9ternel, omniscient, tout-puissant, etc. Ce Dieu unique n&#8217;a jamais \u00e9t\u00e9 repr\u00e9sent\u00e9. Ce sont les fonctions et les attributs de son domaine qui \u00e9taient repr\u00e9sent\u00e9s. Ces attributs ont \u00e9t\u00e9 appel\u00e9s <em><strong>\u5185\u6cf0\u9c81<\/strong><\/em> (prononc\u00e9 <em>\u7f51\u7edc-er-u<\/em>, singulier: <em><strong>\u5185\u7279<\/strong><\/em> dans la forme masculine et <em><strong>\u5185\u7279\u7279<\/strong><\/em> dans la forme f\u00e9minine). Le terme, <em>dieux<\/em>, est une fausse repr\u00e9sentation du terme \u00e9gyptien, <em><strong>\u5185\u6cf0\u9c81<\/strong><\/em>.<\/p>\n<p>Quand nous demandons: \u00abqui est Dieu?\u00bb, nous demandons vraiment: \u00abqu&#8217;est-ce que Dieu?\u00bb. Le simple nom ou substantif ne nous dit rien. On ne peut d\u00e9finir <em>Dieu<\/em> qu&#8217;\u00e0 travers la multitude de ses attributs\/qualit\u00e9s\/pouvoirs\/actions. C&#8217;est la seule fa\u00e7on logique, parce que si nous nous r\u00e9f\u00e9rons \u00e0, disons, une personne comme M. X, cela ne signifie rien pour nous. Cependant, une fois que nous d\u00e9crivons ses attributs et ses qualit\u00e9s, nous commen\u00e7ons \u00e0 le conna\u00eetre. Une personne qui est un ing\u00e9nieur, un p\u00e8re, un mari,&#8230; etc. n&#8217;a pas de poly-personnalit\u00e9s, mais plut\u00f4t une mono-personnalit\u00e9 avec de multiples fonctions\/attributs. Pour les Egyptiens antiques et <em>baladi<\/em> , le concept de Dieu est semblable.<\/p>\n<p>Conna\u00eetre \u00abDieu\u00bb, c&#8217;est conna\u00eetre les nombreuses qualit\u00e9s de \u00abDieu\u00bb. Plus nous apprenons de ces qualit\u00e9s (connues sous le nom de <strong><em>le neteru<\/em><\/strong>), plus nous approchons de notre origine divine. Loin d&#8217;\u00eatre une forme primitive et polyth\u00e9iste, c&#8217;est la plus haute expression du mysticisme monoth\u00e9iste.<\/p>\n<h3><span style=\"color: #ff0000;\">L&#8217;un Rejoint Ensemble<\/span><\/h3>\n<p>Dans les traditions \u00e9gyptiennes antiques, <em><strong>\u62c9<\/strong><\/em> repr\u00e9sente la force primitive, cosmique, cr\u00e9atrice. La <em>\u8fde\u7977\u6587<\/em> d\u00e9crit <em><strong>RA<\/strong><\/em> comme celui <em>joint ensemble, qui sort de ses propres membres<\/em>. La d\u00e9finition \u00e9gyptienne ancienne de RA est la repr\u00e9sentation parfaite de l&#8217;unit\u00e9 qui comprend la mise en place des nombreuses entit\u00e9s diverses, c&#8217;est-\u00e0-dire celui <em>qui est le tout<\/em>. La <em>Litany de RA<\/em> d\u00e9crit les aspects du principe cr\u00e9atif: \u00eatre reconnu comme le <em>\u5185\u6cf0\u9c81<\/em> (dieux) dont les actions et les interactions \u00e0 son tour ont cr\u00e9\u00e9 l&#8217;univers. Ainsi, tous les <em><strong>\u5185\u6cf0\u9c81<\/strong><\/em> \u00e9gyptiens qui ont particip\u00e9 au processus de cr\u00e9ation sont des aspects de la <em><strong>RA<\/strong><\/em>. Il y a 75 formes ou aspects de la <em><strong>RA<\/strong><\/em>.<\/p>\n<p>L&#8217;\u00e9nergie solaire n&#8217;est qu&#8217;une des nombreuses manifestations de la <em><strong>RA<\/strong><\/em>. Que <em><strong>RA<\/strong><\/em> n&#8217;est pas seulement le soleil (seulement une forme singuli\u00e8re), a \u00e9galement \u00e9t\u00e9 confirm\u00e9e dans le verset suivant de l&#8217; <em>histoire de <strong>RA<\/strong> \u7b49 <strong>\u5965\u585e\u7279<\/strong><\/em> (ISIS), dans lequel <em><strong>RA<\/strong><\/em> \u00c9tats,<\/p>\n<blockquote><p><strong><em>J&#8217;ai une multitude de noms et de multiples formes.<\/em><\/strong><\/p><\/blockquote>\n<hr \/>\n<p><!-- ED Egyptian Divinities --><strong><span style=\"color: #ff0000;\">Pour plus d&#8217;informations sur les r\u00f4les et les fonctions de <strong><em>\u5185\u6cf0\u9c81<\/em><\/strong> dans l&#8217;univers, le symbolisme animal, et les explications des divinit\u00e9s \u00e9minentes dans le syst\u00e8me \u00e9gyptien, lire:<\/span><\/strong><\/p>\n<ul>\n<li><span style=\"color: #ff0000;\"><em><strong>Cosmologie \u00c9gyptienne, L\u2019Univers Anim\u00e9, Troisi\u00e8me \u00c9dition de Moustafa Gadalla<\/strong><\/em><\/span><\/li>\n<li><span style=\"color: #ff0000;\"><strong><em>Egyptian Divinities: The All Who Are THE ONE, <\/em><\/strong><em>2<\/em><em><sup>ND<\/sup> ed.<\/em><\/span><\/li>\n<\/ul>\n<p>&nbsp;<\/p>\n<p><span style=\"color: #0000ff;\"><strong>https:\/\/egyptianwisdomcenter.org\/product\/cosmologie-egyptienne\/<\/strong><\/span><\/p>\n<p><img decoding=\"async\" class=\"aligncenter\" src=\"https:\/\/books2read-prod.s3.amazonaws.com\/CACHE\/images\/ubl_book_images\/book_display_image_Dh1x7kq\/3f460eb5f749c07aa22cc7e8d83dff12\" \/><\/p>\n<p style=\"text-align: center;\"><span style=\"color: #0000ff;\"><strong>https:\/\/egyptianwisdomcenter.org\/product\/cosmologie-egyptienne\/<\/strong><\/span><\/p>\n<p>&nbsp;<\/p>\n<hr \/>\n<p><a href=\"https:\/\/egypt-tehuti.org\/product\/07-details-80-egyptian-divinities-gods-goddesses-specific-roles\/\"><img decoding=\"async\" class=\"aligncenter\" src=\"https:\/\/fr.egyptianwisdomcenter.org\/wp-content\/uploads\/2019\/02\/cover-ed-225x338-225x338.jpg\" alt=\"Egyptian Divinities: The All Who Are THE ONE, 2nd ed.\" \/><\/a><\/p>\n<p class=\"tw-data-text tw-text-large XcVN5d tw-ta\" dir=\"ltr\" data-placeholder=\"Translation\">","protected":false},"excerpt":{"rendered":"<p>Le Monoth\u00e9isme \u00c9gyptien (l&#8217;Un) Et Le Polyth\u00e9isme (Le Tout) L&#8217;un Est Tout Les anciens \u00c9gyptiens croyaient en un seul Dieu qui \u00e9tait [&hellip;]<\/p>","protected":false},"author":3,"featured_media":0,"parent":0,"menu_order":0,"comment_status":"closed","ping_status":"closed","template":"","meta":{"footnotes":""},"class_list":["post-4386","page","type-page","status-publish","hentry"],"aioseo_notices":[],"_links":{"self":[{"href":"https:\/\/egyptianwisdomcenter.org\/zh\/wp-json\/wp\/v2\/pages\/4386","targetHints":{"allow":["GET"]}}],"collection":[{"href":"https:\/\/egyptianwisdomcenter.org\/zh\/wp-json\/wp\/v2\/pages"}],"about":[{"href":"https:\/\/egyptianwisdomcenter.org\/zh\/wp-json\/wp\/v2\/types\/page"}],"author":[{"embeddable":true,"href":"https:\/\/egyptianwisdomcenter.org\/zh\/wp-json\/wp\/v2\/users\/3"}],"replies":[{"embeddable":true,"href":"https:\/\/egyptianwisdomcenter.org\/zh\/wp-json\/wp\/v2\/comments?post=4386"}],"version-history":[{"count":0,"href":"https:\/\/egyptianwisdomcenter.org\/zh\/wp-json\/wp\/v2\/pages\/4386\/revisions"}],"wp:attachment":[{"href":"https:\/\/egyptianwisdomcenter.org\/zh\/wp-json\/wp\/v2\/media?parent=4386"}],"curies":[{"name":"wp","href":"https:\/\/api.w.org\/{rel}","templated":true}]}}