{"id":8474,"date":"2019-03-04T12:21:29","date_gmt":"2019-03-04T17:21:29","guid":{"rendered":"http:\/\/egyptianwisdomcenter.org\/uber-mich\/"},"modified":"2023-01-06T11:51:39","modified_gmt":"2023-01-06T16:51:39","slug":"uber-mich","status":"publish","type":"page","link":"https:\/\/egyptianwisdomcenter.org\/zh\/uber-mich\/","title":{"rendered":"\u00dcber mich"},"content":{"rendered":"<h2>\u00dcber uns<\/h2>\r\n<p>Das Egyptian Wisdom Center wurde von seinem Gr\u00fcnder, <strong>\u7a46\u65af\u5854\u6cd5\u00b7\u52a0\u8fbe\u62c9<\/strong>, als Erweiterung der Ziele der gemeinn\u00fctzigen Tehuti Research Foundation gegr\u00fcndet.<\/p>\r\n\r\n\r\n\r\n<p>Egyptian Wisdom Center ist eine Internet-Einrichtung, die umfangreiche, umfassende, wertvolle und n\u00fctzliche Informationen \u00fcber alt\u00e4gyptische Weisheit und Wissen bietet. Diese Internet-Anlage ist in etwa zehn Sprachen verf\u00fcgbar, um solche Informationen auf der ganzen Welt bereitzustellen.<\/p>\r\n<h2 style=\"text-align: left;\">Treffen Sie den Autor und Gr\u00fcnder<\/h2>\r\n<h2 style=\"text-align: left;\"><img fetchpriority=\"high\" decoding=\"async\" class=\"alignnone  wp-image-60114 alignright\" src=\"https:\/\/egyptianwisdomcenter.org\/wp-content\/uploads\/2022\/12\/q2vhvh7gbhgi9oghtb9hfrtk2l._SX450_-200x300.jpg\" alt=\"Author Moustafa Gadalla headshot\" width=\"293\" height=\"440\" \/><\/h2>\r\n<p dir=\"ltr\"><strong>\u7a46\u65af\u5854\u6cd5\u00b7\u52a0\u8fbe\u62c9<\/strong> ist ein \u00e4gyptisch-amerikanischer unabh\u00e4ngiger \u00c4gyptologe, der 1944 in Kairo, \u00c4gypten, geboren wurde. Er hat einen Bachelor of Science in Bauingenieurwesen von der Universit\u00e4t Kairo.<\/p>\r\n<p dir=\"ltr\">Seit seiner fr\u00fchen Kindheit verfolgte Gadalla seine alt\u00e4gyptischen Wurzeln mit Leidenschaft, durch kontinuierliches Studium und Forschung. Seit 1990 widmet er seine ganze Zeit der Forschung und dem Schreiben.<\/p>\r\n<p dir=\"ltr\">Gadalla ist Autor von zweiundzwanzig ver\u00f6ffentlichten, international anerkannten B\u00fcchern \u00fcber die verschiedenen Aspekte der alt\u00e4gyptischen Geschichte und Zivilisation und deren weltweiten Einfluss. Dar\u00fcber hinaus betreibt er ein multimediales Ressourcenzentrum f\u00fcr akkurate, lehrreiche Studien \u00fcber das alte \u00c4gypten, die in einer ansprechenden, praktischen und interessanten Art und Weise pr\u00e4sentiert werden, die f\u00fcr die breite \u00d6ffentlichkeit interessant ist.<\/p>\r\n<p>Er war der Gr\u00fcnder der Tehuti Research Foundation, die sp\u00e4ter in das mehrsprachige Egyptian Wisdom Center<a href=\"https:\/\/egyptianwisdomcenter.org\/zh\/\" target=\"_blank\" rel=\"noopener\" data-saferedirecturl=\"https:\/\/www.google.com\/url?q=https:\/\/www.egyptianwisdomcenter.org&amp;source=gmail&amp;ust=1672148455839000&amp;usg=AOvVaw1Ll6Q5CwXb6IWIJZCWCzjj\">(https:\/\/www.<wbr \/>egyptianwisdomcenter.org<\/a>) in mehr als zehn Sprachen integriert wurde. Er ist auch der Gr\u00fcnder und Leiter der \u00c4gyptischen Mystischen Online-Universit\u00e4t<a href=\"https:\/\/www.egyptianmysticaluniversity.org\/\" target=\"_blank\" rel=\"noopener\" data-saferedirecturl=\"https:\/\/www.google.com\/url?q=https:\/\/www.egyptianmysticaluniversity.org&amp;source=gmail&amp;ust=1672148455839000&amp;usg=AOvVaw11uI7fxM9mFRN7qrhhPcQz\">(https:\/\/www.<wbr \/>EgyptianMysticalUniversity.org<\/a><wbr \/>). Eine weitere kontinuierliche T\u00e4tigkeit ist die Kreation und Produktion von Kunstprojekten wie der Operette Isis Rises<a href=\"https:\/\/www.isisrisesoperetta.com\/\" target=\"_blank\" rel=\"noopener\" data-saferedirecturl=\"https:\/\/www.google.com\/url?q=https:\/\/www.isisrisesoperetta.com&amp;source=gmail&amp;ust=1672148455839000&amp;usg=AOvVaw3rtxvLh-X_xgSrUxzhit8n\">(https:\/\/www.<wbr \/>isisrisesoperetta.com<\/a>), der demn\u00e4chst die Operette Horus The Initiate folgen wird, sowie anderer Produktionen.<\/p>","protected":false},"excerpt":{"rendered":"<p>\u00dcber uns Das Egyptian Wisdom Center wurde von seinem Gr\u00fcnder, Moustafa Gadalla, als Erweiterung der Ziele der gemeinn\u00fctzigen Tehuti Research Foundation gegr\u00fcndet. [&hellip;]<\/p>","protected":false},"author":3,"featured_media":60118,"parent":0,"menu_order":0,"comment_status":"closed","ping_status":"closed","template":"page-templates\/page_fullwidth.php","meta":{"footnotes":""},"class_list":["post-8474","page","type-page","status-publish","has-post-thumbnail","hentry"],"aioseo_notices":[],"_links":{"self":[{"href":"https:\/\/egyptianwisdomcenter.org\/zh\/wp-json\/wp\/v2\/pages\/8474","targetHints":{"allow":["GET"]}}],"collection":[{"href":"https:\/\/egyptianwisdomcenter.org\/zh\/wp-json\/wp\/v2\/pages"}],"about":[{"href":"https:\/\/egyptianwisdomcenter.org\/zh\/wp-json\/wp\/v2\/types\/page"}],"author":[{"embeddable":true,"href":"https:\/\/egyptianwisdomcenter.org\/zh\/wp-json\/wp\/v2\/users\/3"}],"replies":[{"embeddable":true,"href":"https:\/\/egyptianwisdomcenter.org\/zh\/wp-json\/wp\/v2\/comments?post=8474"}],"version-history":[{"count":0,"href":"https:\/\/egyptianwisdomcenter.org\/zh\/wp-json\/wp\/v2\/pages\/8474\/revisions"}],"wp:featuredmedia":[{"embeddable":true,"href":"https:\/\/egyptianwisdomcenter.org\/zh\/wp-json\/wp\/v2\/media\/60118"}],"wp:attachment":[{"href":"https:\/\/egyptianwisdomcenter.org\/zh\/wp-json\/wp\/v2\/media?parent=8474"}],"curies":[{"name":"wp","href":"https:\/\/api.w.org\/{rel}","templated":true}]}}