{"id":61777,"date":"2023-01-05T16:07:28","date_gmt":"2023-01-05T21:07:28","guid":{"rendered":"https:\/\/egyptianwisdomcenter.org\/?post_type=product&#038;p=61777"},"modified":"2024-06-01T04:57:26","modified_gmt":"2024-06-01T08:57:26","slug":"les-pyramides-degypte-revisitees","status":"publish","type":"product","link":"https:\/\/egyptianwisdomcenter.org\/zh\/product\/les-pyramides-degypte-revisitees\/","title":{"rendered":"Les Pyramides d\u2019\u00c9gypte Revisit\u00e9es"},"content":{"rendered":"<p><strong>R\u00e9sum\u00e9 Complet<\/strong><\/p>\n<p>D\u00e9tails illustr\u00e9s sur les int\u00e9rieurs et les ext\u00e9rieurs des pyramides, la construction, et leurs v\u00e9ritables objectifs.<\/p>\n<p>Cette \u00e9dition traduite en fran\u00e7ais fournit une information compl\u00e8te au sujet des pyramides de l\u2019ancienne \u00c9gypte sur le plateau de Guiz\u00e8h, de m\u00eame que la \u00ab pyramide \u00bb de Zoser \u00e0 degr\u00e9s de Saqqarah et \u00e9galement les trois pyramides de Sn\u00e9frou, construites avant celles de Guizeh. Il inclut : les lieux et dimensions de l\u2019int\u00e9rieur et de l\u2019ext\u00e9rieur de ces pyramides, l\u2019histoire et les b\u00e2tisseurs des pyramides, les th\u00e9ories de construction, les th\u00e9ories relatives \u00e0 leur but et leur fonction, la g\u00e9om\u00e9trie sacr\u00e9e incorpor\u00e9e au plan des pyramides et beaucoup, beaucoup plus. Il aborde \u00e9galement le sujet des \u00ab Textes des Pyramides \u00bb et les ouvrages des grands pharaons qui succ\u00e9d\u00e8rent \u00e0 ceux de l\u2019\u00e9poque des pyramides.<\/p>\n<p>Cet ouvrage comprend sept parties richement illustr\u00e9es, pour un total de 18 chapitres.<\/p>\n<p>La Partie I: Vue d\u2019ensemble comprend les deux chapitres 1 et 2 suivants:<\/p>\n<p>Le Chapitre 1: Le contexte fournit une br\u00e8ve pr\u00e9sentation des \u00abth\u00e9ories\u00bb courantes et des contre-arguments s\u2019appuyant sur des faits r\u00e9els.<\/p>\n<p>Le Chapitre 2: Les v\u00e9ritables pyramides en ma\u00e7onnerie fournit une liste des pyramides \u00e9gyptiennes qui ont \u00e9t\u00e9 construites sous la 4e dynastie il y a environ 4500 ans.<\/p>\n<p>La Partie II : Comparaison des pyramides et des tombes comprend les deux chapitres 3 et 4:<\/p>\n<p>Le Chapitre 3: La \u201cpyramide \u00e0 degr\u00e9s de Dj\u00e9ser\u201d analyse en d\u00e9tail la superstructure et les chambres souterraines de cette pyramide.<\/p>\n<p>Le Chapitre 4: Les tombes fictives illustre les caract\u00e9ristiques d\u2019une tombe typique de l\u2019\u00c9gypte antique et ses diff\u00e9rences avec les int\u00e9rieurs des pyramides \u00e9gyptiennes en ma\u00e7onnerie de la 4e dynastie.<\/p>\n<p>La Partie III: Pyramides \u2013 Fonctions et Formes comprend les deux chapitres 5 et 6:<\/p>\n<p>Le Chapitre 5: Le complexe pyramidal montre combien la pyramide \u00e9gyptienne repr\u00e9sentait un \u00e9l\u00e9ment d\u2019un complexe, reli\u00e9 \u00e0 d\u2019autres temples. Il \u00e9tudie par ailleurs les diff\u00e9rences entre une pyramide et un temple en termes de fonctions et de formes, ainsi que la proportion \u00e9nerg\u00e9tique de ces structures.<\/p>\n<p>Le Chapitre 6: Le pouvoir des pyramides examine les variations de forme des pyramides \u00e9gyptiennes en ma\u00e7onnerie et la mani\u00e8re dont ces formes attirent, conservent et canalisent les \u00e9nergies cosmiques.<\/p>\n<p>La Partie IV: Les techniques de construction des pyramides comprend les deux chapitres 7 et 8:<\/p>\n<p>Le Chapitre 7: La \u201cth\u00e9orie commune\u201d erron\u00e9e pr\u00e9sente la \u201cth\u00e9orie\u201d commune en d\u00e9tail; la \u201csource\u201d non identifi\u00e9e des blocs extraits d\u2019une carri\u00e8re; l\u2019impossibilit\u00e9 de tailler et modeler les blocs des pyramides; la logistique impossible de la th\u00e9orie des rampes fabriqu\u00e9es; les trois immenses pyramides de Sn\u00e9frou judicieusement pass\u00e9es sous silence; et une liste d\u2019arguments r\u00e9futant la th\u00e9orie occidentale courante.<\/p>\n<p>Le Chapitre 8: Les faits mat\u00e9riels reprend les r\u00e9cits d\u2019H\u00e9rodote au sujet de la construction des pyramides; les techniques \u00e9gyptiennes de moulage; les diff\u00e9rences entre les blocs de pierres naturelles et synth\u00e9tiques; les diff\u00e9rents types de blocs en b\u00e9ton synth\u00e9tique; les qualit\u00e9s uniques des pierres de rev\u00eatement des pyramides; les faits suppl\u00e9mentaires \u2013 fond\u00e9s sur des preuves \u2013 en faveur des blocs en pierre synth\u00e9tique; et la mise en lumi\u00e8re des d\u00e9tails encore plus spectaculaires des pr\u00e9c\u00e9dents travaux de ma\u00e7onnerie \u00e0 Saqqarah.<\/p>\n<p>La Partie V: Les trois pyramides de Sn\u00e9frou comprend les chapitres 9 \u00e0 11:<\/p>\n<p>Le Chapitre 9: La pyramide Me\u00efdoum de Sn\u00e9frou pr\u00e9sente en d\u00e9tail les ext\u00e9rieurs et les int\u00e9rieurs de cette pyramide.<\/p>\n<p>Le Chapitre 10: La pyramide rhombo\u00efdale de Sn\u00e9frou pr\u00e9sente en d\u00e9tail les ext\u00e9rieurs et les int\u00e9rieurs de cette pyramide.<\/p>\n<p>Le Chapitre 11: La pyramide rouge de Sn\u00e9frou pr\u00e9sente en d\u00e9tail les ext\u00e9rieurs et les int\u00e9rieurs de cette pyramide.<\/p>\n<p>La Partie VI: Les trois pyramides de Guizeh comprend les quatre chapitres de 12 \u00e0 15:<\/p>\n<p>Le Chapitre 12: Le plateau de Guizeh propose un sch\u00e9ma d\u2019ensemble des principaux points d\u2019int\u00e9r\u00eats du plateau de Guizeh.<\/p>\n<p>Le Chapitre 13: La grande pyramide de Khoufou pr\u00e9sente en d\u00e9tail les ext\u00e9rieurs et les int\u00e9rieurs de cette pyramide.<\/p>\n<p>Le Chapitre 14: La pyramide de Khafr\u00ea pr\u00e9sente en d\u00e9tail les ext\u00e9rieurs et les int\u00e9rieurs de cette pyramide.<\/p>\n<p>Le Chapitre 15: La pyramide de Menkaour\u00ea pr\u00e9sente en d\u00e9tail les ext\u00e9rieurs et les int\u00e9rieurs de cette pyramide.<\/p>\n<p>La Partie VII: Apr\u00e8s les pyramides comprend les trois chapitres 16, 17 et 18:<\/p>\n<p>Le Chapitre 16: Mission accomplie aborde les objectifs des \u00c9gyptiens \u00e0 l\u2019origine de la construction des pyramides.<\/p>\n<p>Le Chapitre 17: Les textes des \u201cpyramides\u201d \u00e9tudie l\u2019origine de la caract\u00e9risation abusive de ces textes de la part des Occidentaux.<\/p>\n<p>Le Chapitre 18: Les grands pharaons de la post\u00e9rit\u00e9 fournit des r\u00e9cits sur de grands constructeurs des g\u00e9n\u00e9rations suivantes, plus puissants, qui ne b\u00e2tirent jamais de pyramides, puisque l\u2019objectif r\u00e9el avait \u00e9t\u00e9 r\u00e9alis\u00e9 sous la 4e dynastie.<\/p>","protected":false},"excerpt":{"rendered":"<p>par <a class=\"contributor-name\" translate=\"no\" href=\"https:\/\/egyptianwisdomcenter.org\/fr\/a-propos\/\" data-force-track=\"\" data-track-info=\"{&quot;description&quot;:&quot;authorSearch&quot;,&quot;author&quot;:&quot;Moustafa Gadalla&quot;}\">\u7a46\u65af\u5854\u6cd5\u00b7\u52a0\u8fbe\u62c9<\/a><\/p>\n<hr \/>\n<p><strong>R\u00e9sum\u00e9<\/strong><\/p>\n<p>D\u00e9tails illustr\u00e9s sur les int\u00e9rieurs et les ext\u00e9rieurs des pyramides, la construction, et leurs v\u00e9ritables objectifs.<\/p>\n<p>Cette \u00e9dition traduite en fran\u00e7ais fournit une information compl\u00e8te au sujet des pyramides de l\u2019ancienne \u00c9gypte sur le plateau de Guiz\u00e8h, de m\u00eame que la \u00ab pyramide \u00bb de Zoser \u00e0 degr\u00e9s de Saqqarah et \u00e9galement les trois pyramides de Sn\u00e9frou, construites avant celles de Guizeh. Il inclut : les lieux et dimensions de l\u2019int\u00e9rieur et de l\u2019ext\u00e9rieur de ces pyramides, l\u2019histoire et les b\u00e2tisseurs des pyramides, les th\u00e9ories de construction, les th\u00e9ories relatives \u00e0 leur but et leur fonction, la g\u00e9om\u00e9trie sacr\u00e9e incorpor\u00e9e au plan des pyramides et beaucoup, beaucoup plus. Il aborde \u00e9galement le sujet des \u00ab Textes des Pyramides \u00bb et les ouvrages des grands pharaons qui succ\u00e9d\u00e8rent \u00e0 ceux de l\u2019\u00e9poque des pyramides.<\/p>\n<hr \/>\n<p><center><br \/>\n<a class=\"button minimal\" href=\"https:\/\/books2read.com\/u\/meG7El\" target=\"_blank\" rel=\"noopener\">VOIR LES OPTIONS D\u2019ACHAT<\/a><\/center><center><\/center><center><br \/>\n<a href=\"https:\/\/www.amazon.fr\/pyramides-d%C3%89gypte-revisit%C3%A9es-Moustafa-Gadalla-ebook\/dp\/B07CT316W8\" target=\"_blank\" rel=\"noopener\"><img decoding=\"async\" class=\"alignnone size-full wp-image-68972\" src=\"https:\/\/egyptianwisdomcenter.org\/wp-content\/uploads\/2023\/01\/pyramide.png\" alt=\"\" width=\"249\" height=\"35\" srcset=\"https:\/\/egyptianwisdomcenter.org\/wp-content\/uploads\/2023\/01\/pyramide.png 249w, https:\/\/egyptianwisdomcenter.org\/wp-content\/uploads\/2023\/01\/pyramide-18x3.png 18w, https:\/\/egyptianwisdomcenter.org\/wp-content\/uploads\/2023\/01\/pyramide-230x32.png 230w\" sizes=\"(max-width: 249px) 100vw, 249px\" \/><\/a><\/center><\/p>","protected":false},"featured_media":61778,"comment_status":"open","ping_status":"closed","template":"","meta":[],"product_brand":[],"product_cat":[98,102],"product_tag":[],"class_list":{"0":"post-61777","1":"product","2":"type-product","3":"status-publish","4":"has-post-thumbnail","6":"product_cat-edition-francaise","7":"product_cat-edition-francaise-2","9":"first","10":"instock","11":"shipping-taxable","12":"product-type-simple"},"aioseo_notices":[],"_links":{"self":[{"href":"https:\/\/egyptianwisdomcenter.org\/zh\/wp-json\/wp\/v2\/product\/61777","targetHints":{"allow":["GET"]}}],"collection":[{"href":"https:\/\/egyptianwisdomcenter.org\/zh\/wp-json\/wp\/v2\/product"}],"about":[{"href":"https:\/\/egyptianwisdomcenter.org\/zh\/wp-json\/wp\/v2\/types\/product"}],"replies":[{"embeddable":true,"href":"https:\/\/egyptianwisdomcenter.org\/zh\/wp-json\/wp\/v2\/comments?post=61777"}],"wp:featuredmedia":[{"embeddable":true,"href":"https:\/\/egyptianwisdomcenter.org\/zh\/wp-json\/wp\/v2\/media\/61778"}],"wp:attachment":[{"href":"https:\/\/egyptianwisdomcenter.org\/zh\/wp-json\/wp\/v2\/media?parent=61777"}],"wp:term":[{"taxonomy":"product_brand","embeddable":true,"href":"https:\/\/egyptianwisdomcenter.org\/zh\/wp-json\/wp\/v2\/product_brand?post=61777"},{"taxonomy":"product_cat","embeddable":true,"href":"https:\/\/egyptianwisdomcenter.org\/zh\/wp-json\/wp\/v2\/product_cat?post=61777"},{"taxonomy":"product_tag","embeddable":true,"href":"https:\/\/egyptianwisdomcenter.org\/zh\/wp-json\/wp\/v2\/product_tag?post=61777"}],"curies":[{"name":"wp","href":"https:\/\/api.w.org\/{rel}","templated":true}]}}