{"id":62923,"date":"2023-01-10T15:36:04","date_gmt":"2023-01-10T20:36:04","guid":{"rendered":"https:\/\/egyptianwisdomcenter.org\/?post_type=product&#038;p=62923"},"modified":"2024-06-01T04:43:46","modified_gmt":"2024-06-01T08:43:46","slug":"el-origen-egipcio-sin-mancha-por-que-el-antiguo-egipto-importa","status":"publish","type":"product","link":"https:\/\/egyptianwisdomcenter.org\/zh\/product\/el-origen-egipcio-sin-mancha-por-que-el-antiguo-egipto-importa\/","title":{"rendered":"El Origen Egipcio Sin Mancha Por Qu\u00e9 El Antiguo Egipto Importa"},"content":{"rendered":"<p><strong>DESCRIPCI\u00d3N LARGA<\/strong><\/p>\n<p>Los temas presentados tratan de:<\/p>\n<p>\u2013 Nuestro lugar en el universo y su funcionamiento.<\/p>\n<p>\u2013 La comprensi\u00f3n de uno mismo y c\u00f3mo organizar nuestras energ\u00edas internas para que vivamos felices y sanos.<\/p>\n<p>\u2013 Problemas y soluciones antiguos [egipcios] para cuestiones pol\u00edticas, sociales y econ\u00f3micas.<\/p>\n<p>\u2013 C\u00f3mo lograr una convivencia pac\u00edfica entre los pueblos, la tierra y los recursos naturales, que tambi\u00e9n est\u00e1 relacionado con mantener el entorno limpio.<\/p>\n<p>\u2013 La comprensi\u00f3n y la implantaci\u00f3n de los principios arm\u00f3nicos en la construcci\u00f3n de las edificaciones.<\/p>\n<p>\u2013 La valoraci\u00f3n del arte, sus funciones y aplicaciones de un modo arm\u00f3nico.<\/p>\n<p>\u2013 La naturaleza intemporal de la civilizaci\u00f3n del Antiguo Egipto.<\/p>","protected":false},"excerpt":{"rendered":"<p>por <a href=\"https:\/\/egyptianwisdomcenter.org\/es\/sobre\/\">\u7a46\u65af\u5854\u6cd5\u00b7\u52a0\u8fbe\u62c9<\/a><\/p>\n<hr \/>\n<p><strong>Resumen<\/strong><\/p>\n<p>Esta edici\u00f3n tiene por objeto proporcionar un breve panorama general de algunos aspectos de la civilizaci\u00f3n del Antiguo Egipto que nos pueden servir bien hoy en d\u00eda en nuestra vida diaria, no importa d\u00f3nde estemos en este mundo. El libro abarca cuestiones tales como el auto empoderamiento, mejoras para presentar temas pol\u00edticos, sociales, econ\u00f3micos y ambientales, reconocimiento e implementaciones de principios arm\u00f3nicos en nuestras obras y acciones, etc.<\/p>\n<p><a href=\"https:\/\/egyptianwisdomcenter.org\/wp-content\/uploads\/2023\/01\/El-Origen-Egipcio-Sin-Mancha-1476285336.pdf\">Vista previa ahora (PDF)<\/a><\/p>\n<hr \/>\n<p><center><br \/>\n<a class=\"button minimal\" href=\"https:\/\/books2read.com\/u\/mlM2Nv\" target=\"_blank\" rel=\"noopener\">Ver opciones de compra<\/a><\/center><center><\/center><center><a href=\"https:\/\/www.amazon.fr\/El-Origen-Egipcio-Sin-Mancha\/dp\/1521584478#customerReviews\" target=\"_blank\" rel=\"noopener\"><img decoding=\"async\" class=\"alignnone size-full wp-image-69011\" src=\"https:\/\/egyptianwisdomcenter.org\/wp-content\/uploads\/2023\/01\/Capture.png\" alt=\"\" width=\"243\" height=\"26\" srcset=\"https:\/\/egyptianwisdomcenter.org\/wp-content\/uploads\/2023\/01\/Capture.png 243w, https:\/\/egyptianwisdomcenter.org\/wp-content\/uploads\/2023\/01\/Capture-18x2.png 18w, https:\/\/egyptianwisdomcenter.org\/wp-content\/uploads\/2023\/01\/Capture-230x25.png 230w\" sizes=\"(max-width: 243px) 100vw, 243px\" \/><\/a><\/center><\/p>","protected":false},"featured_media":62924,"comment_status":"open","ping_status":"closed","template":"","meta":[],"product_brand":[],"product_cat":[112,111],"product_tag":[],"class_list":{"0":"post-62923","1":"product","2":"type-product","3":"status-publish","4":"has-post-thumbnail","6":"product_cat-edicion-espanola","7":"product_cat-espanol","9":"first","10":"instock","11":"shipping-taxable","12":"product-type-simple"},"aioseo_notices":[],"_links":{"self":[{"href":"https:\/\/egyptianwisdomcenter.org\/zh\/wp-json\/wp\/v2\/product\/62923","targetHints":{"allow":["GET"]}}],"collection":[{"href":"https:\/\/egyptianwisdomcenter.org\/zh\/wp-json\/wp\/v2\/product"}],"about":[{"href":"https:\/\/egyptianwisdomcenter.org\/zh\/wp-json\/wp\/v2\/types\/product"}],"replies":[{"embeddable":true,"href":"https:\/\/egyptianwisdomcenter.org\/zh\/wp-json\/wp\/v2\/comments?post=62923"}],"wp:featuredmedia":[{"embeddable":true,"href":"https:\/\/egyptianwisdomcenter.org\/zh\/wp-json\/wp\/v2\/media\/62924"}],"wp:attachment":[{"href":"https:\/\/egyptianwisdomcenter.org\/zh\/wp-json\/wp\/v2\/media?parent=62923"}],"wp:term":[{"taxonomy":"product_brand","embeddable":true,"href":"https:\/\/egyptianwisdomcenter.org\/zh\/wp-json\/wp\/v2\/product_brand?post=62923"},{"taxonomy":"product_cat","embeddable":true,"href":"https:\/\/egyptianwisdomcenter.org\/zh\/wp-json\/wp\/v2\/product_cat?post=62923"},{"taxonomy":"product_tag","embeddable":true,"href":"https:\/\/egyptianwisdomcenter.org\/zh\/wp-json\/wp\/v2\/product_tag?post=62923"}],"curies":[{"name":"wp","href":"https:\/\/api.w.org\/{rel}","templated":true}]}}