{"id":63011,"date":"2023-01-10T16:49:18","date_gmt":"2023-01-10T21:49:18","guid":{"rendered":"https:\/\/egyptianwisdomcenter.org\/?post_type=product&#038;p=63011"},"modified":"2024-06-01T04:46:46","modified_gmt":"2024-06-01T08:46:46","slug":"misticos-egipcios-buscadores-del-camino","status":"publish","type":"product","link":"https:\/\/egyptianwisdomcenter.org\/zh\/product\/misticos-egipcios-buscadores-del-camino\/","title":{"rendered":"M\u00edsticos Egipcios \u2013 Buscadores Del Camino"},"content":{"rendered":"<p><strong>DESCRIPCI\u00d3N LARGA<\/strong><\/p>\n<p>Este libro consta de cuatro partes con un total de nueve cap\u00edtulos y un anexo.<\/p>\n<p>Parte I: El tesoro escondido que se compone de dos cap\u00edtulos:<\/p>\n<p>Cap\u00edtulo 1: Misticismo egipcio y sufismo islamizado que abarcar\u00e1 las diferencias entre las rutas dogm\u00e1tica y m\u00edstica y c\u00f3mo el Antiguo Egipto es la fuente del sufismo y la alquimia.<\/p>\n<p>Cap\u00edtulo 2: El tesoro interior que abarcar\u00e1 las limitaciones de los \u00f3rganos de percepci\u00f3n de los seres humanos y c\u00f3mo encontrar las realidades con tales limitaciones.<\/p>\n<p>Parte II: Transformaci\u00f3n de polvo en oro que se compone de tres cap\u00edtulos, del 3 al 5:<\/p>\n<p>Cap\u00edtulo 3: El camino del alquimista que abarcar\u00e1 la fuente de la alquimia en el Antiguo Egipto; y la progresi\u00f3n a lo largo del camino del alquimista; y el papel de un gu\u00eda en el proceso.<\/p>\n<p>Cap\u00edtulo 4: El proceso de purificaci\u00f3n que abarcar\u00e1 tanto la purificaci\u00f3n exterior como interior a trav\u00e9s del proceso de vida en el mundo.<\/p>\n<p>Cap\u00edtulo 5: El camino a las revelaciones que abarcar\u00e1 los m\u00e9todos con los cuales un aspirante m\u00edstico puede encontrar el conocimiento mediante las revelaciones.<\/p>\n<p>Parte III: Las ferias de visitaci\u00f3n p\u00fablica que se compone de tres cap\u00edtulos, del 6 al 8:<\/p>\n<p>Cap\u00edtulo 6: Las festividades de renovaci\u00f3n c\u00edclica que abarcar\u00e1 la importancia de la celebraci\u00f3n y la participaci\u00f3n en las festividades anuales.<\/p>\n<p>Cap\u00edtulo 7: Las ferias espiritualizadas egipcias (mouleds) que abarcar\u00e1 los elementos principales de una festividad t\u00edpica.<\/p>\n<p>Cap\u00edtulo 8: Temas egipcios de festividades tradicionales de San Nicol\u00e1s que abarcar\u00e1 una comparaci\u00f3n entre las conocidas com\u00fanmente como las tradiciones navide\u00f1as de San Nicol\u00e1s (Santa Claus) y una festividad t\u00edpica del Antiguo Egipto de un santo popular.<\/p>\n<p>Parte IV: Llega uno llegan todos que se compone de un solo cap\u00edtulo, el 9.<\/p>\n<p>Cap\u00edtulo 9: Formaciones de hermandades que abarcar\u00e1 la estructura y pr\u00e1cticas generales para formar\/participar en una hermandad m\u00edstica.<\/p>\n<p>Los contenidos de los dos anexos se desprenden claramente del t\u00edtulo de cada uno ellos:<\/p>\n<p>Anexo A: T\u00e9rminos suf\u00edes diversos y sus ra\u00edces del Antiguo Egipto<\/p>","protected":false},"excerpt":{"rendered":"<p>por <a href=\"https:\/\/egyptianwisdomcenter.org\/es\/sobre\/\">\u7a46\u65af\u5854\u6cd5\u00b7\u52a0\u8fbe\u62c9<\/a><\/p>\n<hr \/>\n<p><strong>Resumen<\/strong><\/p>\n<p>Esta Edici\u00f3n explica c\u00f3mo el Antiguo Egipto es el origen de la alquimia y el sufismo actual, y c\u00f3mo los m\u00edsticos de Egipto camuflan sus pr\u00e1cticas con una fina capa del Islam. El libro tambi\u00e9n explica la progresi\u00f3n del camino hacia la iluminaci\u00f3n m\u00edstica, con una explicaci\u00f3n coherente de sus fundamentos y pr\u00e1cticas. Se muestra la correspondencia entre el calendario del Egipto antiguo de los acontecimientos y los ciclos c\u00f3smicos del universo.<\/p>\n<p><a href=\"https:\/\/egyptianwisdomcenter.org\/wp-content\/uploads\/2023\/01\/MISTICOS-EGIPCIOS-1494962942.pdf\">Vista previa ahora (PDF)<\/a><\/p>\n<hr \/>\n<p><center><br \/>\n<a class=\"button minimal\" href=\"https:\/\/books2read.com\/u\/3J5X9Q\" target=\"_blank\" rel=\"noopener\">Ver opciones de compra<\/a><\/center><center><\/center><center><\/center><center><a href=\"https:\/\/www.amazon.com\/-\/es\/Moustafa-Gadalla\/dp\/1521749817\" target=\"_blank\" rel=\"noopener\"><img decoding=\"async\" class=\"alignnone size-full wp-image-69016\" src=\"https:\/\/egyptianwisdomcenter.org\/wp-content\/uploads\/2023\/01\/Capture-3.png\" alt=\"\" width=\"277\" height=\"30\" srcset=\"https:\/\/egyptianwisdomcenter.org\/wp-content\/uploads\/2023\/01\/Capture-3.png 277w, https:\/\/egyptianwisdomcenter.org\/wp-content\/uploads\/2023\/01\/Capture-3-18x2.png 18w, https:\/\/egyptianwisdomcenter.org\/wp-content\/uploads\/2023\/01\/Capture-3-230x25.png 230w\" sizes=\"(max-width: 277px) 100vw, 277px\" \/><\/a><\/center><\/p>","protected":false},"featured_media":63012,"comment_status":"open","ping_status":"closed","template":"","meta":[],"product_brand":[],"product_cat":[112,111],"product_tag":[],"class_list":{"0":"post-63011","1":"product","2":"type-product","3":"status-publish","4":"has-post-thumbnail","6":"product_cat-edicion-espanola","7":"product_cat-espanol","9":"first","10":"instock","11":"shipping-taxable","12":"product-type-simple"},"aioseo_notices":[],"_links":{"self":[{"href":"https:\/\/egyptianwisdomcenter.org\/zh\/wp-json\/wp\/v2\/product\/63011","targetHints":{"allow":["GET"]}}],"collection":[{"href":"https:\/\/egyptianwisdomcenter.org\/zh\/wp-json\/wp\/v2\/product"}],"about":[{"href":"https:\/\/egyptianwisdomcenter.org\/zh\/wp-json\/wp\/v2\/types\/product"}],"replies":[{"embeddable":true,"href":"https:\/\/egyptianwisdomcenter.org\/zh\/wp-json\/wp\/v2\/comments?post=63011"}],"wp:featuredmedia":[{"embeddable":true,"href":"https:\/\/egyptianwisdomcenter.org\/zh\/wp-json\/wp\/v2\/media\/63012"}],"wp:attachment":[{"href":"https:\/\/egyptianwisdomcenter.org\/zh\/wp-json\/wp\/v2\/media?parent=63011"}],"wp:term":[{"taxonomy":"product_brand","embeddable":true,"href":"https:\/\/egyptianwisdomcenter.org\/zh\/wp-json\/wp\/v2\/product_brand?post=63011"},{"taxonomy":"product_cat","embeddable":true,"href":"https:\/\/egyptianwisdomcenter.org\/zh\/wp-json\/wp\/v2\/product_cat?post=63011"},{"taxonomy":"product_tag","embeddable":true,"href":"https:\/\/egyptianwisdomcenter.org\/zh\/wp-json\/wp\/v2\/product_tag?post=63011"}],"curies":[{"name":"wp","href":"https:\/\/api.w.org\/{rel}","templated":true}]}}